{"id":9738,"date":"2022-05-13T16:31:21","date_gmt":"2022-05-13T14:31:21","guid":{"rendered":"https:\/\/acuredge.com\/accueil-fr-2\/"},"modified":"2025-11-07T14:43:53","modified_gmt":"2025-11-07T13:43:53","slug":"accueil-fr-2","status":"publish","type":"page","link":"https:\/\/acuredge.com\/de\/","title":{"rendered":"Accueil DE"},"content":{"rendered":"\n<div class=\"block slider-home \" id=\"block_8bef93d256d43782a7d0538dea19a581\">\n\n\t<div class=\"swiper-container\">\n\n\t\t\n\t\t\t<div class=\"swiper-wrapper\" id=\"slider-home-69def1f3c01c1\">\n\n\t\t\t\t\n\t\t\t            <div class=\"swiper-slide slide-manual\">\n\n\t\t\t            \t<div class=\"content\">\n\n\t\t\t            \t\t<div class=\"inner\">\n\n\t\t\t            \t\t\t\t\t\t\t\t  \n\t\t\t\t\t                \n\t\t\t\t\t                    <h2 class=\"block-title\">\n\t\t\t\t\t                    \t\t\t\t\t\t                \t\t<strong>Acuredge ist Mitbegr\u00fcnder von Iskera, dem europ\u00e4ischen Marktf\u00fchrer f\u00fcr GRC-Technologie<\/strong>\n<\/h2>\n\t\t\t\t\t                \n\t\t\t\t\t                \t\t\t\t\t                \t<p class=\"excerpt\">Iskera, europ\u00e4ischer Marktf\u00fchrer im Bereich Governance-, Risiko- und Compliance-Technologien (GRC), vereint anerkanntes Fachwissen, um Unternehmen dabei zu helfen, ihre Risiken zu kontrollieren und ihre Governance-Leistung zu st\u00e4rken.<\/p>\n\t\t\t\t\t                \n\t\t\t\t\t                \t\t\t\t\t                \t\n\t\t<a href=\"https:\/\/iskera.com\/\" target=\"_self\"  class=\"btn btn-arrow\">Erfahren Sie mehr \u00fcber Iskera<span class=\"arrow\" aria-hidden=\"true\"><span class=\"arrow-inner\"><\/span><\/span><\/a>\n\t\t\t\t\t\t                \n\t\t\t\t\t            <\/div>\n\n\t\t\t\t\t            <span class=\"circle\"><\/span>\n\n\t\t\t            \t<\/div>\n\n\t\t\t            \t\n\t\t\t            \t <picture>\n\n\t\t\t\t\t\t\t\t<source\n\t\t\t\t\t\t\t    media=\"(min-width: 768px)\"\n\t\t\t\t\t\t\t    sizes=\"100vw\"\n\t\t\t\t\t\t\t    srcset=\"https:\/\/acuredge.com\/wp-content\/uploads\/2022\/05\/image-route-1800x650.png 1800w\">\n\t\t\t\t\t\t\t   \n\t\t\t\t\t\t\t    <img loading=\"lazy\" decoding=\"async\"\n\t\t\t\t\t\t\t    src=\"https:\/\/acuredge.com\/wp-content\/uploads\/2022\/05\/image-route-768x650.png\" alt=\"\" class=\"bg-image\" width=\"768\" height=\"650\">\n\n\t\t\t\t\t\t\t<\/picture>\n\n\t\t\t            <\/div>\n\n\t\t\t        \n\t\t\t            <div class=\"swiper-slide slide-manual\">\n\n\t\t\t            \t<div class=\"content\">\n\n\t\t\t            \t\t<div class=\"inner\">\n\n\t\t\t            \t\t\t\t\t\t\t\t  \n\t\t\t\t\t                \n\t\t\t\t\t                    <h2 class=\"block-title\">\n\t\t\t\t\t                    \t\t\t\t\t\t                \t\tVereinfachen Sie das <strong>DORA<\/strong>-Management mit <strong>Acuredge<\/strong>\n<\/h2>\n\t\t\t\t\t                \n\t\t\t\t\t                \t\t\t\t\t                \t<p class=\"excerpt\">Mit der Acuredge-L\u00f6sung k\u00f6nnen Sie das Register of Information (ROI) pflegen, den Bericht automatisch generieren, der an die zust\u00e4ndigen Beh\u00f6rden gesendet werden soll, und DORA-Vorfallsmeldungen verwalten.<\/p>\n\t\t\t\t\t                \n\t\t\t\t\t                \n\t\t\t\t\t            <\/div>\n\n\t\t\t\t\t            <span class=\"circle\"><\/span>\n\n\t\t\t            \t<\/div>\n\n\t\t\t            \t\n\t\t\t            \t <picture>\n\n\t\t\t\t\t\t\t\t<source\n\t\t\t\t\t\t\t    media=\"(min-width: 768px)\"\n\t\t\t\t\t\t\t    sizes=\"100vw\"\n\t\t\t\t\t\t\t    srcset=\"https:\/\/acuredge.com\/wp-content\/uploads\/2025\/10\/StockSnap_9EJOFXLU6M-1-1800x650.jpg 1800w\">\n\t\t\t\t\t\t\t   \n\t\t\t\t\t\t\t    <img loading=\"lazy\" decoding=\"async\"\n\t\t\t\t\t\t\t    src=\"https:\/\/acuredge.com\/wp-content\/uploads\/2025\/10\/StockSnap_9EJOFXLU6M-1-768x650.jpg\" alt=\"\" class=\"bg-image\" width=\"768\" height=\"650\">\n\n\t\t\t\t\t\t\t<\/picture>\n\n\t\t\t            <\/div>\n\n\t\t\t        \n\t\t\t            <div class=\"swiper-slide slide-manual\">\n\n\t\t\t            \t<div class=\"content\">\n\n\t\t\t            \t\t<div class=\"inner\">\n\n\t\t\t            \t\t\t\t\t\t\t\t  \n\t\t\t\t\t                \n\t\t\t\t\t                    <h2 class=\"block-title\">\n\t\t\t\t\t                    \t\t\t\t\t\t                \t\tAcuredge\n<\/h2>\n\t\t\t\t\t                \n\t\t\t\t\t                \t\t\t\t\t                \t<p class=\"excerpt\">F\u00fchrende GRC-L\u00f6sung f\u00fcr kontinuierliches Risiko- und Compliance-Monitoring f\u00fcr nachhaltige Leistung<\/p>\n\t\t\t\t\t                \n\t\t\t\t\t                \t\t\t\t\t                \t\n\t\t<a href=\"https:\/\/acuredge.com\/de\/our-mindset\/\" target=\"_self\"  class=\"btn btn-arrow\">Um mehr \u00fcber Acuredge zu erfahren<span class=\"arrow\" aria-hidden=\"true\"><span class=\"arrow-inner\"><\/span><\/span><\/a>\n\t\t\t\t\t\t                \n\t\t\t\t\t            <\/div>\n\n\t\t\t\t\t            <span class=\"circle\"><\/span>\n\n\t\t\t            \t<\/div>\n\n\t\t\t            \t\n\t\t\t            \t <picture>\n\n\t\t\t\t\t\t\t\t<source\n\t\t\t\t\t\t\t    media=\"(min-width: 768px)\"\n\t\t\t\t\t\t\t    sizes=\"100vw\"\n\t\t\t\t\t\t\t    srcset=\"https:\/\/acuredge.com\/wp-content\/uploads\/2022\/05\/shutterstock_1819430477-1800x650.jpg 1800w\">\n\t\t\t\t\t\t\t   \n\t\t\t\t\t\t\t    <img loading=\"lazy\" decoding=\"async\"\n\t\t\t\t\t\t\t    src=\"https:\/\/acuredge.com\/wp-content\/uploads\/2022\/05\/shutterstock_1819430477-768x650.jpg\" alt=\"\" class=\"bg-image\" width=\"768\" height=\"650\">\n\n\t\t\t\t\t\t\t<\/picture>\n\n\t\t\t            <\/div>\n\n\t\t\t        \n\t\t\t<\/div>\n\n\t\t\n\t\t\n\t\t<!-- If we need pagination -->\n\n\t\t\n\t\t<div class=\"swiper-pagination\">\n\t\t\t\n\t\t\t<div class=\"swiper-pagination-inner\">\n\t\t\t\t\n\t\t\t<\/div>\n\n\t\t\t<div class=\"swiper-play-pause\">\n\t\t\t\t<button type=\"button\" class=\"btn\"><i title=\"Play Carousel\" class=\"fal fa-play-circle play-icon\"><\/i><i title=\"Pause Carousel\" class=\"fal fa-pause-circle pause-icon\"><\/i><\/button>\n\t\t\t<\/div>\n\n\t\t<\/div> \n\n\t\t\t\t\n\n\t<\/div>\n\n<\/div>\n\n\n<div class=\"block simple-image-text py-6  bg-light\" id=\"block_9ff1b8d891a465f0bd26a95aa5c9aabb\">\n\n\t<div class=\"container\">\n\n\t\t<div class=\"row justify-content-between align-items-center gy-5\" >\n\n\t\t\t<div class=\"col-lg-6 lp-reveal-top \">\n\t\t\t\t<img loading=\"lazy\" decoding=\"async\" width=\"512\" height=\"512\" src=\"https:\/\/acuredge.com\/wp-content\/uploads\/2022\/02\/Imagem-512x512_Circulo-512x512.jpg\" class=\"img-fluid img-rounded mx-auto\" alt=\"\" srcset=\"https:\/\/acuredge.com\/wp-content\/uploads\/2022\/02\/Imagem-512x512_Circulo-512x512.jpg 512w, https:\/\/acuredge.com\/wp-content\/uploads\/2022\/02\/Imagem-512x512_Circulo-300x300.jpg 300w, https:\/\/acuredge.com\/wp-content\/uploads\/2022\/02\/Imagem-512x512_Circulo-150x150.jpg 150w, https:\/\/acuredge.com\/wp-content\/uploads\/2022\/02\/Imagem-512x512_Circulo-768x768.jpg 768w, https:\/\/acuredge.com\/wp-content\/uploads\/2022\/02\/Imagem-512x512_Circulo-234x234.jpg 234w, https:\/\/acuredge.com\/wp-content\/uploads\/2022\/02\/Imagem-512x512_Circulo-700x700.jpg 700w, https:\/\/acuredge.com\/wp-content\/uploads\/2022\/02\/Imagem-512x512_Circulo-660x660.jpg 660w, https:\/\/acuredge.com\/wp-content\/uploads\/2022\/02\/Imagem-512x512_Circulo.jpg 1024w\" sizes=\"auto, (max-width: 512px) 100vw, 512px\" \/>\t\t\t<\/div>\n\n\t\t\t<div class=\"col-lg-6 lp-reveal-top\">\n\t\t\t\t\n\t\t\t\t<div class=\"text wysiwyg\">\n\n                    \t\t\t\t\t\n\t\t\t\t\t<p><span style=\"font-weight: 400\"><strong>Acuredge<\/strong> bietet L\u00f6sungen f\u00fcr :<\/span><\/p>\n<ul>\n<li>Risikomanagement \u2192 <em><a href=\"https:\/\/acuredge.com\/accelerate-in-innovation\/\">Detail<\/a><\/em><\/li>\n<li><span style=\"font-weight: 400\">Kontrolle und Compliance \u2192 <em><a href=\"https:\/\/acuredge.com\/controle-conformite\/\">Detail<\/a><\/em><\/span><\/li>\n<li><span style=\"font-weight: 400\">Audit \u2192 <em><a href=\"https:\/\/acuredge.com\/audit\/\">Detail<\/a><\/em><\/span><\/li>\n<li><span style=\"font-weight: 400\">Nachhaltigkeits- und ESG-Berichterstattung \u2192 <em><a href=\"https:\/\/acuredge.com\/performance-extrafinanciere\/\">Detail<\/a><\/em><\/span><\/li>\n<li>Resilienz \u2192 <em><a href=\"https:\/\/acuredge.com\/resilience\/\">Detail<\/a><\/em><\/li>\n<li>Versicherung \u2192 <em><a href=\"https:\/\/acuredge.com\/assurance\/\">Detail<\/a><\/em><\/li>\n<li>Datenanalyse und Automatisierung \u2192 <em><a href=\"https:\/\/acuredge.com\/data-analytics-et-automatisation\/\">Detail<\/a><\/em><\/li>\n<\/ul>\n<p>&nbsp;<\/p>\n<p>Diese L\u00f6sungen werden auf einer modularen Plattform mit einem risikobasierten Ansatz und einer 360-Grad-Sicht auf Risiken angeboten, die die drei Verteidigungslinien integriert.<\/p>\n<p>Die Softwareplattform wird von Tausenden von Benutzern in f\u00fchrenden Unternehmen und Organisationen aller Branchen und Sektoren verwendet.<\/p>\n<p>Die L\u00f6sung ist als SaaS und vor Ort verf\u00fcgbar.<\/p>\n<p>&nbsp;<\/p>\n\n                    \n\t\t\t\t\t\n\t\t<a href=\"https:\/\/acuredge.com\/nos-solutions\/\" target=\"_self\"  class=\"btn btn-arrow\">Erfahren Sie mehr \u00fcber unsere L\u00f6sungen<span class=\"arrow\" aria-hidden=\"true\"><span class=\"arrow-inner\"><\/span><\/span><\/a>\n\t\n\t\t\t\t<\/div>\n\n\n\n\t\t\t<\/div>\n\t\t<\/div>\n\n\t<\/div>\n\n<\/div>\n\n\n<div class=\"block three-columns bg-secondary py-6 \" id=\"block_a0e12ecf8edf345631c58ef0bee0260e\">\n\n\t<div class=\"container\">\n\n\t\t<div class=\"row justify-content-center mb-5\">\n\n\t\t\t<div class=\"col-lg-8 text-center\">\n\n\t\t\t\t\n  \n                                    <h2 class=\"block-title lp-reveal-top\">\n                    \t                \t\tWarum <strong>Acuredge<\/strong> w\u00e4hlen?\n<\/h2>\n                \n                \n\t\t\t<\/div>\n\t\t<\/div>\n\n\t\t\n\t\t\t<div class=\"row justify-content-center gy-5 gx-5\">\n\n\t\t    \n\t\t        <div class=\"col-xxl-4 col-md-6 lp-reveal-scale\">\n\n\t\t        \t<div class=\"inner bg-white p-5 h-100\">\n\n\t\t        \t\t<img decoding=\"async\" width=\"834\" height=\"690\" src=\"https:\/\/acuredge.com\/wp-content\/uploads\/2021\/05\/ambition-and-results-1-1.png\" class=\"img-fluid logo mb-4\" alt=\"\" loading=\"lazy\" srcset=\"https:\/\/acuredge.com\/wp-content\/uploads\/2021\/05\/ambition-and-results-1-1.png 834w, https:\/\/acuredge.com\/wp-content\/uploads\/2021\/05\/ambition-and-results-1-1-300x248.png 300w, https:\/\/acuredge.com\/wp-content\/uploads\/2021\/05\/ambition-and-results-1-1-768x635.png 768w, https:\/\/acuredge.com\/wp-content\/uploads\/2021\/05\/ambition-and-results-1-1-660x546.png 660w\" sizes=\"auto, (max-width: 834px) 100vw, 834px\" style=\"max-width: 98px; height: auto;\" \/>\n\t\t        \t\t\t\t                    <h3 class=\"small-title\"><strong>Eine f\u00fchrende L\u00f6sung<\/strong>\n<\/h3>\n\t\t                \n\t\t                \t\t                    <div class=\"content\"><ul>\n<li>Intuitiv und einfach zu bedienen<\/li>\n<li>Hochgradig konfigurierbar und skalierbar<\/li>\n<li>Mehrere Dashboards und Berichte<\/li>\n<li>Hohe Sicherheitsstandards<\/li>\n<li>Einfache Integration in das Kunden-IS<\/li>\n<\/ul>\n<p>&nbsp;<\/p>\n<\/div>\n\t\t                \n\t\t                \n\t\t        \t<\/div>\n\n\t\t        <\/div>\n\n\t\t    \n\t\t        <div class=\"col-xxl-4 col-md-6 lp-reveal-scale\">\n\n\t\t        \t<div class=\"inner bg-white p-5 h-100\">\n\n\t\t        \t\t<img decoding=\"async\" width=\"834\" height=\"690\" src=\"https:\/\/acuredge.com\/wp-content\/uploads\/2021\/05\/fair-and-courageous-1-1.png\" class=\"img-fluid logo mb-4\" alt=\"\" loading=\"lazy\" srcset=\"https:\/\/acuredge.com\/wp-content\/uploads\/2021\/05\/fair-and-courageous-1-1.png 834w, https:\/\/acuredge.com\/wp-content\/uploads\/2021\/05\/fair-and-courageous-1-1-300x248.png 300w, https:\/\/acuredge.com\/wp-content\/uploads\/2021\/05\/fair-and-courageous-1-1-768x635.png 768w, https:\/\/acuredge.com\/wp-content\/uploads\/2021\/05\/fair-and-courageous-1-1-660x546.png 660w\" sizes=\"auto, (max-width: 834px) 100vw, 834px\" style=\"max-width: 98px; height: auto;\" \/>\n\t\t        \t\t\t\t                    <h3 class=\"small-title\"><strong>Eine an den Kunden angepasste Implementierungsmethode<\/strong>\n<\/h3>\n\t\t                \n\t\t                \t\t                    <div class=\"content\"><p>Zwei Methoden zur Implementierung der Software, abh\u00e4ngig vom Kontext und Reifegrad des Kunden:<\/p>\n<ul>\n<li><strong><em>Ma\u00dfgeschneidert<\/em>\u00a0:<\/strong> Anwendungskonfiguration entsprechend den spezifischen Anforderungen des Kunden mit Zugriff auf alle Funktionalit\u00e4ten<\/li>\n<li><strong><em>Easy pack <\/em>:<\/strong> Anpassung einer vorkonfigurierten Anwendung mit beschr\u00e4nktem Zugriff auf die Hauptfunktionen<\/li>\n<\/ul>\n<\/div>\n\t\t                \n\t\t                \n\t\t        \t<\/div>\n\n\t\t        <\/div>\n\n\t\t    \n\t\t        <div class=\"col-xxl-4 col-md-6 lp-reveal-scale\">\n\n\t\t        \t<div class=\"inner bg-white p-5 h-100\">\n\n\t\t        \t\t<img decoding=\"async\" width=\"834\" height=\"690\" src=\"https:\/\/acuredge.com\/wp-content\/uploads\/2021\/05\/caring-and-sharing-1-1.png\" class=\"img-fluid logo mb-4\" alt=\"\" loading=\"lazy\" srcset=\"https:\/\/acuredge.com\/wp-content\/uploads\/2021\/05\/caring-and-sharing-1-1.png 834w, https:\/\/acuredge.com\/wp-content\/uploads\/2021\/05\/caring-and-sharing-1-1-300x248.png 300w, https:\/\/acuredge.com\/wp-content\/uploads\/2021\/05\/caring-and-sharing-1-1-768x635.png 768w, https:\/\/acuredge.com\/wp-content\/uploads\/2021\/05\/caring-and-sharing-1-1-660x546.png 660w\" sizes=\"auto, (max-width: 834px) 100vw, 834px\" style=\"max-width: 98px; height: auto;\" \/>\n\t\t        \t\t\t\t                    <h3 class=\"small-title\"><strong>Eine langfristige Beziehung zu unseren Kunden<\/strong>\n<\/h3>\n\t\t                \n\t\t                \t\t                    <div class=\"content\"><ul>\n<li>Der Users Club definiert die strategischen Entwicklungsthemen der Plattform<\/li>\n<li>Wir erstellen die Roadmap in Partnerschaft mit unseren Kunden<\/li>\n<li>Wir unterst\u00fctzen unsere Kunden bei der Entwicklung ihrer Bed\u00fcrfnisse und ihres Reifegrads<\/li>\n<\/ul>\n<\/div>\n\t\t                \n\t\t                \n\t\t        \t<\/div>\n\n\t\t        <\/div>\n\n\t\t    \n\t\t\t<\/div>\n\n\t\t\n\n\t<\/div>\n\n<\/div>\n\n\n<div class=\"block video py-6 bg-light   placeholder\"\n     id=\"block_60e469a3216c3f06b2ddccfca7763b10\">\n\n    <div class=\"container\">\n\n                    <div class=\"mb-5\">\n                                    <h2 class=\"block-title text-center lp-reveal-top\">\n                        Ein kurzes Video zur Pr\u00e4sentation der L\u00f6sung\n<\/h2>\n                \n                            <\/div>\n        \n        \n            <div class=\"row justify-content-center\">\n                <div class=\"col-lg-10 col-xl-8\">\n                    <a href=\"https:\/\/youtu.be\/9ObwcgBpNyc\" class=\"lp-reveal-top video-wrapper\" data-fancybox>\n                        <img loading=\"lazy\" decoding=\"async\" width=\"1200\" height=\"356\" src=\"https:\/\/acuredge.com\/wp-content\/uploads\/2022\/05\/Acuredge-logo_RGB_medium.jpg\" class=\"img-fluid d-block mx-auto\" alt=\"\" srcset=\"https:\/\/acuredge.com\/wp-content\/uploads\/2022\/05\/Acuredge-logo_RGB_medium.jpg 1200w, https:\/\/acuredge.com\/wp-content\/uploads\/2022\/05\/Acuredge-logo_RGB_medium-300x89.jpg 300w, https:\/\/acuredge.com\/wp-content\/uploads\/2022\/05\/Acuredge-logo_RGB_medium-768x228.jpg 768w, https:\/\/acuredge.com\/wp-content\/uploads\/2022\/05\/Acuredge-logo_RGB_medium-660x196.jpg 660w\" sizes=\"auto, (max-width: 1200px) 100vw, 1200px\" \/>\n                        <div class=\"play\"><i class=\"play-symbole fa-3x fas fa-play\"><\/i><\/div>\n                    <\/a>\n                <\/div>\n            <\/div>\n\n        \n\n    <\/div>\n\n    \n<\/div>\n\n<div class=\"block call-to-action py-6 bg-pink \" id=\"block_f216f033c1a0dd02c9aa0ca2a64a9793\">\n\n\t<div class=\"container\">\n\n\t\t<div class=\"row justify-content-center\">\n\n            <div class=\"col-lg-8 text-center\">\n  \n                                    <h2 class=\"block-title lp-reveal-top mb-4\">\n                                                 Um mehr \u00fcber Acuredge zu erfahren und eine Demo der L\u00f6sung zu erhalten\n<\/h2>\n                \n                \n                \n\t\t<a href=\"https:\/\/acuredge.com\/contact\/\" target=\"_self\"  class=\"btn btn-primary mt-4\"><span class=\"inner\">Kontaktieren Sie uns<\/span><\/a>\n\t     \n            <\/div>\n\t\n        <\/div>\n        \n\t<\/div>\n\n<\/div>","protected":false},"excerpt":{"rendered":"","protected":false},"author":1,"featured_media":9740,"parent":0,"menu_order":0,"comment_status":"closed","ping_status":"closed","template":"","meta":{"_acf_changed":false,"footnotes":""},"class_list":["post-9738","page","type-page","status-publish","has-post-thumbnail","hentry"],"acf":[],"yoast_head":"<!-- This site is optimized with the Yoast SEO plugin v27.4 - https:\/\/yoast.com\/product\/yoast-seo-wordpress\/ -->\n<title>Accueil DE - Acuredge<\/title>\n<meta name=\"robots\" content=\"index, follow, max-snippet:-1, max-image-preview:large, max-video-preview:-1\" \/>\n<link rel=\"canonical\" href=\"https:\/\/acuredge.com\/de\/\" \/>\n<meta property=\"og:locale\" content=\"de_DE\" \/>\n<meta property=\"og:type\" content=\"article\" \/>\n<meta property=\"og:title\" content=\"Accueil DE - Acuredge\" \/>\n<meta property=\"og:url\" content=\"https:\/\/acuredge.com\/de\/\" \/>\n<meta property=\"og:site_name\" content=\"Acuredge\" \/>\n<meta property=\"article:modified_time\" content=\"2025-11-07T13:43:53+00:00\" \/>\n<meta property=\"og:image\" content=\"https:\/\/acuredge.com\/wp-content\/uploads\/2022\/01\/272645942_335678758473957_8097098637575373343_n.jpg\" \/>\n\t<meta property=\"og:image:width\" content=\"356\" \/>\n\t<meta property=\"og:image:height\" content=\"400\" \/>\n\t<meta property=\"og:image:type\" content=\"image\/jpeg\" \/>\n<meta name=\"twitter:card\" content=\"summary_large_image\" \/>\n<meta name=\"twitter:label1\" content=\"Gesch\u00e4tzte Lesezeit\" \/>\n\t<meta name=\"twitter:data1\" content=\"1\u00a0Minute\" \/>\n<script type=\"application\/ld+json\" class=\"yoast-schema-graph\">{\"@context\":\"https:\\\/\\\/schema.org\",\"@graph\":[{\"@type\":\"WebPage\",\"@id\":\"https:\\\/\\\/acuredge.com\\\/de\\\/\",\"url\":\"https:\\\/\\\/acuredge.com\\\/de\\\/\",\"name\":\"Accueil DE - Acuredge\",\"isPartOf\":{\"@id\":\"https:\\\/\\\/acuredge.com\\\/#website\"},\"primaryImageOfPage\":{\"@id\":\"https:\\\/\\\/acuredge.com\\\/de\\\/#primaryimage\"},\"image\":{\"@id\":\"https:\\\/\\\/acuredge.com\\\/de\\\/#primaryimage\"},\"thumbnailUrl\":\"https:\\\/\\\/acuredge.com\\\/wp-content\\\/uploads\\\/2022\\\/01\\\/272645942_335678758473957_8097098637575373343_n.jpg\",\"datePublished\":\"2022-05-13T14:31:21+00:00\",\"dateModified\":\"2025-11-07T13:43:53+00:00\",\"inLanguage\":\"de\",\"potentialAction\":[{\"@type\":\"ReadAction\",\"target\":[\"https:\\\/\\\/acuredge.com\\\/de\\\/\"]}]},{\"@type\":\"ImageObject\",\"inLanguage\":\"de\",\"@id\":\"https:\\\/\\\/acuredge.com\\\/de\\\/#primaryimage\",\"url\":\"https:\\\/\\\/acuredge.com\\\/wp-content\\\/uploads\\\/2022\\\/01\\\/272645942_335678758473957_8097098637575373343_n.jpg\",\"contentUrl\":\"https:\\\/\\\/acuredge.com\\\/wp-content\\\/uploads\\\/2022\\\/01\\\/272645942_335678758473957_8097098637575373343_n.jpg\",\"width\":356,\"height\":400},{\"@type\":\"WebSite\",\"@id\":\"https:\\\/\\\/acuredge.com\\\/#website\",\"url\":\"https:\\\/\\\/acuredge.com\\\/\",\"name\":\"Acuredge\",\"description\":\"Solution GRC leader de Surveillance permanente des Risques et de la Conformit\u00e9 pour une performance durable\",\"publisher\":{\"@id\":\"https:\\\/\\\/acuredge.com\\\/#organization\"},\"potentialAction\":[{\"@type\":\"SearchAction\",\"target\":{\"@type\":\"EntryPoint\",\"urlTemplate\":\"https:\\\/\\\/acuredge.com\\\/?s={search_term_string}\"},\"query-input\":{\"@type\":\"PropertyValueSpecification\",\"valueRequired\":true,\"valueName\":\"search_term_string\"}}],\"inLanguage\":\"de\"},{\"@type\":\"Organization\",\"@id\":\"https:\\\/\\\/acuredge.com\\\/#organization\",\"name\":\"Acuredge\",\"url\":\"https:\\\/\\\/acuredge.com\\\/\",\"logo\":{\"@type\":\"ImageObject\",\"inLanguage\":\"de\",\"@id\":\"https:\\\/\\\/acuredge.com\\\/#\\\/schema\\\/logo\\\/image\\\/\",\"url\":\"https:\\\/\\\/acuredge.com\\\/wp-content\\\/uploads\\\/2025\\\/08\\\/acuredge-logo.png\",\"contentUrl\":\"https:\\\/\\\/acuredge.com\\\/wp-content\\\/uploads\\\/2025\\\/08\\\/acuredge-logo.png\",\"width\":19644,\"height\":5549,\"caption\":\"Acuredge\"},\"image\":{\"@id\":\"https:\\\/\\\/acuredge.com\\\/#\\\/schema\\\/logo\\\/image\\\/\"},\"sameAs\":[\"https:\\\/\\\/www.linkedin.com\\\/company\\\/acuredge\\\/about\\\/\"]}]}<\/script>\n<!-- \/ Yoast SEO plugin. -->","yoast_head_json":{"title":"Accueil DE - Acuredge","robots":{"index":"index","follow":"follow","max-snippet":"max-snippet:-1","max-image-preview":"max-image-preview:large","max-video-preview":"max-video-preview:-1"},"canonical":"https:\/\/acuredge.com\/de\/","og_locale":"de_DE","og_type":"article","og_title":"Accueil DE - Acuredge","og_url":"https:\/\/acuredge.com\/de\/","og_site_name":"Acuredge","article_modified_time":"2025-11-07T13:43:53+00:00","og_image":[{"width":356,"height":400,"url":"https:\/\/acuredge.com\/wp-content\/uploads\/2022\/01\/272645942_335678758473957_8097098637575373343_n.jpg","type":"image\/jpeg"}],"twitter_card":"summary_large_image","twitter_misc":{"Gesch\u00e4tzte Lesezeit":"1\u00a0Minute"},"schema":{"@context":"https:\/\/schema.org","@graph":[{"@type":"WebPage","@id":"https:\/\/acuredge.com\/de\/","url":"https:\/\/acuredge.com\/de\/","name":"Accueil DE - Acuredge","isPartOf":{"@id":"https:\/\/acuredge.com\/#website"},"primaryImageOfPage":{"@id":"https:\/\/acuredge.com\/de\/#primaryimage"},"image":{"@id":"https:\/\/acuredge.com\/de\/#primaryimage"},"thumbnailUrl":"https:\/\/acuredge.com\/wp-content\/uploads\/2022\/01\/272645942_335678758473957_8097098637575373343_n.jpg","datePublished":"2022-05-13T14:31:21+00:00","dateModified":"2025-11-07T13:43:53+00:00","inLanguage":"de","potentialAction":[{"@type":"ReadAction","target":["https:\/\/acuredge.com\/de\/"]}]},{"@type":"ImageObject","inLanguage":"de","@id":"https:\/\/acuredge.com\/de\/#primaryimage","url":"https:\/\/acuredge.com\/wp-content\/uploads\/2022\/01\/272645942_335678758473957_8097098637575373343_n.jpg","contentUrl":"https:\/\/acuredge.com\/wp-content\/uploads\/2022\/01\/272645942_335678758473957_8097098637575373343_n.jpg","width":356,"height":400},{"@type":"WebSite","@id":"https:\/\/acuredge.com\/#website","url":"https:\/\/acuredge.com\/","name":"Acuredge","description":"Solution GRC leader de Surveillance permanente des Risques et de la Conformit\u00e9 pour une performance durable","publisher":{"@id":"https:\/\/acuredge.com\/#organization"},"potentialAction":[{"@type":"SearchAction","target":{"@type":"EntryPoint","urlTemplate":"https:\/\/acuredge.com\/?s={search_term_string}"},"query-input":{"@type":"PropertyValueSpecification","valueRequired":true,"valueName":"search_term_string"}}],"inLanguage":"de"},{"@type":"Organization","@id":"https:\/\/acuredge.com\/#organization","name":"Acuredge","url":"https:\/\/acuredge.com\/","logo":{"@type":"ImageObject","inLanguage":"de","@id":"https:\/\/acuredge.com\/#\/schema\/logo\/image\/","url":"https:\/\/acuredge.com\/wp-content\/uploads\/2025\/08\/acuredge-logo.png","contentUrl":"https:\/\/acuredge.com\/wp-content\/uploads\/2025\/08\/acuredge-logo.png","width":19644,"height":5549,"caption":"Acuredge"},"image":{"@id":"https:\/\/acuredge.com\/#\/schema\/logo\/image\/"},"sameAs":["https:\/\/www.linkedin.com\/company\/acuredge\/about\/"]}]}},"_links":{"self":[{"href":"https:\/\/acuredge.com\/de\/wp-json\/wp\/v2\/pages\/9738","targetHints":{"allow":["GET"]}}],"collection":[{"href":"https:\/\/acuredge.com\/de\/wp-json\/wp\/v2\/pages"}],"about":[{"href":"https:\/\/acuredge.com\/de\/wp-json\/wp\/v2\/types\/page"}],"author":[{"embeddable":true,"href":"https:\/\/acuredge.com\/de\/wp-json\/wp\/v2\/users\/1"}],"replies":[{"embeddable":true,"href":"https:\/\/acuredge.com\/de\/wp-json\/wp\/v2\/comments?post=9738"}],"version-history":[{"count":5,"href":"https:\/\/acuredge.com\/de\/wp-json\/wp\/v2\/pages\/9738\/revisions"}],"predecessor-version":[{"id":9922,"href":"https:\/\/acuredge.com\/de\/wp-json\/wp\/v2\/pages\/9738\/revisions\/9922"}],"wp:featuredmedia":[{"embeddable":true,"href":"https:\/\/acuredge.com\/de\/wp-json\/wp\/v2\/media\/9740"}],"wp:attachment":[{"href":"https:\/\/acuredge.com\/de\/wp-json\/wp\/v2\/media?parent=9738"}],"curies":[{"name":"wp","href":"https:\/\/api.w.org\/{rel}","templated":true}]}}