{"id":9751,"date":"2022-05-14T08:52:59","date_gmt":"2022-05-14T06:52:59","guid":{"rendered":"https:\/\/acuredge.com\/nos-solutions\/"},"modified":"2025-12-03T10:23:02","modified_gmt":"2025-12-03T09:23:02","slug":"nos-solutions","status":"publish","type":"page","link":"https:\/\/acuredge.com\/de\/nos-solutions\/","title":{"rendered":"Unsere L\u00f6sungen"},"content":{"rendered":"<header class=\"block header-page py-5 pb-xxl-6 \" id=\"block_389b5d107fc2ac02353a16ce7e128c08\">\n\n\t<div class=\"content-wrapper\">\n\n\t\t<div class=\"container\">\n\n\t\t\t<div class=\"row mb-5\">\n\n\t\t\t\t<div class=\"col\">\n\n\t\t\t\t\t\n\t\t<nav id=\"breadcrumb\" typeof=\"BreadcrumbList\" vocab=\"https:\/\/schema.org\/\" class=\"\" aria-label=\"You are here:\">\n\n\t\t\t<span property=\"itemListElement\" typeof=\"ListItem\"><a property=\"item\" typeof=\"WebPage\" title=\"Go to Acuredge.\" href=\"https:\/\/acuredge.com\/de\/\" class=\"home\" ><span property=\"name\">Acuredge<\/span><\/a><meta property=\"position\" content=\"1\"><\/span><span class=\"separator\" aria-hidden=\"true\"><i class=\"fas fa-circle fa-xs\" data-fa-transform=\"shrink-8\"><\/i><\/span><span property=\"itemListElement\" typeof=\"ListItem\"><a property=\"item\" typeof=\"WebPage\" title=\"Go to News.\" href=\"https:\/\/acuredge.com\/de\/blog-nearshore\/\" class=\"post-root post post-post\" aria-current=\"page\"><span property=\"name\">News<\/span><\/a><meta property=\"position\" content=\"2\"><\/span>\n\t\t<\/nav>\n\n\n\t\t\t\t<\/div>\n\n\t\t\t<\/div>\n\n\n\t\t\t<div class=\"row\">\n\n\t\t\t\t<div class=\"col-xl-7\">\n\n\t\t\t\t\t<h1 class=\"header-title\"><strong>Acuredge<\/strong> ist eine GRC-L\u00f6sung f\u00fcr kontinuierliches <strong>Risiko- und Compliance-Monitoring<\/strong> zur Sicherstellung nachhaltiger Leistung\n&nbsp;\n&nbsp;\n<\/h1>\n\n\t\t\t\t\t\n\t\t\t\t\t\n\t\t\t\t\t\t\n\t\t<a href=\"https:\/\/acuredge.com\/de\/contact\/\" target=\"_self\"  class=\"btn btn-arrow\"> Kontaktieren Sie uns, um mehr zu erfahren<span class=\"arrow\" aria-hidden=\"true\"><span class=\"arrow-inner\"><\/span><\/span><\/a>\n\t\n\t\t\t\t\t\n\t\t\t\t<\/div>\n\n\t\t\t<\/div>\n\n\t\t<\/div>\n\n\t<\/div>\n\n\t<div class=\"wrapper-image-bis\">\n\t\t<img loading=\"lazy\" decoding=\"async\" width=\"234\" height=\"234\" src=\"https:\/\/acuredge.com\/wp-content\/uploads\/2025\/11\/image-terre-Acuredge-nos-solutions-234x234.jpg\" class=\"attachment-square_234 size-square_234\" alt=\"\" srcset=\"https:\/\/acuredge.com\/wp-content\/uploads\/2025\/11\/image-terre-Acuredge-nos-solutions-234x234.jpg 234w, https:\/\/acuredge.com\/wp-content\/uploads\/2025\/11\/image-terre-Acuredge-nos-solutions-150x150.jpg 150w, https:\/\/acuredge.com\/wp-content\/uploads\/2025\/11\/image-terre-Acuredge-nos-solutions-512x512.jpg 512w, https:\/\/acuredge.com\/wp-content\/uploads\/2025\/11\/image-terre-Acuredge-nos-solutions-700x700.jpg 700w, https:\/\/acuredge.com\/wp-content\/uploads\/2025\/11\/image-terre-Acuredge-nos-solutions-1150x1150.jpg 1150w, https:\/\/acuredge.com\/wp-content\/uploads\/2025\/11\/image-terre-Acuredge-nos-solutions-1800x1800.jpg 1800w\" sizes=\"auto, (max-width: 234px) 100vw, 234px\" \/>\t\t\t\n\t<\/div>\n\n\t<div class=\"wrapper-image\">\n\t\t<img loading=\"lazy\" decoding=\"async\" width=\"700\" height=\"700\" src=\"https:\/\/acuredge.com\/wp-content\/uploads\/2025\/11\/image-terre-Acuredge-nos-solutions-700x700.jpg\" class=\"attachment-square_700 size-square_700\" alt=\"\" srcset=\"https:\/\/acuredge.com\/wp-content\/uploads\/2025\/11\/image-terre-Acuredge-nos-solutions-700x700.jpg 700w, https:\/\/acuredge.com\/wp-content\/uploads\/2025\/11\/image-terre-Acuredge-nos-solutions-150x150.jpg 150w, https:\/\/acuredge.com\/wp-content\/uploads\/2025\/11\/image-terre-Acuredge-nos-solutions-234x234.jpg 234w, https:\/\/acuredge.com\/wp-content\/uploads\/2025\/11\/image-terre-Acuredge-nos-solutions-512x512.jpg 512w, https:\/\/acuredge.com\/wp-content\/uploads\/2025\/11\/image-terre-Acuredge-nos-solutions-1150x1150.jpg 1150w, https:\/\/acuredge.com\/wp-content\/uploads\/2025\/11\/image-terre-Acuredge-nos-solutions-1800x1800.jpg 1800w\" sizes=\"auto, (max-width: 700px) 100vw, 700px\" \/>\t\t\n\t<\/div>\n\n<\/header>\n\n<div class=\"block three-columns bg-light py-6 \" id=\"block_903fe0c9600513fe0d0a53aeff867d97\">\n\n\t<div class=\"container\">\n\n\t\t<div class=\"row justify-content-center mb-5\">\n\n\t\t\t<div class=\"col-lg-8 text-center\">\n\n\t\t\t\t\n  \n                                    <h2 class=\"block-title lp-reveal-top\">\n                    \t                \t\t<strong>Acuredge<\/strong> ist eine integrierte und <strong>modulare Plattform<\/strong>, die L\u00f6sungen f\u00fcr Folgendes bietet:\n<\/h2>\n                \n                \n\t\t\t<\/div>\n\t\t<\/div>\n\n\t\t\n\t\t\t<div class=\"row justify-content-center gy-5 gx-5\">\n\n\t\t    \n\t\t        <div class=\"col-xxl-4 col-md-6 lp-reveal-scale\">\n\n\t\t        \t<div class=\"inner bg-white p-5 h-100\">\n\n\t\t        \t\t\n\t\t        \t\t\t\t                    <h3 class=\"small-title\"><strong>Risikomanagement<\/strong>\n<\/h3>\n\t\t                \n\t\t                \t\t                    <div class=\"content\"><p>Den gesamten Risikomanagementprozess f\u00fcr alle Arten von Risiken strukturieren und aufrechterhalten.<\/p>\n<\/div>\n\t\t                \n\t\t                \t\t                    <div class=\"d-flex justify-content-end mt-5\">\n\t\t<a href=\"https:\/\/acuredge.com\/de\/accelerate-in-innovation\/\" target=\"_self\"  class=\"btn btn-arrow\">Detail<span class=\"arrow\" aria-hidden=\"true\"><span class=\"arrow-inner\"><\/span><\/span><\/a>\n\t<\/div>\n\t\t                \n\t\t        \t<\/div>\n\n\t\t        <\/div>\n\n\t\t    \n\t\t        <div class=\"col-xxl-4 col-md-6 lp-reveal-scale\">\n\n\t\t        \t<div class=\"inner bg-white p-5 h-100\">\n\n\t\t        \t\t\n\t\t        \t\t\t\t                    <h3 class=\"small-title\"><strong>Kontrolle und Compliance<\/strong>\n<\/h3>\n\t\t                \n\t\t                \t\t                    <div class=\"content\"><p>Optimierung des Kontroll- und Compliance-Managements in Bezug auf Risiken<\/p>\n<\/div>\n\t\t                \n\t\t                \t\t                    <div class=\"d-flex justify-content-end mt-5\">\n\t\t<a href=\"https:\/\/acuredge.com\/de\/controle-conformite\/\" target=\"_self\"  class=\"btn btn-arrow\">Detail<span class=\"arrow\" aria-hidden=\"true\"><span class=\"arrow-inner\"><\/span><\/span><\/a>\n\t<\/div>\n\t\t                \n\t\t        \t<\/div>\n\n\t\t        <\/div>\n\n\t\t    \n\t\t        <div class=\"col-xxl-4 col-md-6 lp-reveal-scale\">\n\n\t\t        \t<div class=\"inner bg-white p-5 h-100\">\n\n\t\t        \t\t\n\t\t        \t\t\t\t                    <h3 class=\"small-title\"><strong>Audit<\/strong>\n<\/h3>\n\t\t                \n\t\t                \t\t                    <div class=\"content\"><p>Digitalisierung des Auditprozesses zur Steigerung seiner Effizienz, von der Erstellung des Auditplans bis zur Nachverfolgung der Empfehlungen<\/p>\n<\/div>\n\t\t                \n\t\t                \t\t                    <div class=\"d-flex justify-content-end mt-5\">\n\t\t<a href=\"https:\/\/acuredge.com\/de\/audit\/\" target=\"_self\"  class=\"btn btn-arrow\">Detail<span class=\"arrow\" aria-hidden=\"true\"><span class=\"arrow-inner\"><\/span><\/span><\/a>\n\t<\/div>\n\t\t                \n\t\t        \t<\/div>\n\n\t\t        <\/div>\n\n\t\t    \n\t\t        <div class=\"col-xxl-4 col-md-6 lp-reveal-scale\">\n\n\t\t        \t<div class=\"inner bg-white p-5 h-100\">\n\n\t\t        \t\t\n\t\t        \t\t\t\t                    <h3 class=\"small-title\"><strong>Au\u00dferfinanzielle Leistung<\/strong>\n<\/h3>\n\t\t                \n\t\t                \t\t                    <div class=\"content\"><p>Optimierung der Erhebung nichtfinanzieller Informationen (ESG-Indikatoren, Verwaltung durch Dritte), um eine nachhaltige Performance sicherzustellen<\/p>\n<\/div>\n\t\t                \n\t\t                \t\t                    <div class=\"d-flex justify-content-end mt-5\">\n\t\t<a href=\"https:\/\/acuredge.com\/de\/sustainability-and-esg-reporting\/\" target=\"_self\"  class=\"btn btn-arrow\">Detail<span class=\"arrow\" aria-hidden=\"true\"><span class=\"arrow-inner\"><\/span><\/span><\/a>\n\t<\/div>\n\t\t                \n\t\t        \t<\/div>\n\n\t\t        <\/div>\n\n\t\t    \n\t\t        <div class=\"col-xxl-4 col-md-6 lp-reveal-scale\">\n\n\t\t        \t<div class=\"inner bg-white p-5 h-100\">\n\n\t\t        \t\t\n\t\t        \t\t\t\t                    <h3 class=\"small-title\"><strong>Belastbarkeit<\/strong>\n<\/h3>\n\t\t                \n\t\t                \t\t                    <div class=\"content\"><p>Identifizieren Sie kritische Aktivit\u00e4ten und Verm\u00f6genswerte, formalisieren und testen Sie Business-Continuity-Pl\u00e4ne f\u00fcr ein besseres Krisenmanagement.<\/p>\n<\/div>\n\t\t                \n\t\t                \t\t                    <div class=\"d-flex justify-content-end mt-5\">\n\t\t<a href=\"https:\/\/acuredge.com\/de\/resilience\/\" target=\"_self\"  class=\"btn btn-arrow\">Detail<span class=\"arrow\" aria-hidden=\"true\"><span class=\"arrow-inner\"><\/span><\/span><\/a>\n\t<\/div>\n\t\t                \n\t\t        \t<\/div>\n\n\t\t        <\/div>\n\n\t\t    \n\t\t        <div class=\"col-xxl-4 col-md-6 lp-reveal-scale\">\n\n\t\t        \t<div class=\"inner bg-white p-5 h-100\">\n\n\t\t        \t\t\n\t\t        \t\t\t\t                    <h3 class=\"small-title\"><strong>Versicherung <\/strong>\n<\/h3>\n\t\t                \n\t\t                \t\t                    <div class=\"content\"><p>Versicherungswerte erfassen, Versicherungsprogramme, Policen und Pr\u00e4mien verwalten, Schadensf\u00e4lle erfassen und verfolgen.<\/p>\n<\/div>\n\t\t                \n\t\t                \t\t                    <div class=\"d-flex justify-content-end mt-5\">\n\t\t<a href=\"https:\/\/acuredge.com\/de\/assurance\/\" target=\"_self\"  class=\"btn btn-arrow\">Detail<span class=\"arrow\" aria-hidden=\"true\"><span class=\"arrow-inner\"><\/span><\/span><\/a>\n\t<\/div>\n\t\t                \n\t\t        \t<\/div>\n\n\t\t        <\/div>\n\n\t\t    \n\t\t        <div class=\"col-xxl-4 col-md-6 lp-reveal-scale\">\n\n\t\t        \t<div class=\"inner bg-white p-5 h-100\">\n\n\t\t        \t\t\n\t\t        \t\t\t\t                    <h3 class=\"small-title\"><strong>Datenanalyse und Automatisierung<\/strong>\n<\/h3>\n\t\t                \n\t\t                \t\t                    <div class=\"content\"><p>Erm\u00f6glichen Sie die Analyse von Daten aus Drittsystemen anhand von Kontrollszenarien, den automatischen Import von Daten und die Generierung von Benachrichtigungen bei Ver\u00e4nderungen von Faktoren, die sich auf die Risikobewertung auswirken.<\/p>\n<\/div>\n\t\t                \n\t\t                \t\t                    <div class=\"d-flex justify-content-end mt-5\">\n\t\t<a href=\"https:\/\/acuredge.com\/de\/data-analytics-and-automation\/\" target=\"_self\"  class=\"btn btn-arrow\">Detail<span class=\"arrow\" aria-hidden=\"true\"><span class=\"arrow-inner\"><\/span><\/span><\/a>\n\t<\/div>\n\t\t                \n\t\t        \t<\/div>\n\n\t\t        <\/div>\n\n\t\t    \n\t\t\t<\/div>\n\n\t\t\n\n\t<\/div>\n\n<\/div>\n\n<div class=\"block list-pictos py-6  bg-white \" id=\"block_827141d03b70203c80eb8480c48840d7\">\n\n\t<div class=\"container\">\n\n\t\t<div class=\"row mb-5 justify-content-center\">\n\n\t\t\t<div class=\"col-lg-8 col-xl-6 text-center\">\n\n\t\t\t\t\n  \n                \n                \n\t\t\t<\/div>\n\n\t\t<\/div>\n\n\n\t\t\t\t\n\n\t<\/div>\n\n<\/div>\n\n\n<div class=\"block simple-image-text py-6  bg-light\" id=\"block_c3c8183cd2d8de8bed16dfe28839399c\">\n\n\t<div class=\"container\">\n\n\t\t<div class=\"row justify-content-between align-items-center gy-5\" >\n\n\t\t\t<div class=\"col-lg-6 lp-reveal-top order-last\">\n\t\t\t\t<img loading=\"lazy\" decoding=\"async\" width=\"660\" height=\"268\" src=\"https:\/\/acuredge.com\/wp-content\/uploads\/2021\/03\/nuage-rose.jpg\" class=\"img-fluid\" alt=\"\" srcset=\"https:\/\/acuredge.com\/wp-content\/uploads\/2021\/03\/nuage-rose.jpg 2235w, https:\/\/acuredge.com\/wp-content\/uploads\/2021\/03\/nuage-rose-300x122.jpg 300w, https:\/\/acuredge.com\/wp-content\/uploads\/2021\/03\/nuage-rose-1024x415.jpg 1024w, https:\/\/acuredge.com\/wp-content\/uploads\/2021\/03\/nuage-rose-768x311.jpg 768w, https:\/\/acuredge.com\/wp-content\/uploads\/2021\/03\/nuage-rose-1536x623.jpg 1536w, https:\/\/acuredge.com\/wp-content\/uploads\/2021\/03\/nuage-rose-2048x830.jpg 2048w\" sizes=\"auto, (max-width: 660px) 100vw, 660px\" \/>\t\t\t<\/div>\n\n\t\t\t<div class=\"col-lg-6 lp-reveal-top\">\n\t\t\t\t\n\t\t\t\t<div class=\"text wysiwyg\">\n\n                    \t\t\t\t\t\n\t\t\t\t\t<p>Unsere L\u00f6sungen sind als <strong>SaaS<\/strong> oder On-<strong>Premise<\/strong> verf\u00fcgbar.<\/p>\n<p><b> <img loading=\"lazy\" decoding=\"async\" class=\"alignnone size-medium wp-image-8493\" src=\"https:\/\/acuredge.com\/wp-content\/uploads\/2022\/05\/Cybervadis-EN-300x61.png\" alt=\"\" width=\"300\" height=\"61\" srcset=\"https:\/\/acuredge.com\/wp-content\/uploads\/2022\/05\/Cybervadis-EN-300x61.png 300w, https:\/\/acuredge.com\/wp-content\/uploads\/2022\/05\/Cybervadis-EN-768x156.png 768w, https:\/\/acuredge.com\/wp-content\/uploads\/2022\/05\/Cybervadis-EN-660x134.png 660w, https:\/\/acuredge.com\/wp-content\/uploads\/2022\/05\/Cybervadis-EN.png 942w\" sizes=\"auto, (max-width: 300px) 100vw, 300px\" \/><\/b><\/p>\n\n                    \n\t\t\t\t\t\n\t\t\t\t<\/div>\n\n\n\n\t\t\t<\/div>\n\t\t<\/div>\n\n\t<\/div>\n\n<\/div>\n","protected":false},"excerpt":{"rendered":"","protected":false},"author":1,"featured_media":9901,"parent":0,"menu_order":0,"comment_status":"closed","ping_status":"closed","template":"","meta":{"_acf_changed":false,"footnotes":""},"class_list":["post-9751","page","type-page","status-publish","has-post-thumbnail","hentry"],"acf":[],"yoast_head":"<!-- This site is optimized with the Yoast SEO plugin v27.4 - https:\/\/yoast.com\/product\/yoast-seo-wordpress\/ -->\n<title>Unsere L\u00f6sungen - Acuredge<\/title>\n<meta name=\"robots\" content=\"index, follow, max-snippet:-1, max-image-preview:large, max-video-preview:-1\" \/>\n<link rel=\"canonical\" href=\"https:\/\/acuredge.com\/de\/nos-solutions\/\" \/>\n<meta property=\"og:locale\" content=\"de_DE\" \/>\n<meta property=\"og:type\" content=\"article\" \/>\n<meta property=\"og:title\" content=\"Unsere L\u00f6sungen - Acuredge\" \/>\n<meta property=\"og:url\" content=\"https:\/\/acuredge.com\/de\/nos-solutions\/\" \/>\n<meta property=\"og:site_name\" content=\"Acuredge\" \/>\n<meta property=\"article:modified_time\" content=\"2025-12-03T09:23:02+00:00\" \/>\n<meta property=\"og:image\" content=\"https:\/\/acuredge.com\/wp-content\/uploads\/2025\/11\/image-terre-Acuredge-nos-solutions-scaled.jpg\" \/>\n\t<meta property=\"og:image:width\" content=\"2560\" \/>\n\t<meta property=\"og:image:height\" content=\"1650\" \/>\n\t<meta property=\"og:image:type\" content=\"image\/jpeg\" \/>\n<meta name=\"twitter:card\" content=\"summary_large_image\" \/>\n<script type=\"application\/ld+json\" class=\"yoast-schema-graph\">{\"@context\":\"https:\\\/\\\/schema.org\",\"@graph\":[{\"@type\":\"WebPage\",\"@id\":\"https:\\\/\\\/acuredge.com\\\/de\\\/nos-solutions\\\/\",\"url\":\"https:\\\/\\\/acuredge.com\\\/de\\\/nos-solutions\\\/\",\"name\":\"Unsere L\u00f6sungen - Acuredge\",\"isPartOf\":{\"@id\":\"https:\\\/\\\/acuredge.com\\\/#website\"},\"primaryImageOfPage\":{\"@id\":\"https:\\\/\\\/acuredge.com\\\/de\\\/nos-solutions\\\/#primaryimage\"},\"image\":{\"@id\":\"https:\\\/\\\/acuredge.com\\\/de\\\/nos-solutions\\\/#primaryimage\"},\"thumbnailUrl\":\"https:\\\/\\\/acuredge.com\\\/wp-content\\\/uploads\\\/2025\\\/11\\\/image-terre-Acuredge-nos-solutions-scaled.jpg\",\"datePublished\":\"2022-05-14T06:52:59+00:00\",\"dateModified\":\"2025-12-03T09:23:02+00:00\",\"inLanguage\":\"de\",\"potentialAction\":[{\"@type\":\"ReadAction\",\"target\":[\"https:\\\/\\\/acuredge.com\\\/de\\\/nos-solutions\\\/\"]}]},{\"@type\":\"ImageObject\",\"inLanguage\":\"de\",\"@id\":\"https:\\\/\\\/acuredge.com\\\/de\\\/nos-solutions\\\/#primaryimage\",\"url\":\"https:\\\/\\\/acuredge.com\\\/wp-content\\\/uploads\\\/2025\\\/11\\\/image-terre-Acuredge-nos-solutions-scaled.jpg\",\"contentUrl\":\"https:\\\/\\\/acuredge.com\\\/wp-content\\\/uploads\\\/2025\\\/11\\\/image-terre-Acuredge-nos-solutions-scaled.jpg\",\"width\":2560,\"height\":1650},{\"@type\":\"WebSite\",\"@id\":\"https:\\\/\\\/acuredge.com\\\/#website\",\"url\":\"https:\\\/\\\/acuredge.com\\\/\",\"name\":\"Acuredge\",\"description\":\"Solution GRC leader de Surveillance permanente des Risques et de la Conformit\u00e9 pour une performance durable\",\"publisher\":{\"@id\":\"https:\\\/\\\/acuredge.com\\\/#organization\"},\"potentialAction\":[{\"@type\":\"SearchAction\",\"target\":{\"@type\":\"EntryPoint\",\"urlTemplate\":\"https:\\\/\\\/acuredge.com\\\/?s={search_term_string}\"},\"query-input\":{\"@type\":\"PropertyValueSpecification\",\"valueRequired\":true,\"valueName\":\"search_term_string\"}}],\"inLanguage\":\"de\"},{\"@type\":\"Organization\",\"@id\":\"https:\\\/\\\/acuredge.com\\\/#organization\",\"name\":\"Acuredge\",\"url\":\"https:\\\/\\\/acuredge.com\\\/\",\"logo\":{\"@type\":\"ImageObject\",\"inLanguage\":\"de\",\"@id\":\"https:\\\/\\\/acuredge.com\\\/#\\\/schema\\\/logo\\\/image\\\/\",\"url\":\"https:\\\/\\\/acuredge.com\\\/wp-content\\\/uploads\\\/2025\\\/08\\\/acuredge-logo.png\",\"contentUrl\":\"https:\\\/\\\/acuredge.com\\\/wp-content\\\/uploads\\\/2025\\\/08\\\/acuredge-logo.png\",\"width\":19644,\"height\":5549,\"caption\":\"Acuredge\"},\"image\":{\"@id\":\"https:\\\/\\\/acuredge.com\\\/#\\\/schema\\\/logo\\\/image\\\/\"},\"sameAs\":[\"https:\\\/\\\/www.linkedin.com\\\/company\\\/acuredge\\\/about\\\/\"]}]}<\/script>\n<!-- \/ Yoast SEO plugin. -->","yoast_head_json":{"title":"Unsere L\u00f6sungen - Acuredge","robots":{"index":"index","follow":"follow","max-snippet":"max-snippet:-1","max-image-preview":"max-image-preview:large","max-video-preview":"max-video-preview:-1"},"canonical":"https:\/\/acuredge.com\/de\/nos-solutions\/","og_locale":"de_DE","og_type":"article","og_title":"Unsere L\u00f6sungen - Acuredge","og_url":"https:\/\/acuredge.com\/de\/nos-solutions\/","og_site_name":"Acuredge","article_modified_time":"2025-12-03T09:23:02+00:00","og_image":[{"width":2560,"height":1650,"url":"https:\/\/acuredge.com\/wp-content\/uploads\/2025\/11\/image-terre-Acuredge-nos-solutions-scaled.jpg","type":"image\/jpeg"}],"twitter_card":"summary_large_image","schema":{"@context":"https:\/\/schema.org","@graph":[{"@type":"WebPage","@id":"https:\/\/acuredge.com\/de\/nos-solutions\/","url":"https:\/\/acuredge.com\/de\/nos-solutions\/","name":"Unsere L\u00f6sungen - Acuredge","isPartOf":{"@id":"https:\/\/acuredge.com\/#website"},"primaryImageOfPage":{"@id":"https:\/\/acuredge.com\/de\/nos-solutions\/#primaryimage"},"image":{"@id":"https:\/\/acuredge.com\/de\/nos-solutions\/#primaryimage"},"thumbnailUrl":"https:\/\/acuredge.com\/wp-content\/uploads\/2025\/11\/image-terre-Acuredge-nos-solutions-scaled.jpg","datePublished":"2022-05-14T06:52:59+00:00","dateModified":"2025-12-03T09:23:02+00:00","inLanguage":"de","potentialAction":[{"@type":"ReadAction","target":["https:\/\/acuredge.com\/de\/nos-solutions\/"]}]},{"@type":"ImageObject","inLanguage":"de","@id":"https:\/\/acuredge.com\/de\/nos-solutions\/#primaryimage","url":"https:\/\/acuredge.com\/wp-content\/uploads\/2025\/11\/image-terre-Acuredge-nos-solutions-scaled.jpg","contentUrl":"https:\/\/acuredge.com\/wp-content\/uploads\/2025\/11\/image-terre-Acuredge-nos-solutions-scaled.jpg","width":2560,"height":1650},{"@type":"WebSite","@id":"https:\/\/acuredge.com\/#website","url":"https:\/\/acuredge.com\/","name":"Acuredge","description":"Solution GRC leader de Surveillance permanente des Risques et de la Conformit\u00e9 pour une performance durable","publisher":{"@id":"https:\/\/acuredge.com\/#organization"},"potentialAction":[{"@type":"SearchAction","target":{"@type":"EntryPoint","urlTemplate":"https:\/\/acuredge.com\/?s={search_term_string}"},"query-input":{"@type":"PropertyValueSpecification","valueRequired":true,"valueName":"search_term_string"}}],"inLanguage":"de"},{"@type":"Organization","@id":"https:\/\/acuredge.com\/#organization","name":"Acuredge","url":"https:\/\/acuredge.com\/","logo":{"@type":"ImageObject","inLanguage":"de","@id":"https:\/\/acuredge.com\/#\/schema\/logo\/image\/","url":"https:\/\/acuredge.com\/wp-content\/uploads\/2025\/08\/acuredge-logo.png","contentUrl":"https:\/\/acuredge.com\/wp-content\/uploads\/2025\/08\/acuredge-logo.png","width":19644,"height":5549,"caption":"Acuredge"},"image":{"@id":"https:\/\/acuredge.com\/#\/schema\/logo\/image\/"},"sameAs":["https:\/\/www.linkedin.com\/company\/acuredge\/about\/"]}]}},"_links":{"self":[{"href":"https:\/\/acuredge.com\/de\/wp-json\/wp\/v2\/pages\/9751","targetHints":{"allow":["GET"]}}],"collection":[{"href":"https:\/\/acuredge.com\/de\/wp-json\/wp\/v2\/pages"}],"about":[{"href":"https:\/\/acuredge.com\/de\/wp-json\/wp\/v2\/types\/page"}],"author":[{"embeddable":true,"href":"https:\/\/acuredge.com\/de\/wp-json\/wp\/v2\/users\/1"}],"replies":[{"embeddable":true,"href":"https:\/\/acuredge.com\/de\/wp-json\/wp\/v2\/comments?post=9751"}],"version-history":[{"count":7,"href":"https:\/\/acuredge.com\/de\/wp-json\/wp\/v2\/pages\/9751\/revisions"}],"predecessor-version":[{"id":10101,"href":"https:\/\/acuredge.com\/de\/wp-json\/wp\/v2\/pages\/9751\/revisions\/10101"}],"wp:featuredmedia":[{"embeddable":true,"href":"https:\/\/acuredge.com\/de\/wp-json\/wp\/v2\/media\/9901"}],"wp:attachment":[{"href":"https:\/\/acuredge.com\/de\/wp-json\/wp\/v2\/media?parent=9751"}],"curies":[{"name":"wp","href":"https:\/\/api.w.org\/{rel}","templated":true}]}}