{"id":9758,"date":"2022-01-19T20:47:51","date_gmt":"2022-01-19T19:47:51","guid":{"rendered":"https:\/\/acuredge.com\/accelerate-in-innovation\/"},"modified":"2025-11-07T16:19:50","modified_gmt":"2025-11-07T15:19:50","slug":"accelerate-in-innovation","status":"publish","type":"page","link":"https:\/\/acuredge.com\/de\/accelerate-in-innovation\/","title":{"rendered":"Acuredge Risikomanagement"},"content":{"rendered":"<header class=\"block header-page py-5 pb-xxl-6 \" id=\"block_b0bbe6ec60f8802f9896fafad7799c4f\">\n\n\t<div class=\"content-wrapper\">\n\n\t\t<div class=\"container\">\n\n\t\t\t<div class=\"row mb-5\">\n\n\t\t\t\t<div class=\"col\">\n\n\t\t\t\t\t\n\t\t<nav id=\"breadcrumb\" typeof=\"BreadcrumbList\" vocab=\"https:\/\/schema.org\/\" class=\"\" aria-label=\"You are here:\">\n\n\t\t\t<span property=\"itemListElement\" typeof=\"ListItem\"><a property=\"item\" typeof=\"WebPage\" title=\"Go to Acuredge.\" href=\"https:\/\/acuredge.com\/de\/\" class=\"home\" ><span property=\"name\">Acuredge<\/span><\/a><meta property=\"position\" content=\"1\"><\/span><span class=\"separator\" aria-hidden=\"true\"><i class=\"fas fa-circle fa-xs\" data-fa-transform=\"shrink-8\"><\/i><\/span><span property=\"itemListElement\" typeof=\"ListItem\"><a property=\"item\" typeof=\"WebPage\" title=\"Go to News.\" href=\"https:\/\/acuredge.com\/de\/blog-nearshore\/\" class=\"post-root post post-post\" aria-current=\"page\"><span property=\"name\">News<\/span><\/a><meta property=\"position\" content=\"2\"><\/span>\n\t\t<\/nav>\n\n\n\t\t\t\t<\/div>\n\n\t\t\t<\/div>\n\n\n\t\t\t<div class=\"row\">\n\n\t\t\t\t<div class=\"col-xl-7\">\n\n\t\t\t\t\t<h1 class=\"header-title\">Strukturieren und optimieren Sie Ihr Risikomanagement nachhaltig.\n<\/h1>\n\n\t\t\t\t\t\n\t\t\t\t\t\n\t\t\t\t\t\t\n\t\t<a href=\"https:\/\/acuredge.com\/de\/contact\/\" target=\"_self\"  class=\"btn btn-arrow\">Kontaktieren Sie uns, um mehr zu erfahren.<span class=\"arrow\" aria-hidden=\"true\"><span class=\"arrow-inner\"><\/span><\/span><\/a>\n\t\n\t\t\t\t\t\n\t\t\t\t<\/div>\n\n\t\t\t<\/div>\n\n\t\t<\/div>\n\n\t<\/div>\n\n\t<div class=\"wrapper-image-bis\">\n\t\t<img loading=\"lazy\" decoding=\"async\" width=\"234\" height=\"234\" src=\"https:\/\/acuredge.com\/wp-content\/uploads\/2022\/05\/Offre-risque.png\" class=\"attachment-square_234 size-square_234\" alt=\"\" srcset=\"https:\/\/acuredge.com\/wp-content\/uploads\/2022\/05\/Offre-risque.png 4177w, https:\/\/acuredge.com\/wp-content\/uploads\/2022\/05\/Offre-risque-300x300.png 300w, https:\/\/acuredge.com\/wp-content\/uploads\/2022\/05\/Offre-risque-1296x1296.png 1296w, https:\/\/acuredge.com\/wp-content\/uploads\/2022\/05\/Offre-risque-150x150.png 150w, https:\/\/acuredge.com\/wp-content\/uploads\/2022\/05\/Offre-risque-768x768.png 768w, https:\/\/acuredge.com\/wp-content\/uploads\/2022\/05\/Offre-risque-1536x1536.png 1536w, https:\/\/acuredge.com\/wp-content\/uploads\/2022\/05\/Offre-risque-2048x2048.png 2048w\" sizes=\"auto, (max-width: 234px) 100vw, 234px\" \/>\t\t\t\n\t<\/div>\n\n\t<div class=\"wrapper-image\">\n\t\t<img loading=\"lazy\" decoding=\"async\" width=\"700\" height=\"700\" src=\"https:\/\/acuredge.com\/wp-content\/uploads\/2022\/05\/Offre-risque.png\" class=\"attachment-square_700 size-square_700\" alt=\"\" srcset=\"https:\/\/acuredge.com\/wp-content\/uploads\/2022\/05\/Offre-risque.png 4177w, https:\/\/acuredge.com\/wp-content\/uploads\/2022\/05\/Offre-risque-300x300.png 300w, https:\/\/acuredge.com\/wp-content\/uploads\/2022\/05\/Offre-risque-1296x1296.png 1296w, https:\/\/acuredge.com\/wp-content\/uploads\/2022\/05\/Offre-risque-150x150.png 150w, https:\/\/acuredge.com\/wp-content\/uploads\/2022\/05\/Offre-risque-768x768.png 768w, https:\/\/acuredge.com\/wp-content\/uploads\/2022\/05\/Offre-risque-1536x1536.png 1536w, https:\/\/acuredge.com\/wp-content\/uploads\/2022\/05\/Offre-risque-2048x2048.png 2048w\" sizes=\"auto, (max-width: 700px) 100vw, 700px\" \/>\t\t\n\t<\/div>\n\n<\/header>\n\n<div class=\"block list-pictos py-6  bg-light \" id=\"block_7a1f7a0f774c125ca3c699949041aaef\">\n\n\t<div class=\"container\">\n\n\t\t<div class=\"row mb-5 justify-content-center\">\n\n\t\t\t<div class=\"col-lg-8 col-xl-6 text-center\">\n\n\t\t\t\t\n  \n                                    <h2 class=\"block-title lp-reveal-top\">\n                    \t                \t<strong>Acuredge Risk<\/strong> deckt den gesamten Risikomanagementzyklus ab \u2013 flexibel, sektorspezifisch und f\u00fcr jede Risikoart geeignet.\n<\/h2>\n                \n                \n\t\t\t<\/div>\n\n\t\t<\/div>\n\n\n\t\t\n\t\t    <div class=\"row gy-6 justify-content-between\">\n\n\t\t    \n\t\t        <div class=\"col-lg-6 col-xl-5\">\n\n\t\t        \t<div class=\"row-list align-items-center\">\n\n\t\t        \t\t<div class=\"me-lg-4\">\n\n\t\t\t        \t\t<div class=\"circle\">\n\n\t\t\t\t\t\t\t\t<i class=\"fal fa-telescope fa-3x text-primary mb-3\" aria-hidden=\"true\"><\/i>\n\t\t\t\t\t\t\t\t<h3 class=\"title\"><strong>Risiken erkennen<\/strong>\n<\/h3>\n\n\t\t\t        \t\t<\/div>\n\n\t\t\t        \t<\/div>\n\n\t\t\t        \t<div>\n\t\t\t\t        \t\t\t\t        \t\t<p class=\"text-center text-lg-start mb-0 text\">Risiken k\u00f6nnen aus dem Risikouniversum der Organisation (Top-down) identifiziert oder direkt lokal (Bottom-up) erstellt werden.<\/p>\n\t\t\t        \t\t\n\t\t\t        \t\t\t\t\t        \t<\/div>\n\n\t\t        \t<\/div>\n\n\t\t        <\/div>\n\n\t\t    \n\t\t        <div class=\"col-lg-6 col-xl-5\">\n\n\t\t        \t<div class=\"row-list align-items-center\">\n\n\t\t        \t\t<div class=\"me-lg-4\">\n\n\t\t\t        \t\t<div class=\"circle\">\n\n\t\t\t\t\t\t\t\t<i class=\"fal fa-chart-line fa-3x text-primary mb-3\" aria-hidden=\"true\"><\/i>\n\t\t\t\t\t\t\t\t<h3 class=\"title\"><strong>Risiken einsch\u00e4tzen<\/strong>\n<\/h3>\n\n\t\t\t        \t\t<\/div>\n\n\t\t\t        \t<\/div>\n\n\t\t\t        \t<div>\n\t\t\t\t        \t\t\t\t        \t\t<p class=\"text-center text-lg-start mb-0 text\">Die Auswirkungen und die Wahrscheinlichkeit von Risiken k\u00f6nnen auf inh\u00e4renter, residualer und Zielebene bewertet werden. Auch die Risikokontrolle kann beurteilt werden.<\/p>\n\t\t\t        \t\t\n\t\t\t        \t\t\t\t\t        \t<\/div>\n\n\t\t        \t<\/div>\n\n\t\t        <\/div>\n\n\t\t    \n\t\t        <div class=\"col-lg-6 col-xl-5\">\n\n\t\t        \t<div class=\"row-list align-items-center\">\n\n\t\t        \t\t<div class=\"me-lg-4\">\n\n\t\t\t        \t\t<div class=\"circle\">\n\n\t\t\t\t\t\t\t\t<i class=\"fal fa-tools fa-3x text-primary mb-3\" aria-hidden=\"true\"><\/i>\n\t\t\t\t\t\t\t\t<h3 class=\"title\"><strong>Risiken minimieren<\/strong>\n<\/h3>\n\n\t\t\t        \t\t<\/div>\n\n\t\t\t        \t<\/div>\n\n\t\t\t        \t<div>\n\t\t\t\t        \t\t\t\t        \t\t<p class=\"text-center text-lg-start mb-0 text\">Risikobeauftragte k\u00f6nnen Ma\u00dfnahmen zur Risikominderung definieren und bewerten: Kontrollen, Aktionspl\u00e4ne usw.<\/p>\n\t\t\t        \t\t\n\t\t\t        \t\t\t\t\t        \t<\/div>\n\n\t\t        \t<\/div>\n\n\t\t        <\/div>\n\n\t\t    \n\t\t        <div class=\"col-lg-6 col-xl-5\">\n\n\t\t        \t<div class=\"row-list align-items-center\">\n\n\t\t        \t\t<div class=\"me-lg-4\">\n\n\t\t\t        \t\t<div class=\"circle\">\n\n\t\t\t\t\t\t\t\t<i class=\"fal fa-analytics fa-3x text-primary mb-3\" aria-hidden=\"true\"><\/i>\n\t\t\t\t\t\t\t\t<h3 class=\"title\"><strong>Bearbeiten von Risikokarten und -analysen<\/strong>\n<\/h3>\n\n\t\t\t        \t\t<\/div>\n\n\t\t\t        \t<\/div>\n\n\t\t\t        \t<div>\n\t\t\t\t        \t\t\t\t        \t\t<p class=\"text-center text-lg-start mb-0 text\">Mit der L\u00f6sung k\u00f6nnen Sie Risikokarten nach Organisationsebenen, Zielen, Prozessen, Risikokategorien und anpassbaren Berichten erstellen.<\/p>\n\t\t\t        \t\t\n\t\t\t        \t\t\t\t\t        \t<\/div>\n\n\t\t        \t<\/div>\n\n\t\t        <\/div>\n\n\t\t    \n\t\t        <div class=\"col-lg-6 col-xl-5\">\n\n\t\t        \t<div class=\"row-list align-items-center\">\n\n\t\t        \t\t<div class=\"me-lg-4\">\n\n\t\t\t        \t\t<div class=\"circle\">\n\n\t\t\t\t\t\t\t\t<i class=\"fal fa-hand-holding-seedling fa-3x text-primary mb-3\" aria-hidden=\"true\"><\/i>\n\t\t\t\t\t\t\t\t<h3 class=\"title\"><strong>Erfassen und verfolgen Sie Risikoereignisse<\/strong>\n<\/h3>\n\n\t\t\t        \t\t<\/div>\n\n\t\t\t        \t<\/div>\n\n\t\t\t        \t<div>\n\t\t\t\t        \t\t\t\t        \t\t<p class=\"text-center text-lg-start mb-0 text\">Die L\u00f6sung bietet au\u00dferdem eine Vorfall- und Verlustdatenbank. Es ist m\u00f6glich, f\u00fcr jeden Vorfall ein Formular mit der Bewertung der Verluste, dem Sanierungsplan usw. und den damit verbundenen Risiken zu erstellen.<\/p>\n\t\t\t        \t\t\n\t\t\t        \t\t\t\t\t        \t<\/div>\n\n\t\t        \t<\/div>\n\n\t\t        <\/div>\n\n\t\t    \n\t\t        <div class=\"col-lg-6 col-xl-5\">\n\n\t\t        \t<div class=\"row-list align-items-center\">\n\n\t\t        \t\t<div class=\"me-lg-4\">\n\n\t\t\t        \t\t<div class=\"circle\">\n\n\t\t\t\t\t\t\t\t<i class=\"fal fa-waveform-path fa-3x text-primary mb-3\" aria-hidden=\"true\"><\/i>\n\t\t\t\t\t\t\t\t<h3 class=\"title\"><strong>Implementieren Sie einen <\/strong>\n<strong>Risikoberwachungsprozess<\/strong>\n<\/h3>\n\n\t\t\t        \t\t<\/div>\n\n\t\t\t        \t<\/div>\n\n\t\t\t        \t<div>\n\t\t\t\t        \t\t\t\t        \t\t<p class=\"text-center text-lg-start mb-0 text\">Die L\u00f6sung bietet eine 360-Grad-Sicht auf Risiken mit allen zugeh\u00f6rigen Elementen aus den drei Verteidigungslinien. Der Risikoeigent\u00fcmer erh\u00e4lt Warnmeldungen, wenn die Entwicklung der Risiken Auswirkungen auf die Risikobewertung haben k\u00f6nnte.<\/p>\n\t\t\t        \t\t\n\t\t\t        \t\t\t\t\t        \t<\/div>\n\n\t\t        \t<\/div>\n\n\t\t        <\/div>\n\n\t\t    \n\t\t    <\/div>\n\n\t\t\t\t\n\n\t<\/div>\n\n<\/div>","protected":false},"excerpt":{"rendered":"","protected":false},"author":71,"featured_media":9760,"parent":0,"menu_order":0,"comment_status":"closed","ping_status":"closed","template":"","meta":{"_acf_changed":false,"footnotes":""},"class_list":["post-9758","page","type-page","status-publish","has-post-thumbnail","hentry"],"acf":[],"yoast_head":"<!-- This site is optimized with the Yoast SEO plugin v27.4 - https:\/\/yoast.com\/product\/yoast-seo-wordpress\/ -->\n<title>Acuredge Risikomanagement - Nearshore Services<\/title>\n<meta name=\"description\" content=\"Our Nearshore Centre can transform your business, using the most diverse technologies to accelerate your project.\" \/>\n<meta name=\"robots\" content=\"index, follow, max-snippet:-1, max-image-preview:large, max-video-preview:-1\" \/>\n<link rel=\"canonical\" href=\"https:\/\/acuredge.com\/de\/accelerate-in-innovation\/\" \/>\n<meta property=\"og:locale\" content=\"de_DE\" \/>\n<meta property=\"og:type\" content=\"article\" \/>\n<meta property=\"og:title\" content=\"Acuredge Risikomanagement - Nearshore Services\" \/>\n<meta property=\"og:description\" content=\"Our Nearshore Centre can transform your business, using the most diverse technologies to accelerate your project.\" \/>\n<meta property=\"og:url\" content=\"https:\/\/acuredge.com\/de\/accelerate-in-innovation\/\" \/>\n<meta property=\"og:site_name\" content=\"Acuredge\" \/>\n<meta property=\"article:modified_time\" content=\"2025-11-07T15:19:50+00:00\" \/>\n<meta property=\"og:image\" content=\"https:\/\/acuredge.com\/wp-content\/uploads\/2022\/05\/Offre-risque-1296x1296.png\" \/>\n\t<meta property=\"og:image:width\" content=\"1296\" \/>\n\t<meta property=\"og:image:height\" content=\"1296\" \/>\n\t<meta property=\"og:image:type\" content=\"image\/png\" \/>\n<meta name=\"twitter:card\" content=\"summary_large_image\" \/>\n<script type=\"application\/ld+json\" class=\"yoast-schema-graph\">{\"@context\":\"https:\\\/\\\/schema.org\",\"@graph\":[{\"@type\":\"WebPage\",\"@id\":\"https:\\\/\\\/acuredge.com\\\/de\\\/accelerate-in-innovation\\\/\",\"url\":\"https:\\\/\\\/acuredge.com\\\/de\\\/accelerate-in-innovation\\\/\",\"name\":\"Acuredge Risikomanagement - Nearshore Services\",\"isPartOf\":{\"@id\":\"https:\\\/\\\/acuredge.com\\\/#website\"},\"primaryImageOfPage\":{\"@id\":\"https:\\\/\\\/acuredge.com\\\/de\\\/accelerate-in-innovation\\\/#primaryimage\"},\"image\":{\"@id\":\"https:\\\/\\\/acuredge.com\\\/de\\\/accelerate-in-innovation\\\/#primaryimage\"},\"thumbnailUrl\":\"https:\\\/\\\/acuredge.com\\\/wp-content\\\/uploads\\\/2022\\\/05\\\/Offre-risque.png\",\"datePublished\":\"2022-01-19T19:47:51+00:00\",\"dateModified\":\"2025-11-07T15:19:50+00:00\",\"description\":\"Our Nearshore Centre can transform your business, using the most diverse technologies to accelerate your project.\",\"inLanguage\":\"de\",\"potentialAction\":[{\"@type\":\"ReadAction\",\"target\":[\"https:\\\/\\\/acuredge.com\\\/de\\\/accelerate-in-innovation\\\/\"]}]},{\"@type\":\"ImageObject\",\"inLanguage\":\"de\",\"@id\":\"https:\\\/\\\/acuredge.com\\\/de\\\/accelerate-in-innovation\\\/#primaryimage\",\"url\":\"https:\\\/\\\/acuredge.com\\\/wp-content\\\/uploads\\\/2022\\\/05\\\/Offre-risque.png\",\"contentUrl\":\"https:\\\/\\\/acuredge.com\\\/wp-content\\\/uploads\\\/2022\\\/05\\\/Offre-risque.png\",\"width\":4177,\"height\":4177},{\"@type\":\"WebSite\",\"@id\":\"https:\\\/\\\/acuredge.com\\\/#website\",\"url\":\"https:\\\/\\\/acuredge.com\\\/\",\"name\":\"Acuredge\",\"description\":\"Solution GRC leader de Surveillance permanente des Risques et de la Conformit\u00e9 pour une performance durable\",\"publisher\":{\"@id\":\"https:\\\/\\\/acuredge.com\\\/#organization\"},\"potentialAction\":[{\"@type\":\"SearchAction\",\"target\":{\"@type\":\"EntryPoint\",\"urlTemplate\":\"https:\\\/\\\/acuredge.com\\\/?s={search_term_string}\"},\"query-input\":{\"@type\":\"PropertyValueSpecification\",\"valueRequired\":true,\"valueName\":\"search_term_string\"}}],\"inLanguage\":\"de\"},{\"@type\":\"Organization\",\"@id\":\"https:\\\/\\\/acuredge.com\\\/#organization\",\"name\":\"Acuredge\",\"url\":\"https:\\\/\\\/acuredge.com\\\/\",\"logo\":{\"@type\":\"ImageObject\",\"inLanguage\":\"de\",\"@id\":\"https:\\\/\\\/acuredge.com\\\/#\\\/schema\\\/logo\\\/image\\\/\",\"url\":\"https:\\\/\\\/acuredge.com\\\/wp-content\\\/uploads\\\/2025\\\/08\\\/acuredge-logo.png\",\"contentUrl\":\"https:\\\/\\\/acuredge.com\\\/wp-content\\\/uploads\\\/2025\\\/08\\\/acuredge-logo.png\",\"width\":19644,\"height\":5549,\"caption\":\"Acuredge\"},\"image\":{\"@id\":\"https:\\\/\\\/acuredge.com\\\/#\\\/schema\\\/logo\\\/image\\\/\"},\"sameAs\":[\"https:\\\/\\\/www.linkedin.com\\\/company\\\/acuredge\\\/about\\\/\"]}]}<\/script>\n<!-- \/ Yoast SEO plugin. -->","yoast_head_json":{"title":"Acuredge Risikomanagement - Nearshore Services","description":"Our Nearshore Centre can transform your business, using the most diverse technologies to accelerate your project.","robots":{"index":"index","follow":"follow","max-snippet":"max-snippet:-1","max-image-preview":"max-image-preview:large","max-video-preview":"max-video-preview:-1"},"canonical":"https:\/\/acuredge.com\/de\/accelerate-in-innovation\/","og_locale":"de_DE","og_type":"article","og_title":"Acuredge Risikomanagement - Nearshore Services","og_description":"Our Nearshore Centre can transform your business, using the most diverse technologies to accelerate your project.","og_url":"https:\/\/acuredge.com\/de\/accelerate-in-innovation\/","og_site_name":"Acuredge","article_modified_time":"2025-11-07T15:19:50+00:00","og_image":[{"width":1296,"height":1296,"url":"https:\/\/acuredge.com\/wp-content\/uploads\/2022\/05\/Offre-risque-1296x1296.png","type":"image\/png"}],"twitter_card":"summary_large_image","schema":{"@context":"https:\/\/schema.org","@graph":[{"@type":"WebPage","@id":"https:\/\/acuredge.com\/de\/accelerate-in-innovation\/","url":"https:\/\/acuredge.com\/de\/accelerate-in-innovation\/","name":"Acuredge Risikomanagement - Nearshore Services","isPartOf":{"@id":"https:\/\/acuredge.com\/#website"},"primaryImageOfPage":{"@id":"https:\/\/acuredge.com\/de\/accelerate-in-innovation\/#primaryimage"},"image":{"@id":"https:\/\/acuredge.com\/de\/accelerate-in-innovation\/#primaryimage"},"thumbnailUrl":"https:\/\/acuredge.com\/wp-content\/uploads\/2022\/05\/Offre-risque.png","datePublished":"2022-01-19T19:47:51+00:00","dateModified":"2025-11-07T15:19:50+00:00","description":"Our Nearshore Centre can transform your business, using the most diverse technologies to accelerate your project.","inLanguage":"de","potentialAction":[{"@type":"ReadAction","target":["https:\/\/acuredge.com\/de\/accelerate-in-innovation\/"]}]},{"@type":"ImageObject","inLanguage":"de","@id":"https:\/\/acuredge.com\/de\/accelerate-in-innovation\/#primaryimage","url":"https:\/\/acuredge.com\/wp-content\/uploads\/2022\/05\/Offre-risque.png","contentUrl":"https:\/\/acuredge.com\/wp-content\/uploads\/2022\/05\/Offre-risque.png","width":4177,"height":4177},{"@type":"WebSite","@id":"https:\/\/acuredge.com\/#website","url":"https:\/\/acuredge.com\/","name":"Acuredge","description":"Solution GRC leader de Surveillance permanente des Risques et de la Conformit\u00e9 pour une performance durable","publisher":{"@id":"https:\/\/acuredge.com\/#organization"},"potentialAction":[{"@type":"SearchAction","target":{"@type":"EntryPoint","urlTemplate":"https:\/\/acuredge.com\/?s={search_term_string}"},"query-input":{"@type":"PropertyValueSpecification","valueRequired":true,"valueName":"search_term_string"}}],"inLanguage":"de"},{"@type":"Organization","@id":"https:\/\/acuredge.com\/#organization","name":"Acuredge","url":"https:\/\/acuredge.com\/","logo":{"@type":"ImageObject","inLanguage":"de","@id":"https:\/\/acuredge.com\/#\/schema\/logo\/image\/","url":"https:\/\/acuredge.com\/wp-content\/uploads\/2025\/08\/acuredge-logo.png","contentUrl":"https:\/\/acuredge.com\/wp-content\/uploads\/2025\/08\/acuredge-logo.png","width":19644,"height":5549,"caption":"Acuredge"},"image":{"@id":"https:\/\/acuredge.com\/#\/schema\/logo\/image\/"},"sameAs":["https:\/\/www.linkedin.com\/company\/acuredge\/about\/"]}]}},"_links":{"self":[{"href":"https:\/\/acuredge.com\/de\/wp-json\/wp\/v2\/pages\/9758","targetHints":{"allow":["GET"]}}],"collection":[{"href":"https:\/\/acuredge.com\/de\/wp-json\/wp\/v2\/pages"}],"about":[{"href":"https:\/\/acuredge.com\/de\/wp-json\/wp\/v2\/types\/page"}],"author":[{"embeddable":true,"href":"https:\/\/acuredge.com\/de\/wp-json\/wp\/v2\/users\/71"}],"replies":[{"embeddable":true,"href":"https:\/\/acuredge.com\/de\/wp-json\/wp\/v2\/comments?post=9758"}],"version-history":[{"count":4,"href":"https:\/\/acuredge.com\/de\/wp-json\/wp\/v2\/pages\/9758\/revisions"}],"predecessor-version":[{"id":9876,"href":"https:\/\/acuredge.com\/de\/wp-json\/wp\/v2\/pages\/9758\/revisions\/9876"}],"wp:featuredmedia":[{"embeddable":true,"href":"https:\/\/acuredge.com\/de\/wp-json\/wp\/v2\/media\/9760"}],"wp:attachment":[{"href":"https:\/\/acuredge.com\/de\/wp-json\/wp\/v2\/media?parent=9758"}],"curies":[{"name":"wp","href":"https:\/\/api.w.org\/{rel}","templated":true}]}}