{"id":9763,"date":"2022-05-13T16:17:13","date_gmt":"2022-05-13T14:17:13","guid":{"rendered":"https:\/\/acuredge.com\/controle-conformite\/"},"modified":"2025-11-07T16:22:05","modified_gmt":"2025-11-07T15:22:05","slug":"controle-conformite","status":"publish","type":"page","link":"https:\/\/acuredge.com\/de\/controle-conformite\/","title":{"rendered":"Kontrolle und Compliance"},"content":{"rendered":"<header class=\"block header-page py-5 pb-xxl-6 \" id=\"block_2d0e399398a0770ec49f3d61be87d28f\">\n\n\t<div class=\"content-wrapper\">\n\n\t\t<div class=\"container\">\n\n\t\t\t<div class=\"row mb-5\">\n\n\t\t\t\t<div class=\"col\">\n\n\t\t\t\t\t\n\t\t<nav id=\"breadcrumb\" typeof=\"BreadcrumbList\" vocab=\"https:\/\/schema.org\/\" class=\"\" aria-label=\"You are here:\">\n\n\t\t\t<span property=\"itemListElement\" typeof=\"ListItem\"><a property=\"item\" typeof=\"WebPage\" title=\"Go to Acuredge.\" href=\"https:\/\/acuredge.com\/de\/\" class=\"home\" ><span property=\"name\">Acuredge<\/span><\/a><meta property=\"position\" content=\"1\"><\/span><span class=\"separator\" aria-hidden=\"true\"><i class=\"fas fa-circle fa-xs\" data-fa-transform=\"shrink-8\"><\/i><\/span><span property=\"itemListElement\" typeof=\"ListItem\"><a property=\"item\" typeof=\"WebPage\" title=\"Go to News.\" href=\"https:\/\/acuredge.com\/de\/blog-nearshore\/\" class=\"post-root post post-post\" aria-current=\"page\"><span property=\"name\">News<\/span><\/a><meta property=\"position\" content=\"2\"><\/span>\n\t\t<\/nav>\n\n\n\t\t\t\t<\/div>\n\n\t\t\t<\/div>\n\n\n\t\t\t<div class=\"row\">\n\n\t\t\t\t<div class=\"col-xl-7\">\n\n\t\t\t\t\t<h1 class=\"header-title\"><strong>Sie m\u00f6chten die Kontrolle und Compliance-\u00dcberwachung in Ihrem Unternehmen optimieren und Analysen und Berichte einfach bearbeiten<\/strong>\n<\/h1>\n\n\t\t\t\t\t\n\t\t\t\t\t\n\t\t\t\t\t\t\n\t\t<a href=\"https:\/\/acuredge.com\/de\/contact\/\" target=\"_self\"  class=\"btn btn-arrow\">Kontaktieren Sie uns<span class=\"arrow\" aria-hidden=\"true\"><span class=\"arrow-inner\"><\/span><\/span><\/a>\n\t\n\t\t\t\t\t\n\t\t\t\t<\/div>\n\n\t\t\t<\/div>\n\n\t\t<\/div>\n\n\t<\/div>\n\n\t<div class=\"wrapper-image-bis\">\n\t\t<img loading=\"lazy\" decoding=\"async\" width=\"234\" height=\"234\" src=\"https:\/\/acuredge.com\/wp-content\/uploads\/2022\/05\/Offre-control-234x234.jpg\" class=\"attachment-square_234 size-square_234\" alt=\"\" srcset=\"https:\/\/acuredge.com\/wp-content\/uploads\/2022\/05\/Offre-control-234x234.jpg 234w, https:\/\/acuredge.com\/wp-content\/uploads\/2022\/05\/Offre-control-150x150.jpg 150w, https:\/\/acuredge.com\/wp-content\/uploads\/2022\/05\/Offre-control-512x512.jpg 512w, https:\/\/acuredge.com\/wp-content\/uploads\/2022\/05\/Offre-control-700x700.jpg 700w, https:\/\/acuredge.com\/wp-content\/uploads\/2022\/05\/Offre-control-1150x1150.jpg 1150w, https:\/\/acuredge.com\/wp-content\/uploads\/2022\/05\/Offre-control-1800x1800.jpg 1800w\" sizes=\"auto, (max-width: 234px) 100vw, 234px\" \/>\t\t\t\n\t<\/div>\n\n\t<div class=\"wrapper-image\">\n\t\t<img loading=\"lazy\" decoding=\"async\" width=\"700\" height=\"700\" src=\"https:\/\/acuredge.com\/wp-content\/uploads\/2022\/05\/Offre-control-700x700.jpg\" class=\"attachment-square_700 size-square_700\" alt=\"\" srcset=\"https:\/\/acuredge.com\/wp-content\/uploads\/2022\/05\/Offre-control-700x700.jpg 700w, https:\/\/acuredge.com\/wp-content\/uploads\/2022\/05\/Offre-control-150x150.jpg 150w, https:\/\/acuredge.com\/wp-content\/uploads\/2022\/05\/Offre-control-234x234.jpg 234w, https:\/\/acuredge.com\/wp-content\/uploads\/2022\/05\/Offre-control-512x512.jpg 512w, https:\/\/acuredge.com\/wp-content\/uploads\/2022\/05\/Offre-control-1150x1150.jpg 1150w, https:\/\/acuredge.com\/wp-content\/uploads\/2022\/05\/Offre-control-1800x1800.jpg 1800w\" sizes=\"auto, (max-width: 700px) 100vw, 700px\" \/>\t\t\n\t<\/div>\n\n<\/header>\n\n<div class=\"block list-pictos py-6  bg-light \" id=\"block_ab9890069284be3dd8222ea049dc80ed\">\n\n\t<div class=\"container\">\n\n\t\t<div class=\"row mb-5 justify-content-center\">\n\n\t\t\t<div class=\"col-lg-8 col-xl-6 text-center\">\n\n\t\t\t\t\n  \n                                    <h2 class=\"block-title lp-reveal-top\">\n                    \t                \t<strong>Acuredge Control <\/strong>and Compliance bietet eine breite Palette konfigurierbarer Funktionen zur effektiven Verwaltung der <strong>1. und 2. <\/strong><strong>Kontrollebene<\/strong> sowie der <strong>Compliance<\/strong>.\n<\/h2>\n                \n                \n\t\t\t<\/div>\n\n\t\t<\/div>\n\n\n\t\t\n\t\t    <div class=\"row gy-6 justify-content-between\">\n\n\t\t    \n\t\t        <div class=\"col-lg-6 col-xl-5\">\n\n\t\t        \t<div class=\"row-list align-items-center\">\n\n\t\t        \t\t<div class=\"me-lg-4\">\n\n\t\t\t        \t\t<div class=\"circle\">\n\n\t\t\t\t\t\t\t\t<i class=\"fal fa-line-height fa-3x text-primary mb-3\" aria-hidden=\"true\"><\/i>\n\t\t\t\t\t\t\t\t<h3 class=\"title\"><strong>Kontroll- und Regulierungsrahmen verwalten<\/strong>\n<\/h3>\n\n\t\t\t        \t\t<\/div>\n\n\t\t\t        \t<\/div>\n\n\t\t\t        \t<div>\n\t\t\t\t        \t\t\t\t        \t\t<p class=\"text-center text-lg-start mb-0 text\">Die L\u00f6sung erm\u00f6glicht die Verwaltung von Kontrollrahmen nach Prozessen, Vorschriften, Risiken, T\u00e4tigkeitsbereichen usw. Die L\u00f6sung erm\u00f6glicht Ihnen die Verwaltung von Gruppen- und lokalen Rahmen. Es ist m\u00f6glich, mehrere Rahmen zur Einhaltung gesetzlicher Vorschriften zu verwalten.<\/p>\n\t\t\t        \t\t\n\t\t\t        \t\t\t\t\t        \t<\/div>\n\n\t\t        \t<\/div>\n\n\t\t        <\/div>\n\n\t\t    \n\t\t        <div class=\"col-lg-6 col-xl-5\">\n\n\t\t        \t<div class=\"row-list align-items-center\">\n\n\t\t        \t\t<div class=\"me-lg-4\">\n\n\t\t\t        \t\t<div class=\"circle\">\n\n\t\t\t\t\t\t\t\t<i class=\"fal fa-tools fa-3x text-primary mb-3\" aria-hidden=\"true\"><\/i>\n\t\t\t\t\t\t\t\t<h3 class=\"title\"><strong>Verwalten Sie regelm\u00e4\u00dfige Kontrollbewertungskampagnen<\/strong>\n<\/h3>\n\n\t\t\t        \t\t<\/div>\n\n\t\t\t        \t<\/div>\n\n\t\t\t        \t<div>\n\t\t\t\t        \t\t\t\t        \t\t<p class=\"text-center text-lg-start mb-0 text\">Mit dem Tool k\u00f6nnen Sie Frageb\u00f6gen zur Kontrollbewertung starten und nachverfolgen sowie den Befragten und Pr\u00fcfern Erinnerungen senden. Die L\u00f6sung erm\u00f6glicht die Verwaltung einfacher oder komplexer interner Kontrollprojekte, die auch die Dokumentation und Pr\u00fcfung von Kontrollen umfassen.<\/p>\n\t\t\t        \t\t\n\t\t\t        \t\t\t\t\t        \t<\/div>\n\n\t\t        \t<\/div>\n\n\t\t        <\/div>\n\n\t\t    \n\t\t        <div class=\"col-lg-6 col-xl-5\">\n\n\t\t        \t<div class=\"row-list align-items-center\">\n\n\t\t        \t\t<div class=\"me-lg-4\">\n\n\t\t\t        \t\t<div class=\"circle\">\n\n\t\t\t\t\t\t\t\t<i class=\"fal fa-cogs fa-3x text-primary mb-3\" aria-hidden=\"true\"><\/i>\n\t\t\t\t\t\t\t\t<h3 class=\"title\"><strong>Verwalten Sie permanente Kontrollpl\u00e4ne<\/strong>\n<\/h3>\n\n\t\t\t        \t\t<\/div>\n\n\t\t\t        \t<\/div>\n\n\t\t\t        \t<div>\n\t\t\t\t        \t\t\t\t        \t\t<p class=\"text-center text-lg-start mb-0 text\">Die Anwendung erm\u00f6glicht die Verwaltung von Kontrollpl\u00e4nen, die Planung und Zuweisung von Kontrollbewertungen (H\u00e4ufigkeit, Controller, Validierer usw.) sowie die \u00dcberwachung ihrer Ausf\u00fchrung.<\/p>\n\t\t\t        \t\t\n\t\t\t        \t\t\t\t\t        \t<\/div>\n\n\t\t        \t<\/div>\n\n\t\t        <\/div>\n\n\t\t    \n\t\t        <div class=\"col-lg-6 col-xl-5\">\n\n\t\t        \t<div class=\"row-list align-items-center\">\n\n\t\t        \t\t<div class=\"me-lg-4\">\n\n\t\t\t        \t\t<div class=\"circle\">\n\n\t\t\t\t\t\t\t\t<i class=\"fal fa-check-square fa-3x text-primary mb-3\" aria-hidden=\"true\"><\/i>\n\t\t\t\t\t\t\t\t<h3 class=\"title\"><strong>Bewerten Sie die Kontrolle manuell oder automatisch<\/strong>\n<\/h3>\n\n\t\t\t        \t\t<\/div>\n\n\t\t\t        \t<\/div>\n\n\t\t\t        \t<div>\n\t\t\t\t        \t\t\t\t        \t\t<p class=\"text-center text-lg-start mb-0 text\">Die Anwendung erm\u00f6glicht die Eingabe von Ergebnissen, die nach Kontrollpunkten und mit Beweisdokumenten verkn\u00fcpften Dateien detailliert dargestellt werden k\u00f6nnen. Es ist auch m\u00f6glich, Kontrollbewertungen automatisch aus anderen Systemen \u00fcber die API hochzuladen.<\/p>\n\t\t\t        \t\t\n\t\t\t        \t\t\t\t\t        \t<\/div>\n\n\t\t        \t<\/div>\n\n\t\t        <\/div>\n\n\t\t    \n\t\t        <div class=\"col-lg-6 col-xl-5\">\n\n\t\t        \t<div class=\"row-list align-items-center\">\n\n\t\t        \t\t<div class=\"me-lg-4\">\n\n\t\t\t        \t\t<div class=\"circle\">\n\n\t\t\t\t\t\t\t\t<i class=\"fal fa-users fa-3x text-primary mb-3\" aria-hidden=\"true\"><\/i>\n\t\t\t\t\t\t\t\t<h3 class=\"title\"><strong>Erstellen und verfolgen Sie Sanierungspl\u00e4ne<\/strong>\n<\/h3>\n\n\t\t\t        \t\t<\/div>\n\n\t\t\t        \t<\/div>\n\n\t\t\t        \t<div>\n\t\t\t\t        \t\t\t\t        \t\t<p class=\"text-center text-lg-start mb-0 text\">Benutzer k\u00f6nnen Aktionspl\u00e4ne nach Frist, Manager, Status usw. erstellen und verfolgen.<\/p>\n\t\t\t        \t\t\n\t\t\t        \t\t\t\t\t        \t<\/div>\n\n\t\t        \t<\/div>\n\n\t\t        <\/div>\n\n\t\t    \n\t\t        <div class=\"col-lg-6 col-xl-5\">\n\n\t\t        \t<div class=\"row-list align-items-center\">\n\n\t\t        \t\t<div class=\"me-lg-4\">\n\n\t\t\t        \t\t<div class=\"circle\">\n\n\t\t\t\t\t\t\t\t<i class=\"fal fa-analytics fa-3x text-primary mb-3\" aria-hidden=\"true\"><\/i>\n\t\t\t\t\t\t\t\t<h3 class=\"title\"><strong>Bearbeiten mehrerer Analysen und Berichte<\/strong>\n<\/h3>\n\n\t\t\t        \t\t<\/div>\n\n\t\t\t        \t<\/div>\n\n\t\t\t        \t<div>\n\t\t\t\t        \t\t\t\t        \t\t<p class=\"text-center text-lg-start mb-0 text\">Die L\u00f6sung bietet anpassbare Echtzeit-Dashboards und Berichte zur Analyse der Kontrollergebnisse nach Einheiten, Prozessen, Risiken, Vorschriften usw.<\/p>\n\t\t\t        \t\t\n\t\t\t        \t\t\t\t\t        \t<\/div>\n\n\t\t        \t<\/div>\n\n\t\t        <\/div>\n\n\t\t    \n\t\t    <\/div>\n\n\t\t\t\t\n\n\t<\/div>\n\n<\/div>","protected":false},"excerpt":{"rendered":"","protected":false},"author":1,"featured_media":9765,"parent":0,"menu_order":0,"comment_status":"closed","ping_status":"closed","template":"","meta":{"_acf_changed":false,"footnotes":""},"class_list":["post-9763","page","type-page","status-publish","has-post-thumbnail","hentry"],"acf":[],"yoast_head":"<!-- This site is optimized with the Yoast SEO plugin v27.4 - https:\/\/yoast.com\/product\/yoast-seo-wordpress\/ -->\n<title>Kontrolle und Compliance - Acuredge<\/title>\n<meta name=\"robots\" content=\"index, follow, max-snippet:-1, max-image-preview:large, max-video-preview:-1\" \/>\n<link rel=\"canonical\" href=\"https:\/\/acuredge.com\/de\/controle-conformite\/\" \/>\n<meta property=\"og:locale\" content=\"de_DE\" \/>\n<meta property=\"og:type\" content=\"article\" \/>\n<meta property=\"og:title\" content=\"Kontrolle und Compliance - Acuredge\" \/>\n<meta property=\"og:url\" content=\"https:\/\/acuredge.com\/de\/controle-conformite\/\" \/>\n<meta property=\"og:site_name\" content=\"Acuredge\" \/>\n<meta property=\"article:modified_time\" content=\"2025-11-07T15:22:05+00:00\" \/>\n<meta property=\"og:image\" content=\"https:\/\/acuredge.com\/wp-content\/uploads\/2022\/05\/Offre-control-scaled.jpg\" \/>\n\t<meta property=\"og:image:width\" content=\"2560\" \/>\n\t<meta property=\"og:image:height\" content=\"1442\" \/>\n\t<meta property=\"og:image:type\" content=\"image\/jpeg\" \/>\n<meta name=\"twitter:card\" content=\"summary_large_image\" \/>\n<script type=\"application\/ld+json\" class=\"yoast-schema-graph\">{\"@context\":\"https:\\\/\\\/schema.org\",\"@graph\":[{\"@type\":\"WebPage\",\"@id\":\"https:\\\/\\\/acuredge.com\\\/de\\\/controle-conformite\\\/\",\"url\":\"https:\\\/\\\/acuredge.com\\\/de\\\/controle-conformite\\\/\",\"name\":\"Kontrolle und Compliance - Acuredge\",\"isPartOf\":{\"@id\":\"https:\\\/\\\/acuredge.com\\\/#website\"},\"primaryImageOfPage\":{\"@id\":\"https:\\\/\\\/acuredge.com\\\/de\\\/controle-conformite\\\/#primaryimage\"},\"image\":{\"@id\":\"https:\\\/\\\/acuredge.com\\\/de\\\/controle-conformite\\\/#primaryimage\"},\"thumbnailUrl\":\"https:\\\/\\\/acuredge.com\\\/wp-content\\\/uploads\\\/2022\\\/05\\\/Offre-control-scaled.jpg\",\"datePublished\":\"2022-05-13T14:17:13+00:00\",\"dateModified\":\"2025-11-07T15:22:05+00:00\",\"inLanguage\":\"de\",\"potentialAction\":[{\"@type\":\"ReadAction\",\"target\":[\"https:\\\/\\\/acuredge.com\\\/de\\\/controle-conformite\\\/\"]}]},{\"@type\":\"ImageObject\",\"inLanguage\":\"de\",\"@id\":\"https:\\\/\\\/acuredge.com\\\/de\\\/controle-conformite\\\/#primaryimage\",\"url\":\"https:\\\/\\\/acuredge.com\\\/wp-content\\\/uploads\\\/2022\\\/05\\\/Offre-control-scaled.jpg\",\"contentUrl\":\"https:\\\/\\\/acuredge.com\\\/wp-content\\\/uploads\\\/2022\\\/05\\\/Offre-control-scaled.jpg\",\"width\":2560,\"height\":1442,\"caption\":\"Portrait of an young man is using the futuristic latest innovation technology with augmented reality hologram. ; Shutterstock ID 1416503960; purchase_order: 4; job: ; client: corporate; other: Devoteam_FR\"},{\"@type\":\"WebSite\",\"@id\":\"https:\\\/\\\/acuredge.com\\\/#website\",\"url\":\"https:\\\/\\\/acuredge.com\\\/\",\"name\":\"Acuredge\",\"description\":\"Solution GRC leader de Surveillance permanente des Risques et de la Conformit\u00e9 pour une performance durable\",\"publisher\":{\"@id\":\"https:\\\/\\\/acuredge.com\\\/#organization\"},\"potentialAction\":[{\"@type\":\"SearchAction\",\"target\":{\"@type\":\"EntryPoint\",\"urlTemplate\":\"https:\\\/\\\/acuredge.com\\\/?s={search_term_string}\"},\"query-input\":{\"@type\":\"PropertyValueSpecification\",\"valueRequired\":true,\"valueName\":\"search_term_string\"}}],\"inLanguage\":\"de\"},{\"@type\":\"Organization\",\"@id\":\"https:\\\/\\\/acuredge.com\\\/#organization\",\"name\":\"Acuredge\",\"url\":\"https:\\\/\\\/acuredge.com\\\/\",\"logo\":{\"@type\":\"ImageObject\",\"inLanguage\":\"de\",\"@id\":\"https:\\\/\\\/acuredge.com\\\/#\\\/schema\\\/logo\\\/image\\\/\",\"url\":\"https:\\\/\\\/acuredge.com\\\/wp-content\\\/uploads\\\/2025\\\/08\\\/acuredge-logo.png\",\"contentUrl\":\"https:\\\/\\\/acuredge.com\\\/wp-content\\\/uploads\\\/2025\\\/08\\\/acuredge-logo.png\",\"width\":19644,\"height\":5549,\"caption\":\"Acuredge\"},\"image\":{\"@id\":\"https:\\\/\\\/acuredge.com\\\/#\\\/schema\\\/logo\\\/image\\\/\"},\"sameAs\":[\"https:\\\/\\\/www.linkedin.com\\\/company\\\/acuredge\\\/about\\\/\"]}]}<\/script>\n<!-- \/ Yoast SEO plugin. -->","yoast_head_json":{"title":"Kontrolle und Compliance - Acuredge","robots":{"index":"index","follow":"follow","max-snippet":"max-snippet:-1","max-image-preview":"max-image-preview:large","max-video-preview":"max-video-preview:-1"},"canonical":"https:\/\/acuredge.com\/de\/controle-conformite\/","og_locale":"de_DE","og_type":"article","og_title":"Kontrolle und Compliance - Acuredge","og_url":"https:\/\/acuredge.com\/de\/controle-conformite\/","og_site_name":"Acuredge","article_modified_time":"2025-11-07T15:22:05+00:00","og_image":[{"width":2560,"height":1442,"url":"https:\/\/acuredge.com\/wp-content\/uploads\/2022\/05\/Offre-control-scaled.jpg","type":"image\/jpeg"}],"twitter_card":"summary_large_image","schema":{"@context":"https:\/\/schema.org","@graph":[{"@type":"WebPage","@id":"https:\/\/acuredge.com\/de\/controle-conformite\/","url":"https:\/\/acuredge.com\/de\/controle-conformite\/","name":"Kontrolle und Compliance - Acuredge","isPartOf":{"@id":"https:\/\/acuredge.com\/#website"},"primaryImageOfPage":{"@id":"https:\/\/acuredge.com\/de\/controle-conformite\/#primaryimage"},"image":{"@id":"https:\/\/acuredge.com\/de\/controle-conformite\/#primaryimage"},"thumbnailUrl":"https:\/\/acuredge.com\/wp-content\/uploads\/2022\/05\/Offre-control-scaled.jpg","datePublished":"2022-05-13T14:17:13+00:00","dateModified":"2025-11-07T15:22:05+00:00","inLanguage":"de","potentialAction":[{"@type":"ReadAction","target":["https:\/\/acuredge.com\/de\/controle-conformite\/"]}]},{"@type":"ImageObject","inLanguage":"de","@id":"https:\/\/acuredge.com\/de\/controle-conformite\/#primaryimage","url":"https:\/\/acuredge.com\/wp-content\/uploads\/2022\/05\/Offre-control-scaled.jpg","contentUrl":"https:\/\/acuredge.com\/wp-content\/uploads\/2022\/05\/Offre-control-scaled.jpg","width":2560,"height":1442,"caption":"Portrait of an young man is using the futuristic latest innovation technology with augmented reality hologram. ; Shutterstock ID 1416503960; purchase_order: 4; job: ; client: corporate; other: Devoteam_FR"},{"@type":"WebSite","@id":"https:\/\/acuredge.com\/#website","url":"https:\/\/acuredge.com\/","name":"Acuredge","description":"Solution GRC leader de Surveillance permanente des Risques et de la Conformit\u00e9 pour une performance durable","publisher":{"@id":"https:\/\/acuredge.com\/#organization"},"potentialAction":[{"@type":"SearchAction","target":{"@type":"EntryPoint","urlTemplate":"https:\/\/acuredge.com\/?s={search_term_string}"},"query-input":{"@type":"PropertyValueSpecification","valueRequired":true,"valueName":"search_term_string"}}],"inLanguage":"de"},{"@type":"Organization","@id":"https:\/\/acuredge.com\/#organization","name":"Acuredge","url":"https:\/\/acuredge.com\/","logo":{"@type":"ImageObject","inLanguage":"de","@id":"https:\/\/acuredge.com\/#\/schema\/logo\/image\/","url":"https:\/\/acuredge.com\/wp-content\/uploads\/2025\/08\/acuredge-logo.png","contentUrl":"https:\/\/acuredge.com\/wp-content\/uploads\/2025\/08\/acuredge-logo.png","width":19644,"height":5549,"caption":"Acuredge"},"image":{"@id":"https:\/\/acuredge.com\/#\/schema\/logo\/image\/"},"sameAs":["https:\/\/www.linkedin.com\/company\/acuredge\/about\/"]}]}},"_links":{"self":[{"href":"https:\/\/acuredge.com\/de\/wp-json\/wp\/v2\/pages\/9763","targetHints":{"allow":["GET"]}}],"collection":[{"href":"https:\/\/acuredge.com\/de\/wp-json\/wp\/v2\/pages"}],"about":[{"href":"https:\/\/acuredge.com\/de\/wp-json\/wp\/v2\/types\/page"}],"author":[{"embeddable":true,"href":"https:\/\/acuredge.com\/de\/wp-json\/wp\/v2\/users\/1"}],"replies":[{"embeddable":true,"href":"https:\/\/acuredge.com\/de\/wp-json\/wp\/v2\/comments?post=9763"}],"version-history":[{"count":2,"href":"https:\/\/acuredge.com\/de\/wp-json\/wp\/v2\/pages\/9763\/revisions"}],"predecessor-version":[{"id":9878,"href":"https:\/\/acuredge.com\/de\/wp-json\/wp\/v2\/pages\/9763\/revisions\/9878"}],"wp:featuredmedia":[{"embeddable":true,"href":"https:\/\/acuredge.com\/de\/wp-json\/wp\/v2\/media\/9765"}],"wp:attachment":[{"href":"https:\/\/acuredge.com\/de\/wp-json\/wp\/v2\/media?parent=9763"}],"curies":[{"name":"wp","href":"https:\/\/api.w.org\/{rel}","templated":true}]}}