{"id":9768,"date":"2022-05-13T16:17:27","date_gmt":"2022-05-13T14:17:27","guid":{"rendered":"https:\/\/acuredge.com\/audit\/"},"modified":"2025-11-17T16:02:56","modified_gmt":"2025-11-17T15:02:56","slug":"audit","status":"publish","type":"page","link":"https:\/\/acuredge.com\/de\/audit\/","title":{"rendered":"Audit"},"content":{"rendered":"<header class=\"block header-page py-5 pb-xxl-6 \" id=\"block_6439aef154337abc35fc8d928940cc39\">\n\n\t<div class=\"content-wrapper\">\n\n\t\t<div class=\"container\">\n\n\t\t\t<div class=\"row mb-5\">\n\n\t\t\t\t<div class=\"col\">\n\n\t\t\t\t\t\n\t\t<nav id=\"breadcrumb\" typeof=\"BreadcrumbList\" vocab=\"https:\/\/schema.org\/\" class=\"\" aria-label=\"You are here:\">\n\n\t\t\t<span property=\"itemListElement\" typeof=\"ListItem\"><a property=\"item\" typeof=\"WebPage\" title=\"Go to Acuredge.\" href=\"https:\/\/acuredge.com\/de\/\" class=\"home\" ><span property=\"name\">Acuredge<\/span><\/a><meta property=\"position\" content=\"1\"><\/span><span class=\"separator\" aria-hidden=\"true\"><i class=\"fas fa-circle fa-xs\" data-fa-transform=\"shrink-8\"><\/i><\/span><span property=\"itemListElement\" typeof=\"ListItem\"><a property=\"item\" typeof=\"WebPage\" title=\"Go to News.\" href=\"https:\/\/acuredge.com\/de\/blog-nearshore\/\" class=\"post-root post post-post\" aria-current=\"page\"><span property=\"name\">News<\/span><\/a><meta property=\"position\" content=\"2\"><\/span>\n\t\t<\/nav>\n\n\n\t\t\t\t<\/div>\n\n\t\t\t<\/div>\n\n\n\t\t\t<div class=\"row\">\n\n\t\t\t\t<div class=\"col-xl-7\">\n\n\t\t\t\t\t<h1 class=\"header-title\"><strong>Sie m\u00f6chten Ihren gesamten Auditprozess digitalisieren, um effizienter zu sein<\/strong>\n<\/h1>\n\n\t\t\t\t\t\n\t\t\t\t\t\n\t\t\t\t\t\t\n\t\t<a href=\"https:\/\/acuredge.com\/de\/contact\/\" target=\"_self\"  class=\"btn btn-arrow\">Kontaktieren Sie uns, um mehr zu erfahren<span class=\"arrow\" aria-hidden=\"true\"><span class=\"arrow-inner\"><\/span><\/span><\/a>\n\t\n\t\t\t\t\t\n\t\t\t\t<\/div>\n\n\t\t\t<\/div>\n\n\t\t<\/div>\n\n\t<\/div>\n\n\t<div class=\"wrapper-image-bis\">\n\t\t<img loading=\"lazy\" decoding=\"async\" width=\"234\" height=\"234\" src=\"https:\/\/acuredge.com\/wp-content\/uploads\/2022\/05\/Offre-Audit-234x234.jpg\" class=\"attachment-square_234 size-square_234\" alt=\"\" srcset=\"https:\/\/acuredge.com\/wp-content\/uploads\/2022\/05\/Offre-Audit-234x234.jpg 234w, https:\/\/acuredge.com\/wp-content\/uploads\/2022\/05\/Offre-Audit-150x150.jpg 150w, https:\/\/acuredge.com\/wp-content\/uploads\/2022\/05\/Offre-Audit-512x512.jpg 512w, https:\/\/acuredge.com\/wp-content\/uploads\/2022\/05\/Offre-Audit-700x700.jpg 700w, https:\/\/acuredge.com\/wp-content\/uploads\/2022\/05\/Offre-Audit-1150x1150.jpg 1150w, https:\/\/acuredge.com\/wp-content\/uploads\/2022\/05\/Offre-Audit-1800x1800.jpg 1800w\" sizes=\"auto, (max-width: 234px) 100vw, 234px\" \/>\t\t\t\n\t<\/div>\n\n\t<div class=\"wrapper-image\">\n\t\t<img loading=\"lazy\" decoding=\"async\" width=\"700\" height=\"700\" src=\"https:\/\/acuredge.com\/wp-content\/uploads\/2022\/05\/Offre-Audit-700x700.jpg\" class=\"attachment-square_700 size-square_700\" alt=\"\" srcset=\"https:\/\/acuredge.com\/wp-content\/uploads\/2022\/05\/Offre-Audit-700x700.jpg 700w, https:\/\/acuredge.com\/wp-content\/uploads\/2022\/05\/Offre-Audit-150x150.jpg 150w, https:\/\/acuredge.com\/wp-content\/uploads\/2022\/05\/Offre-Audit-234x234.jpg 234w, https:\/\/acuredge.com\/wp-content\/uploads\/2022\/05\/Offre-Audit-512x512.jpg 512w, https:\/\/acuredge.com\/wp-content\/uploads\/2022\/05\/Offre-Audit-1150x1150.jpg 1150w, https:\/\/acuredge.com\/wp-content\/uploads\/2022\/05\/Offre-Audit-1800x1800.jpg 1800w\" sizes=\"auto, (max-width: 700px) 100vw, 700px\" \/>\t\t\n\t<\/div>\n\n<\/header>\n\n<div class=\"block list-pictos py-6  bg-light \" id=\"block_821cd28f5f66b4b3fbf3cb74143ce881\">\n\n\t<div class=\"container\">\n\n\t\t<div class=\"row mb-5 justify-content-center\">\n\n\t\t\t<div class=\"col-lg-8 col-xl-6 text-center\">\n\n\t\t\t\t\n  \n                                    <h2 class=\"block-title lp-reveal-top\">\n                    \t                \t<strong>Acuredge Audit<\/strong> bietet eine <strong>breite Palette an Funktionen zur effizienten Verwaltung des gesamten Auditprozesses<\/strong>, von der Erstellung des Auditplans bis hin zu den Empfehlungen und der Nachverfolgung von Aktionspl\u00e4nen.\n<\/h2>\n                \n                \n\t\t\t<\/div>\n\n\t\t<\/div>\n\n\n\t\t\n\t\t    <div class=\"row gy-6 justify-content-between\">\n\n\t\t    \n\t\t        <div class=\"col-lg-6 col-xl-5\">\n\n\t\t        \t<div class=\"row-list align-items-center\">\n\n\t\t        \t\t<div class=\"me-lg-4\">\n\n\t\t\t        \t\t<div class=\"circle\">\n\n\t\t\t\t\t\t\t\t<i class=\"fal fa-file-contract fa-3x text-primary mb-3\" aria-hidden=\"true\"><\/i>\n\t\t\t\t\t\t\t\t<h3 class=\"title\">Entwurf und Nachverfolgung des Auditplans\n<\/h3>\n\n\t\t\t        \t\t<\/div>\n\n\t\t\t        \t<\/div>\n\n\t\t\t        \t<div>\n\t\t\t\t        \t\t\t\t        \t\t<p class=\"text-center text-lg-start mb-0 text\">Die L\u00f6sung unterst\u00fctzt die Erstellung von Auditpl\u00e4nen durch eine Rangfolge des zu pr\u00fcfenden Universums. Sie erm\u00f6glicht au\u00dferdem die Erstellung, Planung und Zuweisung von Missionen. Es ist m\u00f6glich, den urspr\u00fcnglichen und den aktuellen Auditplan zu verfolgen.<\/p>\n\t\t\t        \t\t\n\t\t\t        \t\t\t\t\t        \t<\/div>\n\n\t\t        \t<\/div>\n\n\t\t        <\/div>\n\n\t\t    \n\t\t        <div class=\"col-lg-6 col-xl-5\">\n\n\t\t        \t<div class=\"row-list align-items-center\">\n\n\t\t        \t\t<div class=\"me-lg-4\">\n\n\t\t\t        \t\t<div class=\"circle\">\n\n\t\t\t\t\t\t\t\t<i class=\"fal fa-check-square fa-3x text-primary mb-3\" aria-hidden=\"true\"><\/i>\n\t\t\t\t\t\t\t\t<h3 class=\"title\">Auditvorbereitung\n<\/h3>\n\n\t\t\t        \t\t<\/div>\n\n\t\t\t        \t<\/div>\n\n\t\t\t        \t<div>\n\t\t\t\t        \t\t\t\t        \t\t<p class=\"text-center text-lg-start mb-0 text\">Die L\u00f6sung erm\u00f6glicht die Verwaltung verschiedener Arten von Audits (Finanz-, Prozess-, Cyber-, Qualit\u00e4ts-, ESG-, Versicherungs- usw.), die Definition des Auditumfangs, die Planung und Zuweisung von Ressourcen nach Missionsschritten, die Vorbereitung des Arbeitsprogramms aus einer Bibliothek von Audittests oder die Erstellung von Ad-hoc-Tests.<\/p>\n\t\t\t        \t\t\n\t\t\t        \t\t\t\t\t        \t<\/div>\n\n\t\t        \t<\/div>\n\n\t\t        <\/div>\n\n\t\t    \n\t\t        <div class=\"col-lg-6 col-xl-5\">\n\n\t\t        \t<div class=\"row-list align-items-center\">\n\n\t\t        \t\t<div class=\"me-lg-4\">\n\n\t\t\t        \t\t<div class=\"circle\">\n\n\t\t\t\t\t\t\t\t<i class=\"fal fa-analytics fa-3x text-primary mb-3\" aria-hidden=\"true\"><\/i>\n\t\t\t\t\t\t\t\t<h3 class=\"title\">Datenanalyse\n<\/h3>\n\n\t\t\t        \t\t<\/div>\n\n\t\t\t        \t<\/div>\n\n\t\t\t        \t<div>\n\t\t\t\t        \t\t\t\t        \t\t<p class=\"text-center text-lg-start mb-0 text\">Es ist m\u00f6glich, Rohdaten aus anderen Systemen hochzuladen und Anomalien gem\u00e4\u00df vordefinierten Kontrollszenarien zu identifizieren.<\/p>\n\t\t\t        \t\t\n\t\t\t        \t\t\t\t\t        \t<\/div>\n\n\t\t        \t<\/div>\n\n\t\t        <\/div>\n\n\t\t    \n\t\t        <div class=\"col-lg-6 col-xl-5\">\n\n\t\t        \t<div class=\"row-list align-items-center\">\n\n\t\t        \t\t<div class=\"me-lg-4\">\n\n\t\t\t        \t\t<div class=\"circle\">\n\n\t\t\t\t\t\t\t\t<i class=\"fal fa-medal fa-3x text-primary mb-3\" aria-hidden=\"true\"><\/i>\n\t\t\t\t\t\t\t\t<h3 class=\"title\">Pr\u00fcfungsdurchf\u00fchrung und Pr\u00fcfungsbericht\n<\/h3>\n\n\t\t\t        \t\t<\/div>\n\n\t\t\t        \t<\/div>\n\n\t\t\t        \t<div>\n\t\t\t\t        \t\t\t\t        \t\t<p class=\"text-center text-lg-start mb-0 text\">Der Pr\u00fcfer kann die Pr\u00fcfungstests bewerten, Feststellungen und Empfehlungen formulieren und ein Gesamtfazit zum Auftrag abgeben. Pr\u00fcfbericht(e) k\u00f6nnen automatisch entsprechend der Kundenvorlage bearbeitet werden.<\/p>\n\t\t\t        \t\t\n\t\t\t        \t\t\t\t\t        \t<\/div>\n\n\t\t        \t<\/div>\n\n\t\t        <\/div>\n\n\t\t    \n\t\t        <div class=\"col-lg-6 col-xl-5\">\n\n\t\t        \t<div class=\"row-list align-items-center\">\n\n\t\t        \t\t<div class=\"me-lg-4\">\n\n\t\t\t        \t\t<div class=\"circle\">\n\n\t\t\t\t\t\t\t\t<i class=\"fal fa-cogs fa-3x text-primary mb-3\" aria-hidden=\"true\"><\/i>\n\t\t\t\t\t\t\t\t<h3 class=\"title\">Empfehlungen und Folgema\u00dfnahmen zum Aktionsplan\n<\/h3>\n\n\t\t\t        \t\t<\/div>\n\n\t\t\t        \t<\/div>\n\n\t\t\t        \t<div>\n\t\t\t\t        \t\t\t\t        \t\t<p class=\"text-center text-lg-start mb-0 text\">Die L\u00f6sung erleichtert die Nachverfolgung der Empfehlungen und der zugeh\u00f6rigen Aktionspl\u00e4ne und l\u00f6st konfigurierbare Erinnerungsbenachrichtigungen an die gepr\u00fcften Stellen aus.<\/p>\n\t\t\t        \t\t\n\t\t\t        \t\t\t\t\t        \t<\/div>\n\n\t\t        \t<\/div>\n\n\t\t        <\/div>\n\n\t\t    \n\t\t        <div class=\"col-lg-6 col-xl-5\">\n\n\t\t        \t<div class=\"row-list align-items-center\">\n\n\t\t        \t\t<div class=\"me-lg-4\">\n\n\t\t\t        \t\t<div class=\"circle\">\n\n\t\t\t\t\t\t\t\t<i class=\"fal fa-chart-line fa-3x text-primary mb-3\" aria-hidden=\"true\"><\/i>\n\t\t\t\t\t\t\t\t<h3 class=\"title\">Dashboard und Berichte\n<\/h3>\n\n\t\t\t        \t\t<\/div>\n\n\t\t\t        \t<\/div>\n\n\t\t\t        \t<div>\n\t\t\t\t        \t\t\t\t        \t\t<p class=\"text-center text-lg-start mb-0 text\">Integrierte Dashboards und Berichte zur Nachverfolgung des Fortschritts des Pr\u00fcfungsplans, der Missionen, der Pr\u00fcfungstests, Empfehlungen und Aktionspl\u00e4ne. Die L\u00f6sung bietet Queranalysen zwischen der Pr\u00fcfungsarbeit und dem Risiko- und Kontrollrahmen.<\/p>\n\t\t\t        \t\t\n\t\t\t        \t\t\t\t\t        \t<\/div>\n\n\t\t        \t<\/div>\n\n\t\t        <\/div>\n\n\t\t    \n\t\t    <\/div>\n\n\t\t\t\t\n\n\t<\/div>\n\n<\/div>","protected":false},"excerpt":{"rendered":"","protected":false},"author":1,"featured_media":9769,"parent":0,"menu_order":0,"comment_status":"closed","ping_status":"closed","template":"","meta":{"_acf_changed":false,"footnotes":""},"class_list":["post-9768","page","type-page","status-publish","has-post-thumbnail","hentry"],"acf":[],"yoast_head":"<!-- This site is optimized with the Yoast SEO plugin v27.4 - https:\/\/yoast.com\/product\/yoast-seo-wordpress\/ -->\n<title>Audit - Acuredge<\/title>\n<meta name=\"robots\" content=\"index, follow, max-snippet:-1, max-image-preview:large, max-video-preview:-1\" \/>\n<link rel=\"canonical\" href=\"https:\/\/acuredge.com\/de\/audit\/\" \/>\n<meta property=\"og:locale\" content=\"de_DE\" \/>\n<meta property=\"og:type\" content=\"article\" \/>\n<meta property=\"og:title\" content=\"Audit - Acuredge\" \/>\n<meta property=\"og:url\" content=\"https:\/\/acuredge.com\/de\/audit\/\" \/>\n<meta property=\"og:site_name\" content=\"Acuredge\" \/>\n<meta property=\"article:modified_time\" content=\"2025-11-17T15:02:56+00:00\" \/>\n<meta property=\"og:image\" content=\"https:\/\/acuredge.com\/wp-content\/uploads\/2022\/05\/Offre-Audit-scaled.jpg\" \/>\n\t<meta property=\"og:image:width\" content=\"2560\" \/>\n\t<meta property=\"og:image:height\" content=\"1440\" \/>\n\t<meta property=\"og:image:type\" content=\"image\/jpeg\" \/>\n<meta name=\"twitter:card\" content=\"summary_large_image\" \/>\n<script type=\"application\/ld+json\" class=\"yoast-schema-graph\">{\"@context\":\"https:\\\/\\\/schema.org\",\"@graph\":[{\"@type\":\"WebPage\",\"@id\":\"https:\\\/\\\/acuredge.com\\\/de\\\/audit\\\/\",\"url\":\"https:\\\/\\\/acuredge.com\\\/de\\\/audit\\\/\",\"name\":\"Audit - Acuredge\",\"isPartOf\":{\"@id\":\"https:\\\/\\\/acuredge.com\\\/#website\"},\"primaryImageOfPage\":{\"@id\":\"https:\\\/\\\/acuredge.com\\\/de\\\/audit\\\/#primaryimage\"},\"image\":{\"@id\":\"https:\\\/\\\/acuredge.com\\\/de\\\/audit\\\/#primaryimage\"},\"thumbnailUrl\":\"https:\\\/\\\/acuredge.com\\\/wp-content\\\/uploads\\\/2022\\\/05\\\/Offre-Audit-scaled.jpg\",\"datePublished\":\"2022-05-13T14:17:27+00:00\",\"dateModified\":\"2025-11-17T15:02:56+00:00\",\"inLanguage\":\"de\",\"potentialAction\":[{\"@type\":\"ReadAction\",\"target\":[\"https:\\\/\\\/acuredge.com\\\/de\\\/audit\\\/\"]}]},{\"@type\":\"ImageObject\",\"inLanguage\":\"de\",\"@id\":\"https:\\\/\\\/acuredge.com\\\/de\\\/audit\\\/#primaryimage\",\"url\":\"https:\\\/\\\/acuredge.com\\\/wp-content\\\/uploads\\\/2022\\\/05\\\/Offre-Audit-scaled.jpg\",\"contentUrl\":\"https:\\\/\\\/acuredge.com\\\/wp-content\\\/uploads\\\/2022\\\/05\\\/Offre-Audit-scaled.jpg\",\"width\":2560,\"height\":1440},{\"@type\":\"WebSite\",\"@id\":\"https:\\\/\\\/acuredge.com\\\/#website\",\"url\":\"https:\\\/\\\/acuredge.com\\\/\",\"name\":\"Acuredge\",\"description\":\"Solution GRC leader de Surveillance permanente des Risques et de la Conformit\u00e9 pour une performance durable\",\"publisher\":{\"@id\":\"https:\\\/\\\/acuredge.com\\\/#organization\"},\"potentialAction\":[{\"@type\":\"SearchAction\",\"target\":{\"@type\":\"EntryPoint\",\"urlTemplate\":\"https:\\\/\\\/acuredge.com\\\/?s={search_term_string}\"},\"query-input\":{\"@type\":\"PropertyValueSpecification\",\"valueRequired\":true,\"valueName\":\"search_term_string\"}}],\"inLanguage\":\"de\"},{\"@type\":\"Organization\",\"@id\":\"https:\\\/\\\/acuredge.com\\\/#organization\",\"name\":\"Acuredge\",\"url\":\"https:\\\/\\\/acuredge.com\\\/\",\"logo\":{\"@type\":\"ImageObject\",\"inLanguage\":\"de\",\"@id\":\"https:\\\/\\\/acuredge.com\\\/#\\\/schema\\\/logo\\\/image\\\/\",\"url\":\"https:\\\/\\\/acuredge.com\\\/wp-content\\\/uploads\\\/2025\\\/08\\\/acuredge-logo.png\",\"contentUrl\":\"https:\\\/\\\/acuredge.com\\\/wp-content\\\/uploads\\\/2025\\\/08\\\/acuredge-logo.png\",\"width\":19644,\"height\":5549,\"caption\":\"Acuredge\"},\"image\":{\"@id\":\"https:\\\/\\\/acuredge.com\\\/#\\\/schema\\\/logo\\\/image\\\/\"},\"sameAs\":[\"https:\\\/\\\/www.linkedin.com\\\/company\\\/acuredge\\\/about\\\/\"]}]}<\/script>\n<!-- \/ Yoast SEO plugin. -->","yoast_head_json":{"title":"Audit - Acuredge","robots":{"index":"index","follow":"follow","max-snippet":"max-snippet:-1","max-image-preview":"max-image-preview:large","max-video-preview":"max-video-preview:-1"},"canonical":"https:\/\/acuredge.com\/de\/audit\/","og_locale":"de_DE","og_type":"article","og_title":"Audit - Acuredge","og_url":"https:\/\/acuredge.com\/de\/audit\/","og_site_name":"Acuredge","article_modified_time":"2025-11-17T15:02:56+00:00","og_image":[{"width":2560,"height":1440,"url":"https:\/\/acuredge.com\/wp-content\/uploads\/2022\/05\/Offre-Audit-scaled.jpg","type":"image\/jpeg"}],"twitter_card":"summary_large_image","schema":{"@context":"https:\/\/schema.org","@graph":[{"@type":"WebPage","@id":"https:\/\/acuredge.com\/de\/audit\/","url":"https:\/\/acuredge.com\/de\/audit\/","name":"Audit - Acuredge","isPartOf":{"@id":"https:\/\/acuredge.com\/#website"},"primaryImageOfPage":{"@id":"https:\/\/acuredge.com\/de\/audit\/#primaryimage"},"image":{"@id":"https:\/\/acuredge.com\/de\/audit\/#primaryimage"},"thumbnailUrl":"https:\/\/acuredge.com\/wp-content\/uploads\/2022\/05\/Offre-Audit-scaled.jpg","datePublished":"2022-05-13T14:17:27+00:00","dateModified":"2025-11-17T15:02:56+00:00","inLanguage":"de","potentialAction":[{"@type":"ReadAction","target":["https:\/\/acuredge.com\/de\/audit\/"]}]},{"@type":"ImageObject","inLanguage":"de","@id":"https:\/\/acuredge.com\/de\/audit\/#primaryimage","url":"https:\/\/acuredge.com\/wp-content\/uploads\/2022\/05\/Offre-Audit-scaled.jpg","contentUrl":"https:\/\/acuredge.com\/wp-content\/uploads\/2022\/05\/Offre-Audit-scaled.jpg","width":2560,"height":1440},{"@type":"WebSite","@id":"https:\/\/acuredge.com\/#website","url":"https:\/\/acuredge.com\/","name":"Acuredge","description":"Solution GRC leader de Surveillance permanente des Risques et de la Conformit\u00e9 pour une performance durable","publisher":{"@id":"https:\/\/acuredge.com\/#organization"},"potentialAction":[{"@type":"SearchAction","target":{"@type":"EntryPoint","urlTemplate":"https:\/\/acuredge.com\/?s={search_term_string}"},"query-input":{"@type":"PropertyValueSpecification","valueRequired":true,"valueName":"search_term_string"}}],"inLanguage":"de"},{"@type":"Organization","@id":"https:\/\/acuredge.com\/#organization","name":"Acuredge","url":"https:\/\/acuredge.com\/","logo":{"@type":"ImageObject","inLanguage":"de","@id":"https:\/\/acuredge.com\/#\/schema\/logo\/image\/","url":"https:\/\/acuredge.com\/wp-content\/uploads\/2025\/08\/acuredge-logo.png","contentUrl":"https:\/\/acuredge.com\/wp-content\/uploads\/2025\/08\/acuredge-logo.png","width":19644,"height":5549,"caption":"Acuredge"},"image":{"@id":"https:\/\/acuredge.com\/#\/schema\/logo\/image\/"},"sameAs":["https:\/\/www.linkedin.com\/company\/acuredge\/about\/"]}]}},"_links":{"self":[{"href":"https:\/\/acuredge.com\/de\/wp-json\/wp\/v2\/pages\/9768","targetHints":{"allow":["GET"]}}],"collection":[{"href":"https:\/\/acuredge.com\/de\/wp-json\/wp\/v2\/pages"}],"about":[{"href":"https:\/\/acuredge.com\/de\/wp-json\/wp\/v2\/types\/page"}],"author":[{"embeddable":true,"href":"https:\/\/acuredge.com\/de\/wp-json\/wp\/v2\/users\/1"}],"replies":[{"embeddable":true,"href":"https:\/\/acuredge.com\/de\/wp-json\/wp\/v2\/comments?post=9768"}],"version-history":[{"count":4,"href":"https:\/\/acuredge.com\/de\/wp-json\/wp\/v2\/pages\/9768\/revisions"}],"predecessor-version":[{"id":9940,"href":"https:\/\/acuredge.com\/de\/wp-json\/wp\/v2\/pages\/9768\/revisions\/9940"}],"wp:featuredmedia":[{"embeddable":true,"href":"https:\/\/acuredge.com\/de\/wp-json\/wp\/v2\/media\/9769"}],"wp:attachment":[{"href":"https:\/\/acuredge.com\/de\/wp-json\/wp\/v2\/media?parent=9768"}],"curies":[{"name":"wp","href":"https:\/\/api.w.org\/{rel}","templated":true}]}}