{"id":9772,"date":"2022-05-20T19:05:05","date_gmt":"2022-05-20T17:05:05","guid":{"rendered":"https:\/\/acuredge.com\/sustainability-and-esg-reporting\/"},"modified":"2025-11-07T16:22:31","modified_gmt":"2025-11-07T15:22:31","slug":"sustainability-and-esg-reporting","status":"publish","type":"page","link":"https:\/\/acuredge.com\/de\/sustainability-and-esg-reporting\/","title":{"rendered":"Nachhaltigkeits- und ESG-Berichterstattung"},"content":{"rendered":"<header class=\"block header-page py-5 pb-xxl-6 \" id=\"block_91a7e12f4282a09757161d76f8e54e7e\">\n\n\t<div class=\"content-wrapper\">\n\n\t\t<div class=\"container\">\n\n\t\t\t<div class=\"row mb-5\">\n\n\t\t\t\t<div class=\"col\">\n\n\t\t\t\t\t\n\t\t<nav id=\"breadcrumb\" typeof=\"BreadcrumbList\" vocab=\"https:\/\/schema.org\/\" class=\"\" aria-label=\"You are here:\">\n\n\t\t\t<span property=\"itemListElement\" typeof=\"ListItem\"><a property=\"item\" typeof=\"WebPage\" title=\"Go to Acuredge.\" href=\"https:\/\/acuredge.com\/de\/\" class=\"home\" ><span property=\"name\">Acuredge<\/span><\/a><meta property=\"position\" content=\"1\"><\/span><span class=\"separator\" aria-hidden=\"true\"><i class=\"fas fa-circle fa-xs\" data-fa-transform=\"shrink-8\"><\/i><\/span><span property=\"itemListElement\" typeof=\"ListItem\"><a property=\"item\" typeof=\"WebPage\" title=\"Go to News.\" href=\"https:\/\/acuredge.com\/de\/blog-nearshore\/\" class=\"post-root post post-post\" aria-current=\"page\"><span property=\"name\">News<\/span><\/a><meta property=\"position\" content=\"2\"><\/span>\n\t\t<\/nav>\n\n\n\t\t\t\t<\/div>\n\n\t\t\t<\/div>\n\n\n\t\t\t<div class=\"row\">\n\n\t\t\t\t<div class=\"col-xl-7\">\n\n\t\t\t\t\t<h1 class=\"header-title\"><strong>Sie m\u00f6chten die Datenerfassung f\u00fcr das ESG-Reporting oder f\u00fcr das Drittparteienmanagement optimieren<\/strong>\n<\/h1>\n\n\t\t\t\t\t\n\t\t\t\t\t\n\t\t\t\t\t\t\n\t\t<a href=\"https:\/\/acuredge.com\/de\/contact\/\" target=\"_self\"  class=\"btn btn-arrow\">Kontaktieren Sie uns f\u00fcr weitere Details<span class=\"arrow\" aria-hidden=\"true\"><span class=\"arrow-inner\"><\/span><\/span><\/a>\n\t\n\t\t\t\t\t\n\t\t\t\t<\/div>\n\n\t\t\t<\/div>\n\n\t\t<\/div>\n\n\t<\/div>\n\n\t<div class=\"wrapper-image-bis\">\n\t\t<img loading=\"lazy\" decoding=\"async\" width=\"234\" height=\"234\" src=\"https:\/\/acuredge.com\/wp-content\/uploads\/2022\/05\/Image-sustainability-234x234.jpg\" class=\"attachment-square_234 size-square_234\" alt=\"\" srcset=\"https:\/\/acuredge.com\/wp-content\/uploads\/2022\/05\/Image-sustainability-234x234.jpg 234w, https:\/\/acuredge.com\/wp-content\/uploads\/2022\/05\/Image-sustainability-150x150.jpg 150w, https:\/\/acuredge.com\/wp-content\/uploads\/2022\/05\/Image-sustainability-512x512.jpg 512w, https:\/\/acuredge.com\/wp-content\/uploads\/2022\/05\/Image-sustainability-700x700.jpg 700w, https:\/\/acuredge.com\/wp-content\/uploads\/2022\/05\/Image-sustainability-1150x1150.jpg 1150w, https:\/\/acuredge.com\/wp-content\/uploads\/2022\/05\/Image-sustainability-1800x1800.jpg 1800w\" sizes=\"auto, (max-width: 234px) 100vw, 234px\" \/>\t\t\t\n\t<\/div>\n\n\t<div class=\"wrapper-image\">\n\t\t<img loading=\"lazy\" decoding=\"async\" width=\"700\" height=\"700\" src=\"https:\/\/acuredge.com\/wp-content\/uploads\/2022\/05\/Image-sustainability-700x700.jpg\" class=\"attachment-square_700 size-square_700\" alt=\"\" srcset=\"https:\/\/acuredge.com\/wp-content\/uploads\/2022\/05\/Image-sustainability-700x700.jpg 700w, https:\/\/acuredge.com\/wp-content\/uploads\/2022\/05\/Image-sustainability-150x150.jpg 150w, https:\/\/acuredge.com\/wp-content\/uploads\/2022\/05\/Image-sustainability-234x234.jpg 234w, https:\/\/acuredge.com\/wp-content\/uploads\/2022\/05\/Image-sustainability-512x512.jpg 512w, https:\/\/acuredge.com\/wp-content\/uploads\/2022\/05\/Image-sustainability-1150x1150.jpg 1150w, https:\/\/acuredge.com\/wp-content\/uploads\/2022\/05\/Image-sustainability-1800x1800.jpg 1800w\" sizes=\"auto, (max-width: 700px) 100vw, 700px\" \/>\t\t\n\t<\/div>\n\n<\/header>\n\n<div class=\"block list-pictos py-6  bg-light \" id=\"block_1665a0ae5a5f336d7554961c4027d2f0\">\n\n\t<div class=\"container\">\n\n\t\t<div class=\"row mb-5 justify-content-center\">\n\n\t\t\t<div class=\"col-lg-8 col-xl-6 text-center\">\n\n\t\t\t\t\n  \n                                    <h2 class=\"block-title lp-reveal-top\">\n                    \t                \tMit <strong>Acuredge Sustainability<\/strong> optimieren Sie Ihr <strong>ESG-Berichtsmanagement<\/strong> f\u00fcr eine <strong>konsolidierte Ansicht mit finanzieller Leistung<\/strong>.\n<\/h2>\n                \n                \n\t\t\t<\/div>\n\n\t\t<\/div>\n\n\n\t\t\n\t\t    <div class=\"row gy-6 justify-content-between\">\n\n\t\t    \n\t\t        <div class=\"col-lg-6 col-xl-5\">\n\n\t\t        \t<div class=\"row-list align-items-center\">\n\n\t\t        \t\t<div class=\"me-lg-4\">\n\n\t\t\t        \t\t<div class=\"circle\">\n\n\t\t\t\t\t\t\t\t<i class=\"fal fa-hand-holding-seedling fa-3x text-primary mb-3\" aria-hidden=\"true\"><\/i>\n\t\t\t\t\t\t\t\t<h3 class=\"title\"><strong>Verwalten Sie ein ESG-Indikator-Framework<\/strong>\n<\/h3>\n\n\t\t\t        \t\t<\/div>\n\n\t\t\t        \t<\/div>\n\n\t\t\t        \t<div>\n\t\t\t\t        \t\t\t\t        \t\t<p class=\"text-center text-lg-start mb-0 text\">Die L\u00f6sung erm\u00f6glicht es, Indikatoren nach ESG-Kategorie mit verschiedenen Antwortformaten zu definieren und sie mit Risiken, Kontrollen und Audits zu verkn\u00fcpfen.<\/p>\n\t\t\t        \t\t\n\t\t\t        \t\t\t\t\t        \t<\/div>\n\n\t\t        \t<\/div>\n\n\t\t        <\/div>\n\n\t\t    \n\t\t        <div class=\"col-lg-6 col-xl-5\">\n\n\t\t        \t<div class=\"row-list align-items-center\">\n\n\t\t        \t\t<div class=\"me-lg-4\">\n\n\t\t\t        \t\t<div class=\"circle\">\n\n\t\t\t\t\t\t\t\t<i class=\"fal fa-globe-europe fa-3x text-primary mb-3\" aria-hidden=\"true\"><\/i>\n\t\t\t\t\t\t\t\t<h3 class=\"title\"><strong>Verwalten Sie die Erfassung von ESG-Indikatorwerten<\/strong>\n<\/h3>\n\n\t\t\t        \t\t<\/div>\n\n\t\t\t        \t<\/div>\n\n\t\t\t        \t<div>\n\t\t\t\t        \t\t\t\t        \t\t<p class=\"text-center text-lg-start mb-0 text\">Die L\u00f6sung erm\u00f6glicht die effiziente Verwaltung von Indikatorenerfassungskampagnen von internen Einheiten oder externen Lieferanten mit Konsistenztests. Es ist m\u00f6glich, Nachweisdokumente hinzuzuf\u00fcgen.<\/p>\n\t\t\t        \t\t\n\t\t\t        \t\t\t\t\t        \t<\/div>\n\n\t\t        \t<\/div>\n\n\t\t        <\/div>\n\n\t\t    \n\t\t        <div class=\"col-lg-6 col-xl-5\">\n\n\t\t        \t<div class=\"row-list align-items-center\">\n\n\t\t        \t\t<div class=\"me-lg-4\">\n\n\t\t\t        \t\t<div class=\"circle\">\n\n\t\t\t\t\t\t\t\t<i class=\"fal fa-users-class fa-3x text-primary mb-3\" aria-hidden=\"true\"><\/i>\n\t\t\t\t\t\t\t\t<h3 class=\"title\"><strong>Erstellen und verfolgen Sie Aktionspl\u00e4ne<\/strong>\n<\/h3>\n\n\t\t\t        \t\t<\/div>\n\n\t\t\t        \t<\/div>\n\n\t\t\t        \t<div>\n\t\t\t\t        \t\t\t\t        \t\t<p class=\"text-center text-lg-start mb-0 text\">Benutzer k\u00f6nnen Aktionspl\u00e4ne nach Frist, Eigent\u00fcmer, Status usw. erstellen und verfolgen.<\/p>\n\t\t\t        \t\t\n\t\t\t        \t\t\t\t\t        \t<\/div>\n\n\t\t        \t<\/div>\n\n\t\t        <\/div>\n\n\t\t    \n\t\t        <div class=\"col-lg-6 col-xl-5\">\n\n\t\t        \t<div class=\"row-list align-items-center\">\n\n\t\t        \t\t<div class=\"me-lg-4\">\n\n\t\t\t        \t\t<div class=\"circle\">\n\n\t\t\t\t\t\t\t\t<i class=\"fal fa-analytics fa-3x text-primary mb-3\" aria-hidden=\"true\"><\/i>\n\t\t\t\t\t\t\t\t<h3 class=\"title\"><strong>Analysen und Berichte bearbeiten<\/strong>\n<\/h3>\n\n\t\t\t        \t\t<\/div>\n\n\t\t\t        \t<\/div>\n\n\t\t\t        \t<div>\n\t\t\t\t        \t\t\t\t        \t\t<p class=\"text-center text-lg-start mb-0 text\">Die L\u00f6sung bietet mehrere Analysen und Echtzeit-Dashboards, um die Erstellung des ESG-Berichts oder des integrierten Finanz- und Nichtfinanzberichts zu erleichtern.<\/p>\n\t\t\t        \t\t\n\t\t\t        \t\t\t\t\t        \t<\/div>\n\n\t\t        \t<\/div>\n\n\t\t        <\/div>\n\n\t\t    \n\t\t    <\/div>\n\n\t\t\t\t\n\n\t<\/div>\n\n<\/div>","protected":false},"excerpt":{"rendered":"","protected":false},"author":1,"featured_media":9773,"parent":0,"menu_order":0,"comment_status":"closed","ping_status":"closed","template":"","meta":{"_acf_changed":false,"footnotes":""},"class_list":["post-9772","page","type-page","status-publish","has-post-thumbnail","hentry"],"acf":[],"yoast_head":"<!-- This site is optimized with the Yoast SEO plugin v27.4 - https:\/\/yoast.com\/product\/yoast-seo-wordpress\/ -->\n<title>Nachhaltigkeits- und ESG-Berichterstattung - Acuredge<\/title>\n<meta name=\"robots\" content=\"index, follow, max-snippet:-1, max-image-preview:large, max-video-preview:-1\" \/>\n<link rel=\"canonical\" href=\"https:\/\/acuredge.com\/de\/sustainability-and-esg-reporting\/\" \/>\n<meta property=\"og:locale\" content=\"de_DE\" \/>\n<meta property=\"og:type\" content=\"article\" \/>\n<meta property=\"og:title\" content=\"Nachhaltigkeits- und ESG-Berichterstattung - Acuredge\" \/>\n<meta property=\"og:url\" content=\"https:\/\/acuredge.com\/de\/sustainability-and-esg-reporting\/\" \/>\n<meta property=\"og:site_name\" content=\"Acuredge\" \/>\n<meta property=\"article:modified_time\" content=\"2025-11-07T15:22:31+00:00\" \/>\n<meta property=\"og:image\" content=\"https:\/\/acuredge.com\/wp-content\/uploads\/2022\/05\/Image-sustainability-scaled.jpg\" \/>\n\t<meta property=\"og:image:width\" content=\"2560\" \/>\n\t<meta property=\"og:image:height\" content=\"1828\" \/>\n\t<meta property=\"og:image:type\" content=\"image\/jpeg\" \/>\n<meta name=\"twitter:card\" content=\"summary_large_image\" \/>\n<script type=\"application\/ld+json\" class=\"yoast-schema-graph\">{\"@context\":\"https:\\\/\\\/schema.org\",\"@graph\":[{\"@type\":\"WebPage\",\"@id\":\"https:\\\/\\\/acuredge.com\\\/de\\\/sustainability-and-esg-reporting\\\/\",\"url\":\"https:\\\/\\\/acuredge.com\\\/de\\\/sustainability-and-esg-reporting\\\/\",\"name\":\"Nachhaltigkeits- und ESG-Berichterstattung - Acuredge\",\"isPartOf\":{\"@id\":\"https:\\\/\\\/acuredge.com\\\/#website\"},\"primaryImageOfPage\":{\"@id\":\"https:\\\/\\\/acuredge.com\\\/de\\\/sustainability-and-esg-reporting\\\/#primaryimage\"},\"image\":{\"@id\":\"https:\\\/\\\/acuredge.com\\\/de\\\/sustainability-and-esg-reporting\\\/#primaryimage\"},\"thumbnailUrl\":\"https:\\\/\\\/acuredge.com\\\/wp-content\\\/uploads\\\/2022\\\/05\\\/Image-sustainability-scaled.jpg\",\"datePublished\":\"2022-05-20T17:05:05+00:00\",\"dateModified\":\"2025-11-07T15:22:31+00:00\",\"inLanguage\":\"de\",\"potentialAction\":[{\"@type\":\"ReadAction\",\"target\":[\"https:\\\/\\\/acuredge.com\\\/de\\\/sustainability-and-esg-reporting\\\/\"]}]},{\"@type\":\"ImageObject\",\"inLanguage\":\"de\",\"@id\":\"https:\\\/\\\/acuredge.com\\\/de\\\/sustainability-and-esg-reporting\\\/#primaryimage\",\"url\":\"https:\\\/\\\/acuredge.com\\\/wp-content\\\/uploads\\\/2022\\\/05\\\/Image-sustainability-scaled.jpg\",\"contentUrl\":\"https:\\\/\\\/acuredge.com\\\/wp-content\\\/uploads\\\/2022\\\/05\\\/Image-sustainability-scaled.jpg\",\"width\":2560,\"height\":1828},{\"@type\":\"WebSite\",\"@id\":\"https:\\\/\\\/acuredge.com\\\/#website\",\"url\":\"https:\\\/\\\/acuredge.com\\\/\",\"name\":\"Acuredge\",\"description\":\"Solution GRC leader de Surveillance permanente des Risques et de la Conformit\u00e9 pour une performance durable\",\"publisher\":{\"@id\":\"https:\\\/\\\/acuredge.com\\\/#organization\"},\"potentialAction\":[{\"@type\":\"SearchAction\",\"target\":{\"@type\":\"EntryPoint\",\"urlTemplate\":\"https:\\\/\\\/acuredge.com\\\/?s={search_term_string}\"},\"query-input\":{\"@type\":\"PropertyValueSpecification\",\"valueRequired\":true,\"valueName\":\"search_term_string\"}}],\"inLanguage\":\"de\"},{\"@type\":\"Organization\",\"@id\":\"https:\\\/\\\/acuredge.com\\\/#organization\",\"name\":\"Acuredge\",\"url\":\"https:\\\/\\\/acuredge.com\\\/\",\"logo\":{\"@type\":\"ImageObject\",\"inLanguage\":\"de\",\"@id\":\"https:\\\/\\\/acuredge.com\\\/#\\\/schema\\\/logo\\\/image\\\/\",\"url\":\"https:\\\/\\\/acuredge.com\\\/wp-content\\\/uploads\\\/2025\\\/08\\\/acuredge-logo.png\",\"contentUrl\":\"https:\\\/\\\/acuredge.com\\\/wp-content\\\/uploads\\\/2025\\\/08\\\/acuredge-logo.png\",\"width\":19644,\"height\":5549,\"caption\":\"Acuredge\"},\"image\":{\"@id\":\"https:\\\/\\\/acuredge.com\\\/#\\\/schema\\\/logo\\\/image\\\/\"},\"sameAs\":[\"https:\\\/\\\/www.linkedin.com\\\/company\\\/acuredge\\\/about\\\/\"]}]}<\/script>\n<!-- \/ Yoast SEO plugin. -->","yoast_head_json":{"title":"Nachhaltigkeits- und ESG-Berichterstattung - Acuredge","robots":{"index":"index","follow":"follow","max-snippet":"max-snippet:-1","max-image-preview":"max-image-preview:large","max-video-preview":"max-video-preview:-1"},"canonical":"https:\/\/acuredge.com\/de\/sustainability-and-esg-reporting\/","og_locale":"de_DE","og_type":"article","og_title":"Nachhaltigkeits- und ESG-Berichterstattung - Acuredge","og_url":"https:\/\/acuredge.com\/de\/sustainability-and-esg-reporting\/","og_site_name":"Acuredge","article_modified_time":"2025-11-07T15:22:31+00:00","og_image":[{"width":2560,"height":1828,"url":"https:\/\/acuredge.com\/wp-content\/uploads\/2022\/05\/Image-sustainability-scaled.jpg","type":"image\/jpeg"}],"twitter_card":"summary_large_image","schema":{"@context":"https:\/\/schema.org","@graph":[{"@type":"WebPage","@id":"https:\/\/acuredge.com\/de\/sustainability-and-esg-reporting\/","url":"https:\/\/acuredge.com\/de\/sustainability-and-esg-reporting\/","name":"Nachhaltigkeits- und ESG-Berichterstattung - Acuredge","isPartOf":{"@id":"https:\/\/acuredge.com\/#website"},"primaryImageOfPage":{"@id":"https:\/\/acuredge.com\/de\/sustainability-and-esg-reporting\/#primaryimage"},"image":{"@id":"https:\/\/acuredge.com\/de\/sustainability-and-esg-reporting\/#primaryimage"},"thumbnailUrl":"https:\/\/acuredge.com\/wp-content\/uploads\/2022\/05\/Image-sustainability-scaled.jpg","datePublished":"2022-05-20T17:05:05+00:00","dateModified":"2025-11-07T15:22:31+00:00","inLanguage":"de","potentialAction":[{"@type":"ReadAction","target":["https:\/\/acuredge.com\/de\/sustainability-and-esg-reporting\/"]}]},{"@type":"ImageObject","inLanguage":"de","@id":"https:\/\/acuredge.com\/de\/sustainability-and-esg-reporting\/#primaryimage","url":"https:\/\/acuredge.com\/wp-content\/uploads\/2022\/05\/Image-sustainability-scaled.jpg","contentUrl":"https:\/\/acuredge.com\/wp-content\/uploads\/2022\/05\/Image-sustainability-scaled.jpg","width":2560,"height":1828},{"@type":"WebSite","@id":"https:\/\/acuredge.com\/#website","url":"https:\/\/acuredge.com\/","name":"Acuredge","description":"Solution GRC leader de Surveillance permanente des Risques et de la Conformit\u00e9 pour une performance durable","publisher":{"@id":"https:\/\/acuredge.com\/#organization"},"potentialAction":[{"@type":"SearchAction","target":{"@type":"EntryPoint","urlTemplate":"https:\/\/acuredge.com\/?s={search_term_string}"},"query-input":{"@type":"PropertyValueSpecification","valueRequired":true,"valueName":"search_term_string"}}],"inLanguage":"de"},{"@type":"Organization","@id":"https:\/\/acuredge.com\/#organization","name":"Acuredge","url":"https:\/\/acuredge.com\/","logo":{"@type":"ImageObject","inLanguage":"de","@id":"https:\/\/acuredge.com\/#\/schema\/logo\/image\/","url":"https:\/\/acuredge.com\/wp-content\/uploads\/2025\/08\/acuredge-logo.png","contentUrl":"https:\/\/acuredge.com\/wp-content\/uploads\/2025\/08\/acuredge-logo.png","width":19644,"height":5549,"caption":"Acuredge"},"image":{"@id":"https:\/\/acuredge.com\/#\/schema\/logo\/image\/"},"sameAs":["https:\/\/www.linkedin.com\/company\/acuredge\/about\/"]}]}},"_links":{"self":[{"href":"https:\/\/acuredge.com\/de\/wp-json\/wp\/v2\/pages\/9772","targetHints":{"allow":["GET"]}}],"collection":[{"href":"https:\/\/acuredge.com\/de\/wp-json\/wp\/v2\/pages"}],"about":[{"href":"https:\/\/acuredge.com\/de\/wp-json\/wp\/v2\/types\/page"}],"author":[{"embeddable":true,"href":"https:\/\/acuredge.com\/de\/wp-json\/wp\/v2\/users\/1"}],"replies":[{"embeddable":true,"href":"https:\/\/acuredge.com\/de\/wp-json\/wp\/v2\/comments?post=9772"}],"version-history":[{"count":2,"href":"https:\/\/acuredge.com\/de\/wp-json\/wp\/v2\/pages\/9772\/revisions"}],"predecessor-version":[{"id":9879,"href":"https:\/\/acuredge.com\/de\/wp-json\/wp\/v2\/pages\/9772\/revisions\/9879"}],"wp:featuredmedia":[{"embeddable":true,"href":"https:\/\/acuredge.com\/de\/wp-json\/wp\/v2\/media\/9773"}],"wp:attachment":[{"href":"https:\/\/acuredge.com\/de\/wp-json\/wp\/v2\/media?parent=9772"}],"curies":[{"name":"wp","href":"https:\/\/api.w.org\/{rel}","templated":true}]}}