{"id":9784,"date":"2021-05-05T10:04:37","date_gmt":"2021-05-05T10:04:37","guid":{"rendered":"https:\/\/acuredge.com\/our-mindset\/"},"modified":"2025-11-07T16:59:47","modified_gmt":"2025-11-07T15:59:47","slug":"our-mindset","status":"publish","type":"page","link":"https:\/\/acuredge.com\/de\/our-mindset\/","title":{"rendered":"Unsere Vision"},"content":{"rendered":"<div class=\"block image-text py-6 \" id=\"block_c05ae9d4c6983677f55610184f2a2eaf\">\n\n\t<div class=\"wrapper-img d-none d-lg-block\">\n\t\t<img loading=\"lazy\" decoding=\"async\" width=\"1150\" height=\"1150\" src=\"https:\/\/acuredge.com\/wp-content\/uploads\/2022\/05\/image-route-1150x1150.png\" class=\"attachment-square_1150 size-square_1150\" alt=\"\" srcset=\"https:\/\/acuredge.com\/wp-content\/uploads\/2022\/05\/image-route-1150x1150.png 1150w, https:\/\/acuredge.com\/wp-content\/uploads\/2022\/05\/image-route-150x150.png 150w, https:\/\/acuredge.com\/wp-content\/uploads\/2022\/05\/image-route-234x234.png 234w, https:\/\/acuredge.com\/wp-content\/uploads\/2022\/05\/image-route-512x512.png 512w, https:\/\/acuredge.com\/wp-content\/uploads\/2022\/05\/image-route-700x700.png 700w\" sizes=\"auto, (max-width: 1150px) 100vw, 1150px\" \/>\t\t\t\n\t<\/div>\n\n\t<div class=\"container h-100\">\n\n\t\t<div class=\"row h-100 align-items-center\">\n\n\t\t\t<div class=\"col-lg-6 offset-lg-6\">\n\n                <div class=\"wysiwyg\">\n\n                    \n\t\t\t\t                    <h2 class=\"block-title lp-reveal-top\"><strong>Eine f\u00fchrende GRC-L\u00f6sung f\u00fcr die kontinuierliche Risiko- und Compliance-\u00dcberwachung f\u00fcr nachhaltige Leistung<\/strong>\n<\/h2>\n                \n                \n\n                \n                <div class=\"content lp-reveal-top\"><p>Wir bei Acuredge sind davon \u00fcberzeugt, dass ein effizientes Risiko- und Compliance-Managementsystem Unternehmen einen nachhaltigen Wettbewerbsvorteil verschafft.<\/p>\n<p>Basierend auf den besten GRC-Praktiken bieten wir eine Softwareplattform mit einem risikobasierten Ansatz und der Integration der drei Kontrolllinien.<\/p>\n<p>Um die Einhaltung der Vorschriften in einer Welt mit immer mehr Vorschriften und immer h\u00f6heren Strafen zu \u00fcberwachen, bietet die L\u00f6sung ein regulatorisches Compliance-Management.<\/p>\n<p>Da der Druck der Stakeholder in Bezug auf ESG-Themen zunimmt, deckt unsere L\u00f6sung das Management der finanziellen und nichtfinanziellen Leistung von Organisationen ab.<\/p>\n<p>Angesichts der herausfordernden Beschleunigung der Ereignisse geben sich Unternehmen m\u00f6glicherweise nicht mehr mit regelm\u00e4\u00dfigen Bewertungen von Risiken, Kontrollen und\/oder Pr\u00fcfungspriorit\u00e4ten zufrieden.<\/p>\n<p>Damit bieten wir unseren Kunden die M\u00f6glichkeit, von den technologischen Innovationen unserer Plattform zu profitieren und so den Weg hin zu einer <strong>permanenten Risiko- und Compliance-\u00dcberwachung<\/strong> zu beschreiten.<\/p>\n<\/div>\n                \n                    \n                \n                <\/div>\n\n\t\t\t<\/div>\n\n\t\t<\/div>\n\n\t<\/div>\n\n<\/div>\n\n<div class=\"block three-columns bg-secondary py-6 \" id=\"block_bb05739e12ff5c33b63fb07907b43401\">\n\n\t<div class=\"container\">\n\n\t\t<div class=\"row justify-content-center mb-5\">\n\n\t\t\t<div class=\"col-lg-8 text-center\">\n\n\t\t\t\t\n  \n                                    <h2 class=\"block-title lp-reveal-top\">\n                    \t                \t\t<strong>Unsere Werte<\/strong>\n<\/h2>\n                \n                                    <p class=\"excerpt lp-reveal-top\">Unsere kulturelle Denkweise und unsere Werte bestimmen die Art und Weise, wie wir als ein leistungsstarkes Team arbeiten m\u00f6chten<\/p>\n                \n\t\t\t<\/div>\n\t\t<\/div>\n\n\t\t\n\t\t\t<div class=\"row justify-content-center gy-5 gx-5\">\n\n\t\t    \n\t\t        <div class=\"col-xxl-4 col-md-6 lp-reveal-scale\">\n\n\t\t        \t<div class=\"inner bg-white p-5 h-100\">\n\n\t\t        \t\t\n\t\t        \t\t\t\t                    <h3 class=\"small-title\">Respekt\n<\/h3>\n\t\t                \n\t\t                \t\t                    <div class=\"content\"><ul>\n<li style=\"font-weight: 400;\">Behandeln Sie Menschen so, wie Sie selbst behandelt werden m\u00f6chten.<\/li>\n<li style=\"font-weight: 400;\">Seien Sie professionell und erf\u00fcllen Sie ihre Verpflichtungen.<\/li>\n<li style=\"font-weight: 400;\">Seien Sie sich bewusst, dass die Zeit und Arbeit Ihrer Kollegen genauso wertvoll sind wie Ihre.<\/li>\n<li style=\"font-weight: 400;\"><span style=\"font-weight: 400;\">Geben Sie G\u00e4sten und neuen Teammitgliedern das Gef\u00fchl, willkommen zu sein.<\/span><\/li>\n<li style=\"font-weight: 400;\">F\u00fchlen Sie sich verantwortlich \u2013 und verbunden \u2013 mit den Ressourcen von Iskera.<\/li>\n<\/ul>\n<\/div>\n\t\t                \n\t\t                \n\t\t        \t<\/div>\n\n\t\t        <\/div>\n\n\t\t    \n\t\t        <div class=\"col-xxl-4 col-md-6 lp-reveal-scale\">\n\n\t\t        \t<div class=\"inner bg-white p-5 h-100\">\n\n\t\t        \t\t\n\t\t        \t\t\t\t                    <h3 class=\"small-title\">Offenheit\n<\/h3>\n\t\t                \n\t\t                \t\t                    <div class=\"content\"><ul>\n<li style=\"font-weight: 400;\"><span style=\"font-weight: 400;\">Bieten Sie Ihrem Team alle relevanten Ressourcen und Unterst\u00fctzung an, um den besten \u00dcberblick zu gew\u00e4hrleisten. <\/span><\/li>\n<li style=\"font-weight: 400;\"><span style=\"font-weight: 400;\">Verbessern Sie eine Situation, anstatt sie zu kritisieren. <\/span><\/li>\n<li style=\"font-weight: 400;\">Heben Sie Risiken hervor und geben Sie zu, wenn Sie f\u00fcr eine Aufgabe nicht geeignet sind.<\/li>\n<li style=\"font-weight: 400;\">Lernen und teilen Sie aus positiven und negativen Erfahrungen.<\/li>\n<li style=\"font-weight: 400;\">Verwalten Sie interne Probleme, ohne unsere Effizienz zu beeintr\u00e4chtigen.<\/li>\n<\/ul>\n<\/div>\n\t\t                \n\t\t                \n\t\t        \t<\/div>\n\n\t\t        <\/div>\n\n\t\t    \n\t\t        <div class=\"col-xxl-4 col-md-6 lp-reveal-scale\">\n\n\t\t        \t<div class=\"inner bg-white p-5 h-100\">\n\n\t\t        \t\t\n\t\t        \t\t\t\t                    <h3 class=\"small-title\">Hingabe\n<\/h3>\n\t\t                \n\t\t                \t\t                    <div class=\"content\"><ul>\n<li style=\"font-weight: 400;\">Bringen Sie Mehrwert, neue Ideen und teilen Sie Wissen.<\/li>\n<li style=\"font-weight: 400;\">Seien Sie stolz auf Ihre Teams, Ihre Arbeit und den Wert, den Sie dem Kunden bieten.<\/li>\n<li style=\"font-weight: 400;\"><span style=\"font-weight: 400;\">Sch\u00fctzen, f\u00f6rdern und st\u00e4rken Sie langfristige Beziehungen. <\/span><\/li>\n<li style=\"font-weight: 400;\"><span style=\"font-weight: 400;\">Sehen Sie in der Ver\u00e4nderung eine Chance. <\/span><\/li>\n<li style=\"font-weight: 400;\">Arbeiten Sie an der Entwicklung von Iskera.<\/li>\n<\/ul>\n<\/div>\n\t\t                \n\t\t                \n\t\t        \t<\/div>\n\n\t\t        <\/div>\n\n\t\t    \n\t\t\t<\/div>\n\n\t\t\n\n\t<\/div>\n\n<\/div>\n\n<div class=\"block join-us py-6 text-white bg-dark \" id=\"block_5eb6b31e39d98a2b39fb00b5ef5dbc9d\" data-lp-bg=\"https:\/\/acuredge.com\/wp-content\/uploads\/2021\/03\/apply-now-768x650.jpg\" data-lp-bg-lg=\"https:\/\/acuredge.com\/wp-content\/uploads\/2021\/03\/apply-now-1800x650.jpg\">\n\n\t<div class=\"container\">\n\n\t\t<div class=\"row\">\n\n            \n            <div class=\"col-lg-6 col-12 mb-4\">\n  \n                                    <h2 class=\"block-title lp-reveal-top\">\n                                                     <span class=\"subtitle lp-reveal-top\">Begleiten Sie uns<\/span>\n                                                Verk\u00f6rpern Sie all diese Werte und m\u00f6chten an einem Ort arbeiten, an dem sie gelebt werden?\n<\/h2>\n                     \n            <\/div>\n\n            \n            <div class=\"col-12 lp-reveal-top\">\n\n                \n\t\t<a href=\"https:\/\/acuredge.com\/de\/careers\/\" target=\"_self\"  class=\"btn btn-primary\"><span class=\"inner\">Werden Sie Teil unseres Teams!<\/span><\/a>\n\t                \n            <\/div>\n\t\n        <\/div>\n        \n\t<\/div>\n\n<\/div>","protected":false},"excerpt":{"rendered":"<p>True innovation is born from a powerful culture, fused with meaningful values.<\/p>\n","protected":false},"author":1,"featured_media":9786,"parent":0,"menu_order":30,"comment_status":"closed","ping_status":"closed","template":"","meta":{"_acf_changed":false,"footnotes":""},"class_list":["post-9784","page","type-page","status-publish","has-post-thumbnail","hentry"],"acf":[],"yoast_head":"<!-- This site is optimized with the Yoast SEO plugin v27.4 - https:\/\/yoast.com\/product\/yoast-seo-wordpress\/ -->\n<title>Unsere Vision - Acuredge<\/title>\n<meta name=\"robots\" content=\"index, follow, max-snippet:-1, max-image-preview:large, max-video-preview:-1\" \/>\n<link rel=\"canonical\" href=\"https:\/\/acuredge.com\/de\/our-mindset\/\" \/>\n<meta property=\"og:locale\" content=\"de_DE\" \/>\n<meta property=\"og:type\" content=\"article\" \/>\n<meta property=\"og:title\" content=\"Unsere Vision - Acuredge\" \/>\n<meta property=\"og:description\" content=\"True innovation is born from a powerful culture, fused with meaningful values.\" \/>\n<meta property=\"og:url\" content=\"https:\/\/acuredge.com\/de\/our-mindset\/\" \/>\n<meta property=\"og:site_name\" content=\"Acuredge\" \/>\n<meta property=\"article:modified_time\" content=\"2025-11-07T15:59:47+00:00\" \/>\n<meta property=\"og:image\" content=\"https:\/\/acuredge.com\/wp-content\/uploads\/2021\/07\/Specific-Topic-GettyImages-1166773908-1-1296x864.png\" \/>\n\t<meta property=\"og:image:width\" content=\"1296\" \/>\n\t<meta property=\"og:image:height\" content=\"864\" \/>\n\t<meta property=\"og:image:type\" content=\"image\/png\" \/>\n<meta name=\"twitter:card\" content=\"summary_large_image\" \/>\n<meta name=\"twitter:label1\" content=\"Gesch\u00e4tzte Lesezeit\" \/>\n\t<meta name=\"twitter:data1\" content=\"1\u00a0Minute\" \/>\n<script type=\"application\/ld+json\" class=\"yoast-schema-graph\">{\"@context\":\"https:\\\/\\\/schema.org\",\"@graph\":[{\"@type\":\"WebPage\",\"@id\":\"https:\\\/\\\/acuredge.com\\\/de\\\/our-mindset\\\/\",\"url\":\"https:\\\/\\\/acuredge.com\\\/de\\\/our-mindset\\\/\",\"name\":\"Unsere Vision - Acuredge\",\"isPartOf\":{\"@id\":\"https:\\\/\\\/acuredge.com\\\/#website\"},\"primaryImageOfPage\":{\"@id\":\"https:\\\/\\\/acuredge.com\\\/de\\\/our-mindset\\\/#primaryimage\"},\"image\":{\"@id\":\"https:\\\/\\\/acuredge.com\\\/de\\\/our-mindset\\\/#primaryimage\"},\"thumbnailUrl\":\"https:\\\/\\\/acuredge.com\\\/wp-content\\\/uploads\\\/2021\\\/07\\\/Specific-Topic-GettyImages-1166773908-1.png\",\"datePublished\":\"2021-05-05T10:04:37+00:00\",\"dateModified\":\"2025-11-07T15:59:47+00:00\",\"inLanguage\":\"de\",\"potentialAction\":[{\"@type\":\"ReadAction\",\"target\":[\"https:\\\/\\\/acuredge.com\\\/de\\\/our-mindset\\\/\"]}]},{\"@type\":\"ImageObject\",\"inLanguage\":\"de\",\"@id\":\"https:\\\/\\\/acuredge.com\\\/de\\\/our-mindset\\\/#primaryimage\",\"url\":\"https:\\\/\\\/acuredge.com\\\/wp-content\\\/uploads\\\/2021\\\/07\\\/Specific-Topic-GettyImages-1166773908-1.png\",\"contentUrl\":\"https:\\\/\\\/acuredge.com\\\/wp-content\\\/uploads\\\/2021\\\/07\\\/Specific-Topic-GettyImages-1166773908-1.png\",\"width\":8660,\"height\":5773},{\"@type\":\"WebSite\",\"@id\":\"https:\\\/\\\/acuredge.com\\\/#website\",\"url\":\"https:\\\/\\\/acuredge.com\\\/\",\"name\":\"Acuredge\",\"description\":\"Solution GRC leader de Surveillance permanente des Risques et de la Conformit\u00e9 pour une performance durable\",\"publisher\":{\"@id\":\"https:\\\/\\\/acuredge.com\\\/#organization\"},\"potentialAction\":[{\"@type\":\"SearchAction\",\"target\":{\"@type\":\"EntryPoint\",\"urlTemplate\":\"https:\\\/\\\/acuredge.com\\\/?s={search_term_string}\"},\"query-input\":{\"@type\":\"PropertyValueSpecification\",\"valueRequired\":true,\"valueName\":\"search_term_string\"}}],\"inLanguage\":\"de\"},{\"@type\":\"Organization\",\"@id\":\"https:\\\/\\\/acuredge.com\\\/#organization\",\"name\":\"Acuredge\",\"url\":\"https:\\\/\\\/acuredge.com\\\/\",\"logo\":{\"@type\":\"ImageObject\",\"inLanguage\":\"de\",\"@id\":\"https:\\\/\\\/acuredge.com\\\/#\\\/schema\\\/logo\\\/image\\\/\",\"url\":\"https:\\\/\\\/acuredge.com\\\/wp-content\\\/uploads\\\/2025\\\/08\\\/acuredge-logo.png\",\"contentUrl\":\"https:\\\/\\\/acuredge.com\\\/wp-content\\\/uploads\\\/2025\\\/08\\\/acuredge-logo.png\",\"width\":19644,\"height\":5549,\"caption\":\"Acuredge\"},\"image\":{\"@id\":\"https:\\\/\\\/acuredge.com\\\/#\\\/schema\\\/logo\\\/image\\\/\"},\"sameAs\":[\"https:\\\/\\\/www.linkedin.com\\\/company\\\/acuredge\\\/about\\\/\"]}]}<\/script>\n<!-- \/ Yoast SEO plugin. -->","yoast_head_json":{"title":"Unsere Vision - Acuredge","robots":{"index":"index","follow":"follow","max-snippet":"max-snippet:-1","max-image-preview":"max-image-preview:large","max-video-preview":"max-video-preview:-1"},"canonical":"https:\/\/acuredge.com\/de\/our-mindset\/","og_locale":"de_DE","og_type":"article","og_title":"Unsere Vision - Acuredge","og_description":"True innovation is born from a powerful culture, fused with meaningful values.","og_url":"https:\/\/acuredge.com\/de\/our-mindset\/","og_site_name":"Acuredge","article_modified_time":"2025-11-07T15:59:47+00:00","og_image":[{"width":1296,"height":864,"url":"https:\/\/acuredge.com\/wp-content\/uploads\/2021\/07\/Specific-Topic-GettyImages-1166773908-1-1296x864.png","type":"image\/png"}],"twitter_card":"summary_large_image","twitter_misc":{"Gesch\u00e4tzte Lesezeit":"1\u00a0Minute"},"schema":{"@context":"https:\/\/schema.org","@graph":[{"@type":"WebPage","@id":"https:\/\/acuredge.com\/de\/our-mindset\/","url":"https:\/\/acuredge.com\/de\/our-mindset\/","name":"Unsere Vision - Acuredge","isPartOf":{"@id":"https:\/\/acuredge.com\/#website"},"primaryImageOfPage":{"@id":"https:\/\/acuredge.com\/de\/our-mindset\/#primaryimage"},"image":{"@id":"https:\/\/acuredge.com\/de\/our-mindset\/#primaryimage"},"thumbnailUrl":"https:\/\/acuredge.com\/wp-content\/uploads\/2021\/07\/Specific-Topic-GettyImages-1166773908-1.png","datePublished":"2021-05-05T10:04:37+00:00","dateModified":"2025-11-07T15:59:47+00:00","inLanguage":"de","potentialAction":[{"@type":"ReadAction","target":["https:\/\/acuredge.com\/de\/our-mindset\/"]}]},{"@type":"ImageObject","inLanguage":"de","@id":"https:\/\/acuredge.com\/de\/our-mindset\/#primaryimage","url":"https:\/\/acuredge.com\/wp-content\/uploads\/2021\/07\/Specific-Topic-GettyImages-1166773908-1.png","contentUrl":"https:\/\/acuredge.com\/wp-content\/uploads\/2021\/07\/Specific-Topic-GettyImages-1166773908-1.png","width":8660,"height":5773},{"@type":"WebSite","@id":"https:\/\/acuredge.com\/#website","url":"https:\/\/acuredge.com\/","name":"Acuredge","description":"Solution GRC leader de Surveillance permanente des Risques et de la Conformit\u00e9 pour une performance durable","publisher":{"@id":"https:\/\/acuredge.com\/#organization"},"potentialAction":[{"@type":"SearchAction","target":{"@type":"EntryPoint","urlTemplate":"https:\/\/acuredge.com\/?s={search_term_string}"},"query-input":{"@type":"PropertyValueSpecification","valueRequired":true,"valueName":"search_term_string"}}],"inLanguage":"de"},{"@type":"Organization","@id":"https:\/\/acuredge.com\/#organization","name":"Acuredge","url":"https:\/\/acuredge.com\/","logo":{"@type":"ImageObject","inLanguage":"de","@id":"https:\/\/acuredge.com\/#\/schema\/logo\/image\/","url":"https:\/\/acuredge.com\/wp-content\/uploads\/2025\/08\/acuredge-logo.png","contentUrl":"https:\/\/acuredge.com\/wp-content\/uploads\/2025\/08\/acuredge-logo.png","width":19644,"height":5549,"caption":"Acuredge"},"image":{"@id":"https:\/\/acuredge.com\/#\/schema\/logo\/image\/"},"sameAs":["https:\/\/www.linkedin.com\/company\/acuredge\/about\/"]}]}},"_links":{"self":[{"href":"https:\/\/acuredge.com\/de\/wp-json\/wp\/v2\/pages\/9784","targetHints":{"allow":["GET"]}}],"collection":[{"href":"https:\/\/acuredge.com\/de\/wp-json\/wp\/v2\/pages"}],"about":[{"href":"https:\/\/acuredge.com\/de\/wp-json\/wp\/v2\/types\/page"}],"author":[{"embeddable":true,"href":"https:\/\/acuredge.com\/de\/wp-json\/wp\/v2\/users\/1"}],"replies":[{"embeddable":true,"href":"https:\/\/acuredge.com\/de\/wp-json\/wp\/v2\/comments?post=9784"}],"version-history":[{"count":2,"href":"https:\/\/acuredge.com\/de\/wp-json\/wp\/v2\/pages\/9784\/revisions"}],"predecessor-version":[{"id":9886,"href":"https:\/\/acuredge.com\/de\/wp-json\/wp\/v2\/pages\/9784\/revisions\/9886"}],"wp:featuredmedia":[{"embeddable":true,"href":"https:\/\/acuredge.com\/de\/wp-json\/wp\/v2\/media\/9786"}],"wp:attachment":[{"href":"https:\/\/acuredge.com\/de\/wp-json\/wp\/v2\/media?parent=9784"}],"curies":[{"name":"wp","href":"https:\/\/api.w.org\/{rel}","templated":true}]}}