{"id":9797,"date":"2021-05-04T15:57:56","date_gmt":"2021-05-04T15:57:56","guid":{"rendered":"https:\/\/acuredge.com\/our-teams-and-brands\/"},"modified":"2025-11-06T11:42:24","modified_gmt":"2025-11-06T10:42:24","slug":"our-teams-and-brands","status":"publish","type":"page","link":"https:\/\/acuredge.com\/de\/our-teams-and-brands\/","title":{"rendered":"Unsere Geschichte"},"content":{"rendered":"<header class=\"block header-page py-5 pb-xxl-6 \" id=\"block_d53d0cd9015c6d66710e4dacde92d70b\">\n\n\t<div class=\"content-wrapper\">\n\n\t\t<div class=\"container\">\n\n\t\t\t<div class=\"row mb-5\">\n\n\t\t\t\t<div class=\"col\">\n\n\t\t\t\t\t\n\t\t<nav id=\"breadcrumb\" typeof=\"BreadcrumbList\" vocab=\"https:\/\/schema.org\/\" class=\"\" aria-label=\"You are here:\">\n\n\t\t\t<span property=\"itemListElement\" typeof=\"ListItem\"><a property=\"item\" typeof=\"WebPage\" title=\"Go to Acuredge.\" href=\"https:\/\/acuredge.com\/de\/\" class=\"home\" ><span property=\"name\">Acuredge<\/span><\/a><meta property=\"position\" content=\"1\"><\/span><span class=\"separator\" aria-hidden=\"true\"><i class=\"fas fa-circle fa-xs\" data-fa-transform=\"shrink-8\"><\/i><\/span><span property=\"itemListElement\" typeof=\"ListItem\"><a property=\"item\" typeof=\"WebPage\" title=\"Go to News.\" href=\"https:\/\/acuredge.com\/de\/blog-nearshore\/\" class=\"post-root post post-post\" aria-current=\"page\"><span property=\"name\">News<\/span><\/a><meta property=\"position\" content=\"2\"><\/span>\n\t\t<\/nav>\n\n\n\t\t\t\t<\/div>\n\n\t\t\t<\/div>\n\n\n\t\t\t<div class=\"row\">\n\n\t\t\t\t<div class=\"col-xl-7\">\n\n\t\t\t\t\t<h1 class=\"header-title\"><strong>RVR Parad wird zu Acuredge, um seine internationale Entwicklung voranzutreiben und seine technologischen Investitionen in seine Plattform fortzusetzen<\/strong>\n<\/h1>\n\n\t\t\t\t\t\n\t\t\t\t\t\n\t\t\t\t<\/div>\n\n\t\t\t<\/div>\n\n\t\t<\/div>\n\n\t<\/div>\n\n\t<div class=\"wrapper-image-bis\">\n\t\t<img loading=\"lazy\" decoding=\"async\" width=\"234\" height=\"234\" src=\"https:\/\/acuredge.com\/wp-content\/uploads\/2021\/05\/Our-brands-234x234.jpg\" class=\"attachment-square_234 size-square_234\" alt=\"\" srcset=\"https:\/\/acuredge.com\/wp-content\/uploads\/2021\/05\/Our-brands-234x234.jpg 234w, https:\/\/acuredge.com\/wp-content\/uploads\/2021\/05\/Our-brands-150x150.jpg 150w, https:\/\/acuredge.com\/wp-content\/uploads\/2021\/05\/Our-brands-512x512.jpg 512w, https:\/\/acuredge.com\/wp-content\/uploads\/2021\/05\/Our-brands-700x700.jpg 700w, https:\/\/acuredge.com\/wp-content\/uploads\/2021\/05\/Our-brands-1150x1150.jpg 1150w\" sizes=\"auto, (max-width: 234px) 100vw, 234px\" \/>\t\t\t\n\t<\/div>\n\n\t<div class=\"wrapper-image\">\n\t\t<img loading=\"lazy\" decoding=\"async\" width=\"700\" height=\"700\" src=\"https:\/\/acuredge.com\/wp-content\/uploads\/2021\/05\/Our-brands-700x700.jpg\" class=\"attachment-square_700 size-square_700\" alt=\"\" srcset=\"https:\/\/acuredge.com\/wp-content\/uploads\/2021\/05\/Our-brands-700x700.jpg 700w, https:\/\/acuredge.com\/wp-content\/uploads\/2021\/05\/Our-brands-150x150.jpg 150w, https:\/\/acuredge.com\/wp-content\/uploads\/2021\/05\/Our-brands-234x234.jpg 234w, https:\/\/acuredge.com\/wp-content\/uploads\/2021\/05\/Our-brands-512x512.jpg 512w, https:\/\/acuredge.com\/wp-content\/uploads\/2021\/05\/Our-brands-1150x1150.jpg 1150w\" sizes=\"auto, (max-width: 700px) 100vw, 700px\" \/>\t\t\n\t<\/div>\n\n<\/header>\n\n<div class=\"block text py-6 bg-white \" id=\"block_c40aa7c6d4d9f62a13a01f9f10a37f1d\">\n\n\t<div class=\"container\">\n\n\t\t<div class=\"row \">\n\n\t\t\t<div class=\"col lp-reveal-top\">\n\n                <div class=\"wysiwyg\">\n\n                    \n\t\t\t\t    <p>RVR wurde 2002 in Paris aus dem Wunsch heraus gegr\u00fcndet, seinen Kunden effiziente interne Kontrollinstrumente zur Einhaltung der neuen internen Kontrollvorschriften (SOX) anzubieten.<\/p>\n<p>Anschlie\u00dfend wurde das Angebot der L\u00f6sung erweitert, damit die Kunden von einer integrierten Risiko-, Kontroll- und Auditplattform profitieren k\u00f6nnen.<\/p>\n<p>Im Jahr 2011 schloss sich RVR der Devoteam-Gruppe an und investierte weiter in deren Plattform, insbesondere durch die \u00dcbernahme von PARAD, einem auf die Verwaltung von Gesch\u00e4ftskontinuit\u00e4tspl\u00e4nen (BCPs) spezialisierten Softwareunternehmen. RVR wurde zu RVR PARAD und bietet eine modulare und integrierte L\u00f6sung f\u00fcr das Risikomanagement.<\/p>\n<p>Im Jahr 2022 schl\u00e4gt RVR PARAD eine neue Richtung ein und wird von Devoteam zu <strong>Acuredge<\/strong>, um seine internationale Entwicklung zu beschleunigen und weiterhin in seine Plattform mit neuen technologischen Entwicklungen zu investieren, um eine permanente \u00dcberwachung von Risiken und Compliance zu erreichen.<\/p>\n\n                    \n\n\n\n\n\n                <\/div>\n\n\t\t\t<\/div>\n\t\t<\/div>\n\n\t<\/div>\n\n<\/div>\n\n<div class=\"block text py-6 bg-secondary \" id=\"block_3f65907d4cf455e1bfecee06d4c3151b\">\n\n\t<div class=\"container\">\n\n\t\t<div class=\"row \">\n\n\t\t\t<div class=\"col lp-reveal-top\">\n\n                <div class=\"wysiwyg\">\n\n                    \n\t\t\t\t    <ul>\n<li>2002: Gr\u00fcndung des RVR<\/li>\n<li>2011: Integration von RVR in die Devoteam-Gruppe<\/li>\n<li>2013: Einf\u00fchrung der integrierten Risk-Control-Audit-Plattform und Zusammenf\u00fchrung mit der PARAD-L\u00f6sung<\/li>\n<li>2017: Starkes Wachstum des SaaS-Angebots<\/li>\n<li>2019: <strong>:<\/strong> Entwicklung des extra-finanziellen und ESG-Performance-Moduls<\/li>\n<li>2022: RVR PARAD wird zu <strong>Acuredge<\/strong><\/li>\n<\/ul>\n\n                    \n\n\n\n\n\n                <\/div>\n\n\t\t\t<\/div>\n\t\t<\/div>\n\n\t<\/div>\n\n<\/div>","protected":false},"excerpt":{"rendered":"<p>Teams are the real value behind any company. And we put power behind our teams with continuous development to offer the best service to customers.<\/p>\n","protected":false},"author":1,"featured_media":9799,"parent":0,"menu_order":10,"comment_status":"closed","ping_status":"closed","template":"","meta":{"_acf_changed":false,"footnotes":""},"class_list":["post-9797","page","type-page","status-publish","has-post-thumbnail","hentry"],"acf":[],"yoast_head":"<!-- This site is optimized with the Yoast SEO plugin v27.4 - https:\/\/yoast.com\/product\/yoast-seo-wordpress\/ -->\n<title>Our Teams and Brands | Devoteam<\/title>\n<meta name=\"description\" content=\"People are the real value behind any company, and we have great teams with lots of experience. Meet the Devoteam group!\" \/>\n<meta name=\"robots\" content=\"index, follow, max-snippet:-1, max-image-preview:large, max-video-preview:-1\" \/>\n<link rel=\"canonical\" href=\"https:\/\/acuredge.com\/de\/our-teams-and-brands\/\" \/>\n<meta property=\"og:locale\" content=\"de_DE\" \/>\n<meta property=\"og:type\" content=\"article\" \/>\n<meta property=\"og:title\" content=\"Our Teams and Brands | Devoteam\" \/>\n<meta property=\"og:description\" content=\"People are the real value behind any company, and we have great teams with lots of experience. Meet the Devoteam group!\" \/>\n<meta property=\"og:url\" content=\"https:\/\/acuredge.com\/de\/our-teams-and-brands\/\" \/>\n<meta property=\"og:site_name\" content=\"Acuredge\" \/>\n<meta property=\"article:modified_time\" content=\"2025-11-06T10:42:24+00:00\" \/>\n<meta property=\"og:image\" content=\"https:\/\/acuredge.com\/wp-content\/uploads\/2021\/05\/Our-brands.jpg\" \/>\n\t<meta property=\"og:image:width\" content=\"2500\" \/>\n\t<meta property=\"og:image:height\" content=\"1683\" \/>\n\t<meta property=\"og:image:type\" content=\"image\/jpeg\" \/>\n<meta name=\"twitter:card\" content=\"summary_large_image\" \/>\n<script type=\"application\/ld+json\" class=\"yoast-schema-graph\">{\"@context\":\"https:\\\/\\\/schema.org\",\"@graph\":[{\"@type\":\"WebPage\",\"@id\":\"https:\\\/\\\/acuredge.com\\\/de\\\/our-teams-and-brands\\\/\",\"url\":\"https:\\\/\\\/acuredge.com\\\/de\\\/our-teams-and-brands\\\/\",\"name\":\"Our Teams and Brands | Devoteam\",\"isPartOf\":{\"@id\":\"https:\\\/\\\/acuredge.com\\\/#website\"},\"primaryImageOfPage\":{\"@id\":\"https:\\\/\\\/acuredge.com\\\/de\\\/our-teams-and-brands\\\/#primaryimage\"},\"image\":{\"@id\":\"https:\\\/\\\/acuredge.com\\\/de\\\/our-teams-and-brands\\\/#primaryimage\"},\"thumbnailUrl\":\"https:\\\/\\\/acuredge.com\\\/wp-content\\\/uploads\\\/2021\\\/05\\\/Our-brands.jpg\",\"datePublished\":\"2021-05-04T15:57:56+00:00\",\"dateModified\":\"2025-11-06T10:42:24+00:00\",\"description\":\"People are the real value behind any company, and we have great teams with lots of experience. Meet the Devoteam group!\",\"inLanguage\":\"de\",\"potentialAction\":[{\"@type\":\"ReadAction\",\"target\":[\"https:\\\/\\\/acuredge.com\\\/de\\\/our-teams-and-brands\\\/\"]}]},{\"@type\":\"ImageObject\",\"inLanguage\":\"de\",\"@id\":\"https:\\\/\\\/acuredge.com\\\/de\\\/our-teams-and-brands\\\/#primaryimage\",\"url\":\"https:\\\/\\\/acuredge.com\\\/wp-content\\\/uploads\\\/2021\\\/05\\\/Our-brands.jpg\",\"contentUrl\":\"https:\\\/\\\/acuredge.com\\\/wp-content\\\/uploads\\\/2021\\\/05\\\/Our-brands.jpg\",\"width\":2500,\"height\":1683},{\"@type\":\"WebSite\",\"@id\":\"https:\\\/\\\/acuredge.com\\\/#website\",\"url\":\"https:\\\/\\\/acuredge.com\\\/\",\"name\":\"Acuredge\",\"description\":\"Solution GRC leader de Surveillance permanente des Risques et de la Conformit\u00e9 pour une performance durable\",\"publisher\":{\"@id\":\"https:\\\/\\\/acuredge.com\\\/#organization\"},\"potentialAction\":[{\"@type\":\"SearchAction\",\"target\":{\"@type\":\"EntryPoint\",\"urlTemplate\":\"https:\\\/\\\/acuredge.com\\\/?s={search_term_string}\"},\"query-input\":{\"@type\":\"PropertyValueSpecification\",\"valueRequired\":true,\"valueName\":\"search_term_string\"}}],\"inLanguage\":\"de\"},{\"@type\":\"Organization\",\"@id\":\"https:\\\/\\\/acuredge.com\\\/#organization\",\"name\":\"Acuredge\",\"url\":\"https:\\\/\\\/acuredge.com\\\/\",\"logo\":{\"@type\":\"ImageObject\",\"inLanguage\":\"de\",\"@id\":\"https:\\\/\\\/acuredge.com\\\/#\\\/schema\\\/logo\\\/image\\\/\",\"url\":\"https:\\\/\\\/acuredge.com\\\/wp-content\\\/uploads\\\/2025\\\/08\\\/acuredge-logo.png\",\"contentUrl\":\"https:\\\/\\\/acuredge.com\\\/wp-content\\\/uploads\\\/2025\\\/08\\\/acuredge-logo.png\",\"width\":19644,\"height\":5549,\"caption\":\"Acuredge\"},\"image\":{\"@id\":\"https:\\\/\\\/acuredge.com\\\/#\\\/schema\\\/logo\\\/image\\\/\"},\"sameAs\":[\"https:\\\/\\\/www.linkedin.com\\\/company\\\/acuredge\\\/about\\\/\"]}]}<\/script>\n<!-- \/ Yoast SEO plugin. -->","yoast_head_json":{"title":"Our Teams and Brands | Devoteam","description":"People are the real value behind any company, and we have great teams with lots of experience. Meet the Devoteam group!","robots":{"index":"index","follow":"follow","max-snippet":"max-snippet:-1","max-image-preview":"max-image-preview:large","max-video-preview":"max-video-preview:-1"},"canonical":"https:\/\/acuredge.com\/de\/our-teams-and-brands\/","og_locale":"de_DE","og_type":"article","og_title":"Our Teams and Brands | Devoteam","og_description":"People are the real value behind any company, and we have great teams with lots of experience. Meet the Devoteam group!","og_url":"https:\/\/acuredge.com\/de\/our-teams-and-brands\/","og_site_name":"Acuredge","article_modified_time":"2025-11-06T10:42:24+00:00","og_image":[{"width":2500,"height":1683,"url":"https:\/\/acuredge.com\/wp-content\/uploads\/2021\/05\/Our-brands.jpg","type":"image\/jpeg"}],"twitter_card":"summary_large_image","schema":{"@context":"https:\/\/schema.org","@graph":[{"@type":"WebPage","@id":"https:\/\/acuredge.com\/de\/our-teams-and-brands\/","url":"https:\/\/acuredge.com\/de\/our-teams-and-brands\/","name":"Our Teams and Brands | Devoteam","isPartOf":{"@id":"https:\/\/acuredge.com\/#website"},"primaryImageOfPage":{"@id":"https:\/\/acuredge.com\/de\/our-teams-and-brands\/#primaryimage"},"image":{"@id":"https:\/\/acuredge.com\/de\/our-teams-and-brands\/#primaryimage"},"thumbnailUrl":"https:\/\/acuredge.com\/wp-content\/uploads\/2021\/05\/Our-brands.jpg","datePublished":"2021-05-04T15:57:56+00:00","dateModified":"2025-11-06T10:42:24+00:00","description":"People are the real value behind any company, and we have great teams with lots of experience. Meet the Devoteam group!","inLanguage":"de","potentialAction":[{"@type":"ReadAction","target":["https:\/\/acuredge.com\/de\/our-teams-and-brands\/"]}]},{"@type":"ImageObject","inLanguage":"de","@id":"https:\/\/acuredge.com\/de\/our-teams-and-brands\/#primaryimage","url":"https:\/\/acuredge.com\/wp-content\/uploads\/2021\/05\/Our-brands.jpg","contentUrl":"https:\/\/acuredge.com\/wp-content\/uploads\/2021\/05\/Our-brands.jpg","width":2500,"height":1683},{"@type":"WebSite","@id":"https:\/\/acuredge.com\/#website","url":"https:\/\/acuredge.com\/","name":"Acuredge","description":"Solution GRC leader de Surveillance permanente des Risques et de la Conformit\u00e9 pour une performance durable","publisher":{"@id":"https:\/\/acuredge.com\/#organization"},"potentialAction":[{"@type":"SearchAction","target":{"@type":"EntryPoint","urlTemplate":"https:\/\/acuredge.com\/?s={search_term_string}"},"query-input":{"@type":"PropertyValueSpecification","valueRequired":true,"valueName":"search_term_string"}}],"inLanguage":"de"},{"@type":"Organization","@id":"https:\/\/acuredge.com\/#organization","name":"Acuredge","url":"https:\/\/acuredge.com\/","logo":{"@type":"ImageObject","inLanguage":"de","@id":"https:\/\/acuredge.com\/#\/schema\/logo\/image\/","url":"https:\/\/acuredge.com\/wp-content\/uploads\/2025\/08\/acuredge-logo.png","contentUrl":"https:\/\/acuredge.com\/wp-content\/uploads\/2025\/08\/acuredge-logo.png","width":19644,"height":5549,"caption":"Acuredge"},"image":{"@id":"https:\/\/acuredge.com\/#\/schema\/logo\/image\/"},"sameAs":["https:\/\/www.linkedin.com\/company\/acuredge\/about\/"]}]}},"_links":{"self":[{"href":"https:\/\/acuredge.com\/de\/wp-json\/wp\/v2\/pages\/9797","targetHints":{"allow":["GET"]}}],"collection":[{"href":"https:\/\/acuredge.com\/de\/wp-json\/wp\/v2\/pages"}],"about":[{"href":"https:\/\/acuredge.com\/de\/wp-json\/wp\/v2\/types\/page"}],"author":[{"embeddable":true,"href":"https:\/\/acuredge.com\/de\/wp-json\/wp\/v2\/users\/1"}],"replies":[{"embeddable":true,"href":"https:\/\/acuredge.com\/de\/wp-json\/wp\/v2\/comments?post=9797"}],"version-history":[{"count":1,"href":"https:\/\/acuredge.com\/de\/wp-json\/wp\/v2\/pages\/9797\/revisions"}],"predecessor-version":[{"id":9818,"href":"https:\/\/acuredge.com\/de\/wp-json\/wp\/v2\/pages\/9797\/revisions\/9818"}],"wp:featuredmedia":[{"embeddable":true,"href":"https:\/\/acuredge.com\/de\/wp-json\/wp\/v2\/media\/9799"}],"wp:attachment":[{"href":"https:\/\/acuredge.com\/de\/wp-json\/wp\/v2\/media?parent=9797"}],"curies":[{"name":"wp","href":"https:\/\/api.w.org\/{rel}","templated":true}]}}