{"id":9825,"date":"2021-02-25T16:35:05","date_gmt":"2021-02-25T16:35:05","guid":{"rendered":"https:\/\/acuredge.com\/contact\/"},"modified":"2025-11-20T21:56:15","modified_gmt":"2025-11-20T20:56:15","slug":"contact","status":"publish","type":"page","link":"https:\/\/acuredge.com\/de\/contact\/","title":{"rendered":"Kontakt"},"content":{"rendered":"\n\n<div class=\"block contact-form  py-5 py-lg-0 \" id=\"[forminator_form-id=\"9968\"]\">\n\n\t<div class=\"container\">\n\n\t\t<div class=\"row justify-content-between align-items-center\">\n\n\t\t\t<div class=\"col-lg-5\">\n\t\t\t\t<h1 class=\"header-title mb-5 mb-lg-0\">W\u00fcnschen Sie weitere Informationen oder eine Demonstration?\n<\/h1>\n\t\t\t<\/div>\n\t\t\t<div class=\"col-lg-4 col-form\">\n\t\t\t\t<div class=\"form-wrapper\">\n\t\t\t\t\t<div class=\"inner-form py-lg-6\">\n\n\t\t\t\t\t\t\t\t\t\t\t\t\n\t\t\t\t\t\t\t\n<div class=\"lp-contact-form\">\n    <div class=\"forminator-ui forminator-custom-form forminator-custom-form-9968 forminator-design--default  forminator_ajax\" data-forminator-render=\"0\" data-form=\"forminator-module-9968\" data-uid=\"69dedf7ea2a49\"><br\/><\/div><form\n\t\t\t\tid=\"forminator-module-9968\"\n\t\t\t\tclass=\"forminator-ui forminator-custom-form forminator-custom-form-9968 forminator-design--default  forminator_ajax\"\n\t\t\t\tmethod=\"post\"\n\t\t\t\tdata-forminator-render=\"0\"\n\t\t\t\tdata-form-id=\"9968\"\n\t\t\t\t data-color-option=\"theme\" data-design=\"default\" data-grid=\"open\" style=\"display: none;\"\n\t\t\t\tdata-uid=\"69dedf7ea2a49\"\n\t\t\t><div role=\"alert\" aria-live=\"polite\" class=\"forminator-response-message forminator-error\" aria-hidden=\"true\"><\/div><div class=\"forminator-row\"><div id=\"name-1\" class=\"forminator-field-name forminator-col forminator-col-12 \"><div class=\"forminator-row forminator-no-margin\" data-multiple=\"true\"><div class=\"forminator-col forminator-col-md-6\"><div class=\"forminator-field\"><input type=\"text\" name=\"name-1-first-name\" placeholder=\"Vorname*\u00a0\" id=\"forminator-field-first-name-1_69dedf7ea2a49\" class=\"forminator-input\" aria-required=\"false\" data-multi=\"1\" autocomplete=\"given-name\" value=\"\" \/><\/div><\/div><div class=\"forminator-col forminator-col-md-6\"><div class=\"forminator-field\"><input type=\"text\" name=\"name-1-last-name\" placeholder=\"Nachname*\u00a0\u00a0\" id=\"forminator-field-last-name-1_69dedf7ea2a49\" class=\"forminator-input\" aria-required=\"false\" data-multi=\"1\" autocomplete=\"family-name\" value=\"\" \/><\/div><\/div><\/div><\/div><\/div><div class=\"forminator-row\"><div id=\"email-1\" class=\"forminator-field-email forminator-col forminator-col-6 \"><div class=\"forminator-field\"><input type=\"email\" name=\"email-1\" value=\"\" placeholder=\"E-Mail*\" id=\"forminator-field-email-1_69dedf7ea2a49\" class=\"forminator-input forminator-email--field\" data-required=\"\" aria-required=\"false\" autocomplete=\"email\" \/><\/div><\/div><div id=\"name-4\" class=\"forminator-field-name forminator-col forminator-col-6 \"><div class=\"forminator-field\"><input type=\"text\" name=\"name-4\" value=\"\" placeholder=\"Unternehmen*\" id=\"forminator-field-name-4_69dedf7ea2a49\" class=\"forminator-input forminator-name--field\" aria-required=\"false\" autocomplete=\"name\" \/><\/div><\/div><\/div><div class=\"forminator-row\"><div id=\"phone-1\" class=\"forminator-field-phone forminator-col forminator-col-6 \"><div class=\"forminator-field\"><input type=\"text\" name=\"phone-1\" value=\"\" placeholder=\"Telefonnummer*\u00a0\" id=\"forminator-field-phone-1_69dedf7ea2a49\" class=\"forminator-input forminator-field--phone\" data-required=\"\" aria-required=\"false\" autocomplete=\"off\" \/><\/div><\/div><div id=\"name-3\" class=\"forminator-field-name forminator-col forminator-col-6 \"><div class=\"forminator-field\"><input type=\"text\" name=\"name-3\" value=\"\" placeholder=\"Berufsbezeichnung\" id=\"forminator-field-name-3_69dedf7ea2a49\" class=\"forminator-input forminator-name--field\" aria-required=\"false\" autocomplete=\"name\" \/><\/div><\/div><\/div><div class=\"forminator-row\"><div id=\"textarea-1\" class=\"forminator-field-textarea forminator-col forminator-col-12 \"><div class=\"forminator-field\"><textarea name=\"textarea-1\" placeholder=\"Nachricht\" id=\"forminator-field-textarea-1_69dedf7ea2a49\" class=\"forminator-textarea\" rows=\"6\" style=\"min-height:140px;\" ><\/textarea><\/div><\/div><\/div><div class=\"forminator-row\"><div id=\"html-1\" class=\"forminator-field-html forminator-col forminator-col-12  form-field\"><div class=\"forminator-field forminator-merge-tags\" data-field=\"html-1\"><p><small><small>Acuredge verpflichtet sich, Ihre Privatsph\u00e4re zu sch\u00fctzen und zu respektieren. Wir verwenden Ihre personenbezogenen Daten ausschlie\u00dflich zur Verwaltung Ihres Kontos und zur Bereitstellung der von Ihnen angeforderten Produkte und Dienstleistungen. Von Zeit zu Zeit m\u00f6chten wir Sie \u00fcber unsere Produkte und Dienstleistungen sowie andere Inhalte informieren, die f\u00fcr Sie von Interesse sein k\u00f6nnten.<\/small><\/small><\/p><\/div><\/div><\/div><div class=\"forminator-row\"><div id=\"consent-1\" class=\"forminator-field-consent forminator-col forminator-col-12 \"><div class=\"forminator-field\"><div class=\"forminator-checkbox__wrapper\"><label id=\"forminator-field-consent-1_69dedf7ea2a49__label\" class=\"forminator-checkbox forminator-consent\"><input type=\"checkbox\" name=\"consent-1\" id=\"forminator-field-consent-1_69dedf7ea2a49\" value=\"checked\" aria-labelledby=\"forminator-field-consent-1_69dedf7ea2a49-label\" aria-describedby=\"forminator-field-consent-1_69dedf7ea2a49__description\" data-required=\"true\" aria-required=\"true\" \/><span class=\"forminator-checkbox-box\" aria-hidden=\"true\"><\/span><\/label><div id=\"forminator-field-consent-1_69dedf7ea2a49__description\" class=\"forminator-checkbox__label forminator-consent__label\"><p><strong>Ich bin damit einverstanden, weitere Mitteilungen von Acuredge zu erhalten.<\/strong><\/p><\/div><\/div><\/div><\/div><\/div><div class=\"forminator-row\"><div id=\"html-2\" class=\"forminator-field-html forminator-col forminator-col-12 \"><div class=\"forminator-field forminator-merge-tags\" data-field=\"html-2\"><div class=\"hs-richtext\">\n<p><small><small>Sie k\u00f6nnen diese Mitteilungen jederzeit abbestellen. Weitere Informationen zum Abbestellen finden Sie in unserer Datenschutzerkl\u00e4rung.<\/small><\/small><\/p>\n<p><small><small>Durch Klicken auf \u201eAbsenden\u201c stimmen Sie zu, dass Acuredge die oben angegebenen personenbezogenen Daten speichert und verarbeitet, um Ihnen die angeforderten Inhalte zur Verf\u00fcgung zu stellen.<\/small><\/small><\/p>\n<\/div><\/div><\/div><\/div><input type=\"hidden\" name=\"referer_url\" value=\"\" \/><div class=\"forminator-row forminator-row-last\"><div class=\"forminator-col\"><div class=\"forminator-field\"><button class=\"forminator-button forminator-button-submit\">Senden<\/button><\/div><\/div><\/div><input type=\"hidden\" id=\"forminator_nonce\" name=\"forminator_nonce\" value=\"63450a457f\" \/><input type=\"hidden\" name=\"_wp_http_referer\" value=\"\/de\/wp-json\/wp\/v2\/pages\/9825\" \/><input type=\"hidden\" name=\"form_id\" value=\"9968\"><input type=\"hidden\" name=\"page_id\" value=\"9825\"><input type=\"hidden\" name=\"form_type\" value=\"default\"><input type=\"hidden\" name=\"current_url\" value=\"https:\/\/acuredge.com\/de\/contact\/\"><input type=\"hidden\" name=\"render_id\" value=\"0\"><input type=\"hidden\" name=\"action\" value=\"forminator_submit_form_custom-forms\"><\/form><\/div>\n\n\t\t\t\t\t\t\n\t\t\t\t\t<\/div>\n\t\t\t\t\t<div class=\"bg d-none d-lg-block\"><\/div>\n\t\t\t\t<\/div>\n\t\t\t<\/div>\n\t\t<\/div>\n\t\t\n\t<\/div>\n\n\t\t\t<div class=\"modal fade\" id=\"contactFormSendingData\" tabindex=\"-1\" aria-labelledby=\"exampleModalLabel\" aria-hidden=\"true\" data-bs-backdrop=\"static\" data-bs-message=\"\">\n  <div class=\"modal-dialog modal-dialog-centered\">\n    <div class=\"modal-content\">\n\n      <div class=\"modal-body\">\n        \n      <\/div>\n      <div class=\"modal-footer\">\n        <a href=\"https:\/\/acuredge.com\/de\/\" class=\"btn btn-primary\"><span class=\"inner\">Back to home<\/span><\/a>\n      <\/div>\n    <\/div>\n  <\/div>\n\n  <div class=\"spinner\">\n    <i class=\"fal fa-circle-notch fa-4x fa-spin\"><\/i>\n  <\/div>\n\n<\/div>\t\t\n<\/div>\n\n","protected":false},"excerpt":{"rendered":"","protected":false},"author":3,"featured_media":0,"parent":0,"menu_order":80,"comment_status":"closed","ping_status":"closed","template":"","meta":{"_acf_changed":false,"footnotes":""},"class_list":["post-9825","page","type-page","status-publish","hentry"],"acf":[],"yoast_head":"<!-- This site is optimized with the Yoast SEO plugin v27.4 - https:\/\/yoast.com\/product\/yoast-seo-wordpress\/ -->\n<title>Get in touch with our Nearshore Services<\/title>\n<meta name=\"description\" content=\"Your business can lead a digital transformation. Talk to us and we will create a team for your projects through our Nearshore Portugal.\" \/>\n<meta name=\"robots\" content=\"index, follow, max-snippet:-1, max-image-preview:large, max-video-preview:-1\" \/>\n<link rel=\"canonical\" href=\"https:\/\/acuredge.com\/de\/contact\/\" \/>\n<meta property=\"og:locale\" content=\"de_DE\" \/>\n<meta property=\"og:type\" content=\"article\" \/>\n<meta property=\"og:title\" content=\"Get in touch with our Nearshore Services\" \/>\n<meta property=\"og:description\" content=\"Your business can lead a digital transformation. Talk to us and we will create a team for your projects through our Nearshore Portugal.\" \/>\n<meta property=\"og:url\" content=\"https:\/\/acuredge.com\/de\/contact\/\" \/>\n<meta property=\"og:site_name\" content=\"Acuredge\" \/>\n<meta property=\"article:modified_time\" content=\"2025-11-20T20:56:15+00:00\" \/>\n<meta property=\"og:image\" content=\"https:\/\/acuredge.com\/wp-content\/uploads\/2025\/08\/acuredge-logo.png\" \/>\n\t<meta property=\"og:image:width\" content=\"19644\" \/>\n\t<meta property=\"og:image:height\" content=\"5549\" \/>\n\t<meta property=\"og:image:type\" content=\"image\/png\" \/>\n<meta name=\"twitter:card\" content=\"summary_large_image\" \/>\n<script type=\"application\/ld+json\" class=\"yoast-schema-graph\">{\"@context\":\"https:\\\/\\\/schema.org\",\"@graph\":[{\"@type\":\"WebPage\",\"@id\":\"https:\\\/\\\/acuredge.com\\\/de\\\/contact\\\/\",\"url\":\"https:\\\/\\\/acuredge.com\\\/de\\\/contact\\\/\",\"name\":\"Get in touch with our Nearshore Services\",\"isPartOf\":{\"@id\":\"https:\\\/\\\/acuredge.com\\\/#website\"},\"datePublished\":\"2021-02-25T16:35:05+00:00\",\"dateModified\":\"2025-11-20T20:56:15+00:00\",\"description\":\"Your business can lead a digital transformation. Talk to us and we will create a team for your projects through our Nearshore Portugal.\",\"inLanguage\":\"de\",\"potentialAction\":[{\"@type\":\"ReadAction\",\"target\":[\"https:\\\/\\\/acuredge.com\\\/de\\\/contact\\\/\"]}]},{\"@type\":\"WebSite\",\"@id\":\"https:\\\/\\\/acuredge.com\\\/#website\",\"url\":\"https:\\\/\\\/acuredge.com\\\/\",\"name\":\"Acuredge\",\"description\":\"Solution GRC leader de Surveillance permanente des Risques et de la Conformit\u00e9 pour une performance durable\",\"publisher\":{\"@id\":\"https:\\\/\\\/acuredge.com\\\/#organization\"},\"potentialAction\":[{\"@type\":\"SearchAction\",\"target\":{\"@type\":\"EntryPoint\",\"urlTemplate\":\"https:\\\/\\\/acuredge.com\\\/?s={search_term_string}\"},\"query-input\":{\"@type\":\"PropertyValueSpecification\",\"valueRequired\":true,\"valueName\":\"search_term_string\"}}],\"inLanguage\":\"de\"},{\"@type\":\"Organization\",\"@id\":\"https:\\\/\\\/acuredge.com\\\/#organization\",\"name\":\"Acuredge\",\"url\":\"https:\\\/\\\/acuredge.com\\\/\",\"logo\":{\"@type\":\"ImageObject\",\"inLanguage\":\"de\",\"@id\":\"https:\\\/\\\/acuredge.com\\\/#\\\/schema\\\/logo\\\/image\\\/\",\"url\":\"https:\\\/\\\/acuredge.com\\\/wp-content\\\/uploads\\\/2025\\\/08\\\/acuredge-logo.png\",\"contentUrl\":\"https:\\\/\\\/acuredge.com\\\/wp-content\\\/uploads\\\/2025\\\/08\\\/acuredge-logo.png\",\"width\":19644,\"height\":5549,\"caption\":\"Acuredge\"},\"image\":{\"@id\":\"https:\\\/\\\/acuredge.com\\\/#\\\/schema\\\/logo\\\/image\\\/\"},\"sameAs\":[\"https:\\\/\\\/www.linkedin.com\\\/company\\\/acuredge\\\/about\\\/\"]}]}<\/script>\n<!-- \/ Yoast SEO plugin. -->","yoast_head_json":{"title":"Get in touch with our Nearshore Services","description":"Your business can lead a digital transformation. Talk to us and we will create a team for your projects through our Nearshore Portugal.","robots":{"index":"index","follow":"follow","max-snippet":"max-snippet:-1","max-image-preview":"max-image-preview:large","max-video-preview":"max-video-preview:-1"},"canonical":"https:\/\/acuredge.com\/de\/contact\/","og_locale":"de_DE","og_type":"article","og_title":"Get in touch with our Nearshore Services","og_description":"Your business can lead a digital transformation. Talk to us and we will create a team for your projects through our Nearshore Portugal.","og_url":"https:\/\/acuredge.com\/de\/contact\/","og_site_name":"Acuredge","article_modified_time":"2025-11-20T20:56:15+00:00","og_image":[{"width":19644,"height":5549,"url":"https:\/\/acuredge.com\/wp-content\/uploads\/2025\/08\/acuredge-logo.png","type":"image\/png"}],"twitter_card":"summary_large_image","schema":{"@context":"https:\/\/schema.org","@graph":[{"@type":"WebPage","@id":"https:\/\/acuredge.com\/de\/contact\/","url":"https:\/\/acuredge.com\/de\/contact\/","name":"Get in touch with our Nearshore Services","isPartOf":{"@id":"https:\/\/acuredge.com\/#website"},"datePublished":"2021-02-25T16:35:05+00:00","dateModified":"2025-11-20T20:56:15+00:00","description":"Your business can lead a digital transformation. Talk to us and we will create a team for your projects through our Nearshore Portugal.","inLanguage":"de","potentialAction":[{"@type":"ReadAction","target":["https:\/\/acuredge.com\/de\/contact\/"]}]},{"@type":"WebSite","@id":"https:\/\/acuredge.com\/#website","url":"https:\/\/acuredge.com\/","name":"Acuredge","description":"Solution GRC leader de Surveillance permanente des Risques et de la Conformit\u00e9 pour une performance durable","publisher":{"@id":"https:\/\/acuredge.com\/#organization"},"potentialAction":[{"@type":"SearchAction","target":{"@type":"EntryPoint","urlTemplate":"https:\/\/acuredge.com\/?s={search_term_string}"},"query-input":{"@type":"PropertyValueSpecification","valueRequired":true,"valueName":"search_term_string"}}],"inLanguage":"de"},{"@type":"Organization","@id":"https:\/\/acuredge.com\/#organization","name":"Acuredge","url":"https:\/\/acuredge.com\/","logo":{"@type":"ImageObject","inLanguage":"de","@id":"https:\/\/acuredge.com\/#\/schema\/logo\/image\/","url":"https:\/\/acuredge.com\/wp-content\/uploads\/2025\/08\/acuredge-logo.png","contentUrl":"https:\/\/acuredge.com\/wp-content\/uploads\/2025\/08\/acuredge-logo.png","width":19644,"height":5549,"caption":"Acuredge"},"image":{"@id":"https:\/\/acuredge.com\/#\/schema\/logo\/image\/"},"sameAs":["https:\/\/www.linkedin.com\/company\/acuredge\/about\/"]}]}},"_links":{"self":[{"href":"https:\/\/acuredge.com\/de\/wp-json\/wp\/v2\/pages\/9825","targetHints":{"allow":["GET"]}}],"collection":[{"href":"https:\/\/acuredge.com\/de\/wp-json\/wp\/v2\/pages"}],"about":[{"href":"https:\/\/acuredge.com\/de\/wp-json\/wp\/v2\/types\/page"}],"author":[{"embeddable":true,"href":"https:\/\/acuredge.com\/de\/wp-json\/wp\/v2\/users\/3"}],"replies":[{"embeddable":true,"href":"https:\/\/acuredge.com\/de\/wp-json\/wp\/v2\/comments?post=9825"}],"version-history":[{"count":20,"href":"https:\/\/acuredge.com\/de\/wp-json\/wp\/v2\/pages\/9825\/revisions"}],"predecessor-version":[{"id":9987,"href":"https:\/\/acuredge.com\/de\/wp-json\/wp\/v2\/pages\/9825\/revisions\/9987"}],"wp:attachment":[{"href":"https:\/\/acuredge.com\/de\/wp-json\/wp\/v2\/media?parent=9825"}],"curies":[{"name":"wp","href":"https:\/\/api.w.org\/{rel}","templated":true}]}}