{"id":9867,"date":"2025-08-28T13:20:59","date_gmt":"2025-08-28T11:20:59","guid":{"rendered":"https:\/\/acuredge.com\/assurance\/"},"modified":"2025-11-07T15:47:50","modified_gmt":"2025-11-07T14:47:50","slug":"assurance","status":"publish","type":"page","link":"https:\/\/acuredge.com\/de\/assurance\/","title":{"rendered":"Versicherung"},"content":{"rendered":"<header class=\"block header-page py-5 pb-xxl-6 \" id=\"block_a19ba4a6ab0293023815c8dcf5a3ce54\">\n\n\t<div class=\"content-wrapper\">\n\n\t\t<div class=\"container\">\n\n\t\t\t<div class=\"row mb-5\">\n\n\t\t\t\t<div class=\"col\">\n\n\t\t\t\t\t\n\t\t<nav id=\"breadcrumb\" typeof=\"BreadcrumbList\" vocab=\"https:\/\/schema.org\/\" class=\"\" aria-label=\"You are here:\">\n\n\t\t\t<span property=\"itemListElement\" typeof=\"ListItem\"><a property=\"item\" typeof=\"WebPage\" title=\"Go to Acuredge.\" href=\"https:\/\/acuredge.com\/de\/\" class=\"home\" ><span property=\"name\">Acuredge<\/span><\/a><meta property=\"position\" content=\"1\"><\/span><span class=\"separator\" aria-hidden=\"true\"><i class=\"fas fa-circle fa-xs\" data-fa-transform=\"shrink-8\"><\/i><\/span><span property=\"itemListElement\" typeof=\"ListItem\"><a property=\"item\" typeof=\"WebPage\" title=\"Go to News.\" href=\"https:\/\/acuredge.com\/de\/blog-nearshore\/\" class=\"post-root post post-post\" aria-current=\"page\"><span property=\"name\">News<\/span><\/a><meta property=\"position\" content=\"2\"><\/span>\n\t\t<\/nav>\n\n\n\t\t\t\t<\/div>\n\n\t\t\t<\/div>\n\n\n\t\t\t<div class=\"row\">\n\n\t\t\t\t<div class=\"col-xl-7\">\n\n\t\t\t\t\t<h1 class=\"header-title\">Sie m\u00f6chten die Verwaltung von Versicherungen und Schadensf\u00e4llen im Zusammenhang mit dem Risikomanagement optimieren.\n<\/h1>\n\n\t\t\t\t\t\n\t\t\t\t\t\n\t\t\t\t\t\t\n\t\t<a href=\"https:\/\/acuredge.com\/de\/contact\/\" target=\"_self\"  class=\"btn btn-arrow\">Kontaktieren Sie uns f\u00fcr weitere Informationen<span class=\"arrow\" aria-hidden=\"true\"><span class=\"arrow-inner\"><\/span><\/span><\/a>\n\t\n\t\t\t\t\t\n\t\t\t\t<\/div>\n\n\t\t\t<\/div>\n\n\t\t<\/div>\n\n\t<\/div>\n\n\t<div class=\"wrapper-image-bis\">\n\t\t<img loading=\"lazy\" decoding=\"async\" width=\"234\" height=\"234\" src=\"https:\/\/acuredge.com\/wp-content\/uploads\/2022\/05\/Offre-risque.png\" class=\"attachment-square_234 size-square_234\" alt=\"\" srcset=\"https:\/\/acuredge.com\/wp-content\/uploads\/2022\/05\/Offre-risque.png 4177w, https:\/\/acuredge.com\/wp-content\/uploads\/2022\/05\/Offre-risque-300x300.png 300w, https:\/\/acuredge.com\/wp-content\/uploads\/2022\/05\/Offre-risque-1296x1296.png 1296w, https:\/\/acuredge.com\/wp-content\/uploads\/2022\/05\/Offre-risque-150x150.png 150w, https:\/\/acuredge.com\/wp-content\/uploads\/2022\/05\/Offre-risque-768x768.png 768w, https:\/\/acuredge.com\/wp-content\/uploads\/2022\/05\/Offre-risque-1536x1536.png 1536w, https:\/\/acuredge.com\/wp-content\/uploads\/2022\/05\/Offre-risque-2048x2048.png 2048w\" sizes=\"auto, (max-width: 234px) 100vw, 234px\" \/>\t\t\t\n\t<\/div>\n\n\t<div class=\"wrapper-image\">\n\t\t<img loading=\"lazy\" decoding=\"async\" width=\"700\" height=\"700\" src=\"https:\/\/acuredge.com\/wp-content\/uploads\/2022\/05\/Offre-risque.png\" class=\"attachment-square_700 size-square_700\" alt=\"\" srcset=\"https:\/\/acuredge.com\/wp-content\/uploads\/2022\/05\/Offre-risque.png 4177w, https:\/\/acuredge.com\/wp-content\/uploads\/2022\/05\/Offre-risque-300x300.png 300w, https:\/\/acuredge.com\/wp-content\/uploads\/2022\/05\/Offre-risque-1296x1296.png 1296w, https:\/\/acuredge.com\/wp-content\/uploads\/2022\/05\/Offre-risque-150x150.png 150w, https:\/\/acuredge.com\/wp-content\/uploads\/2022\/05\/Offre-risque-768x768.png 768w, https:\/\/acuredge.com\/wp-content\/uploads\/2022\/05\/Offre-risque-1536x1536.png 1536w, https:\/\/acuredge.com\/wp-content\/uploads\/2022\/05\/Offre-risque-2048x2048.png 2048w\" sizes=\"auto, (max-width: 700px) 100vw, 700px\" \/>\t\t\n\t<\/div>\n\n<\/header>\n\n<div class=\"block list-pictos py-6  bg-light \" id=\"block_4e8245b72f9a76ea85449d65f6122ebe\">\n\n\t<div class=\"container\">\n\n\t\t<div class=\"row mb-5 justify-content-center\">\n\n\t\t\t<div class=\"col-lg-8 col-xl-6 text-center\">\n\n\t\t\t\t\n  \n                                    <h2 class=\"block-title lp-reveal-top\">\n                    \t                \t<strong>Acuredge Assurance<\/strong> erm\u00f6glicht die Erfassung von Versicherungswerten, die Verwaltung von Programmen, Policen und Versicherungspr\u00e4mien sowie die Erfassung von Schadensf\u00e4llen im Zusammenhang mit dem Risikomanagement.\n<\/h2>\n                \n                \n\t\t\t<\/div>\n\n\t\t<\/div>\n\n\n\t\t\n\t\t    <div class=\"row gy-6 justify-content-between\">\n\n\t\t    \n\t\t        <div class=\"col-lg-6 col-xl-5\">\n\n\t\t        \t<div class=\"row-list align-items-center\">\n\n\t\t        \t\t<div class=\"me-lg-4\">\n\n\t\t\t        \t\t<div class=\"circle\">\n\n\t\t\t\t\t\t\t\t<i class=\"fal fa-analytics fa-3x text-primary mb-3\" aria-hidden=\"true\"><\/i>\n\t\t\t\t\t\t\t\t<h3 class=\"title\"><strong>Versicherbare Werte erfassen<\/strong>\n<\/h3>\n\n\t\t\t        \t\t<\/div>\n\n\t\t\t        \t<\/div>\n\n\t\t\t        \t<div>\n\t\t\t\t        \t\t\t\t        \t\t<p class=\"text-center text-lg-start mb-0 text\">Die L\u00f6sung erm\u00f6glicht die Erstellung von Indikatoren und die Verwaltung von Erfassungskampagnen f\u00fcr versicherbare Werte in den verschiedenen Einheiten.\r\nKonsistenzpr\u00fcfungen bei der Eingabe tragen zur Verbesserung der Qualit\u00e4t der erfassten Daten bei.<\/p>\n\t\t\t        \t\t\n\t\t\t        \t\t\t\t\t        \t<\/div>\n\n\t\t        \t<\/div>\n\n\t\t        <\/div>\n\n\t\t    \n\t\t        <div class=\"col-lg-6 col-xl-5\">\n\n\t\t        \t<div class=\"row-list align-items-center\">\n\n\t\t        \t\t<div class=\"me-lg-4\">\n\n\t\t\t        \t\t<div class=\"circle\">\n\n\t\t\t\t\t\t\t\t<i class=\"fal fa-file-contract fa-3x text-primary mb-3\" aria-hidden=\"true\"><\/i>\n\t\t\t\t\t\t\t\t<h3 class=\"title\"><strong>Programme, Policen und Pr\u00e4mien verwalten<\/strong>\n<\/h3>\n\n\t\t\t        \t\t<\/div>\n\n\t\t\t        \t<\/div>\n\n\t\t\t        \t<div>\n\t\t\t\t        \t\t\t\t        \t\t<p class=\"text-center text-lg-start mb-0 text\">Es ist m\u00f6glich, Programme, Policen und Pr\u00e4mien nach Versicherungsart zu verwalten und sie mit Referenzdatenbanken von Versicherern, Maklern und Risiken zu verkn\u00fcpfen.<\/p>\n\t\t\t        \t\t\n\t\t\t        \t\t\t\t\t        \t<\/div>\n\n\t\t        \t<\/div>\n\n\t\t        <\/div>\n\n\t\t    \n\t\t        <div class=\"col-lg-6 col-xl-5\">\n\n\t\t        \t<div class=\"row-list align-items-center\">\n\n\t\t        \t\t<div class=\"me-lg-4\">\n\n\t\t\t        \t\t<div class=\"circle\">\n\n\t\t\t\t\t\t\t\t<i class=\"fal fa-database fa-3x text-primary mb-3\" aria-hidden=\"true\"><\/i>\n\t\t\t\t\t\t\t\t<h3 class=\"title\"><strong>Schadensf\u00e4lle erfassen und verfolgen<\/strong>\n<\/h3>\n\n\t\t\t        \t\t<\/div>\n\n\t\t\t        \t<\/div>\n\n\t\t\t        \t<div>\n\t\t\t\t        \t\t\t\t        \t\t<p class=\"text-center text-lg-start mb-0 text\">Die L\u00f6sung erm\u00f6glicht es, Schadensf\u00e4lle in Verbindung mit Versicherungen und Risiken zu erstellen, die damit verbundenen Brutto- und Nettoverluste zu berechnen und deren Bearbeitung \u00fcber einen konfigurierbaren Workflow zu verfolgen.<\/p>\n\t\t\t        \t\t\n\t\t\t        \t\t\t\t\t        \t<\/div>\n\n\t\t        \t<\/div>\n\n\t\t        <\/div>\n\n\t\t    \n\t\t    <\/div>\n\n\t\t\t\t\n\n\t<\/div>\n\n<\/div>","protected":false},"excerpt":{"rendered":"","protected":false},"author":1,"featured_media":9760,"parent":0,"menu_order":0,"comment_status":"closed","ping_status":"closed","template":"","meta":{"_acf_changed":false,"footnotes":""},"class_list":["post-9867","page","type-page","status-publish","has-post-thumbnail","hentry"],"acf":[],"yoast_head":"<!-- This site is optimized with the Yoast SEO plugin v27.4 - https:\/\/yoast.com\/product\/yoast-seo-wordpress\/ -->\n<title>Versicherung - Nearshore Services<\/title>\n<meta name=\"description\" content=\"Our Nearshore Centre can transform your business, using the most diverse technologies to accelerate your project.\" \/>\n<meta name=\"robots\" content=\"index, follow, max-snippet:-1, max-image-preview:large, max-video-preview:-1\" \/>\n<link rel=\"canonical\" href=\"https:\/\/acuredge.com\/de\/assurance\/\" \/>\n<meta property=\"og:locale\" content=\"de_DE\" \/>\n<meta property=\"og:type\" content=\"article\" \/>\n<meta property=\"og:title\" content=\"Versicherung - Nearshore Services\" \/>\n<meta property=\"og:description\" content=\"Our Nearshore Centre can transform your business, using the most diverse technologies to accelerate your project.\" \/>\n<meta property=\"og:url\" content=\"https:\/\/acuredge.com\/de\/assurance\/\" \/>\n<meta property=\"og:site_name\" content=\"Acuredge\" \/>\n<meta property=\"article:modified_time\" content=\"2025-11-07T14:47:50+00:00\" \/>\n<meta property=\"og:image\" content=\"https:\/\/acuredge.com\/wp-content\/uploads\/2022\/05\/Offre-risque-1296x1296.png\" \/>\n\t<meta property=\"og:image:width\" content=\"1296\" \/>\n\t<meta property=\"og:image:height\" content=\"1296\" \/>\n\t<meta property=\"og:image:type\" content=\"image\/png\" \/>\n<meta name=\"twitter:card\" content=\"summary_large_image\" \/>\n<meta name=\"twitter:label1\" content=\"Gesch\u00e4tzte Lesezeit\" \/>\n\t<meta name=\"twitter:data1\" content=\"1\u00a0Minute\" \/>\n<script type=\"application\/ld+json\" class=\"yoast-schema-graph\">{\"@context\":\"https:\\\/\\\/schema.org\",\"@graph\":[{\"@type\":\"WebPage\",\"@id\":\"https:\\\/\\\/acuredge.com\\\/de\\\/assurance\\\/\",\"url\":\"https:\\\/\\\/acuredge.com\\\/de\\\/assurance\\\/\",\"name\":\"Versicherung - Nearshore Services\",\"isPartOf\":{\"@id\":\"https:\\\/\\\/acuredge.com\\\/#website\"},\"primaryImageOfPage\":{\"@id\":\"https:\\\/\\\/acuredge.com\\\/de\\\/assurance\\\/#primaryimage\"},\"image\":{\"@id\":\"https:\\\/\\\/acuredge.com\\\/de\\\/assurance\\\/#primaryimage\"},\"thumbnailUrl\":\"https:\\\/\\\/acuredge.com\\\/wp-content\\\/uploads\\\/2022\\\/05\\\/Offre-risque.png\",\"datePublished\":\"2025-08-28T11:20:59+00:00\",\"dateModified\":\"2025-11-07T14:47:50+00:00\",\"description\":\"Our Nearshore Centre can transform your business, using the most diverse technologies to accelerate your project.\",\"inLanguage\":\"de\",\"potentialAction\":[{\"@type\":\"ReadAction\",\"target\":[\"https:\\\/\\\/acuredge.com\\\/de\\\/assurance\\\/\"]}]},{\"@type\":\"ImageObject\",\"inLanguage\":\"de\",\"@id\":\"https:\\\/\\\/acuredge.com\\\/de\\\/assurance\\\/#primaryimage\",\"url\":\"https:\\\/\\\/acuredge.com\\\/wp-content\\\/uploads\\\/2022\\\/05\\\/Offre-risque.png\",\"contentUrl\":\"https:\\\/\\\/acuredge.com\\\/wp-content\\\/uploads\\\/2022\\\/05\\\/Offre-risque.png\",\"width\":4177,\"height\":4177},{\"@type\":\"WebSite\",\"@id\":\"https:\\\/\\\/acuredge.com\\\/#website\",\"url\":\"https:\\\/\\\/acuredge.com\\\/\",\"name\":\"Acuredge\",\"description\":\"Solution GRC leader de Surveillance permanente des Risques et de la Conformit\u00e9 pour une performance durable\",\"publisher\":{\"@id\":\"https:\\\/\\\/acuredge.com\\\/#organization\"},\"potentialAction\":[{\"@type\":\"SearchAction\",\"target\":{\"@type\":\"EntryPoint\",\"urlTemplate\":\"https:\\\/\\\/acuredge.com\\\/?s={search_term_string}\"},\"query-input\":{\"@type\":\"PropertyValueSpecification\",\"valueRequired\":true,\"valueName\":\"search_term_string\"}}],\"inLanguage\":\"de\"},{\"@type\":\"Organization\",\"@id\":\"https:\\\/\\\/acuredge.com\\\/#organization\",\"name\":\"Acuredge\",\"url\":\"https:\\\/\\\/acuredge.com\\\/\",\"logo\":{\"@type\":\"ImageObject\",\"inLanguage\":\"de\",\"@id\":\"https:\\\/\\\/acuredge.com\\\/#\\\/schema\\\/logo\\\/image\\\/\",\"url\":\"https:\\\/\\\/acuredge.com\\\/wp-content\\\/uploads\\\/2025\\\/08\\\/acuredge-logo.png\",\"contentUrl\":\"https:\\\/\\\/acuredge.com\\\/wp-content\\\/uploads\\\/2025\\\/08\\\/acuredge-logo.png\",\"width\":19644,\"height\":5549,\"caption\":\"Acuredge\"},\"image\":{\"@id\":\"https:\\\/\\\/acuredge.com\\\/#\\\/schema\\\/logo\\\/image\\\/\"},\"sameAs\":[\"https:\\\/\\\/www.linkedin.com\\\/company\\\/acuredge\\\/about\\\/\"]}]}<\/script>\n<!-- \/ Yoast SEO plugin. -->","yoast_head_json":{"title":"Versicherung - Nearshore Services","description":"Our Nearshore Centre can transform your business, using the most diverse technologies to accelerate your project.","robots":{"index":"index","follow":"follow","max-snippet":"max-snippet:-1","max-image-preview":"max-image-preview:large","max-video-preview":"max-video-preview:-1"},"canonical":"https:\/\/acuredge.com\/de\/assurance\/","og_locale":"de_DE","og_type":"article","og_title":"Versicherung - Nearshore Services","og_description":"Our Nearshore Centre can transform your business, using the most diverse technologies to accelerate your project.","og_url":"https:\/\/acuredge.com\/de\/assurance\/","og_site_name":"Acuredge","article_modified_time":"2025-11-07T14:47:50+00:00","og_image":[{"width":1296,"height":1296,"url":"https:\/\/acuredge.com\/wp-content\/uploads\/2022\/05\/Offre-risque-1296x1296.png","type":"image\/png"}],"twitter_card":"summary_large_image","twitter_misc":{"Gesch\u00e4tzte Lesezeit":"1\u00a0Minute"},"schema":{"@context":"https:\/\/schema.org","@graph":[{"@type":"WebPage","@id":"https:\/\/acuredge.com\/de\/assurance\/","url":"https:\/\/acuredge.com\/de\/assurance\/","name":"Versicherung - Nearshore Services","isPartOf":{"@id":"https:\/\/acuredge.com\/#website"},"primaryImageOfPage":{"@id":"https:\/\/acuredge.com\/de\/assurance\/#primaryimage"},"image":{"@id":"https:\/\/acuredge.com\/de\/assurance\/#primaryimage"},"thumbnailUrl":"https:\/\/acuredge.com\/wp-content\/uploads\/2022\/05\/Offre-risque.png","datePublished":"2025-08-28T11:20:59+00:00","dateModified":"2025-11-07T14:47:50+00:00","description":"Our Nearshore Centre can transform your business, using the most diverse technologies to accelerate your project.","inLanguage":"de","potentialAction":[{"@type":"ReadAction","target":["https:\/\/acuredge.com\/de\/assurance\/"]}]},{"@type":"ImageObject","inLanguage":"de","@id":"https:\/\/acuredge.com\/de\/assurance\/#primaryimage","url":"https:\/\/acuredge.com\/wp-content\/uploads\/2022\/05\/Offre-risque.png","contentUrl":"https:\/\/acuredge.com\/wp-content\/uploads\/2022\/05\/Offre-risque.png","width":4177,"height":4177},{"@type":"WebSite","@id":"https:\/\/acuredge.com\/#website","url":"https:\/\/acuredge.com\/","name":"Acuredge","description":"Solution GRC leader de Surveillance permanente des Risques et de la Conformit\u00e9 pour une performance durable","publisher":{"@id":"https:\/\/acuredge.com\/#organization"},"potentialAction":[{"@type":"SearchAction","target":{"@type":"EntryPoint","urlTemplate":"https:\/\/acuredge.com\/?s={search_term_string}"},"query-input":{"@type":"PropertyValueSpecification","valueRequired":true,"valueName":"search_term_string"}}],"inLanguage":"de"},{"@type":"Organization","@id":"https:\/\/acuredge.com\/#organization","name":"Acuredge","url":"https:\/\/acuredge.com\/","logo":{"@type":"ImageObject","inLanguage":"de","@id":"https:\/\/acuredge.com\/#\/schema\/logo\/image\/","url":"https:\/\/acuredge.com\/wp-content\/uploads\/2025\/08\/acuredge-logo.png","contentUrl":"https:\/\/acuredge.com\/wp-content\/uploads\/2025\/08\/acuredge-logo.png","width":19644,"height":5549,"caption":"Acuredge"},"image":{"@id":"https:\/\/acuredge.com\/#\/schema\/logo\/image\/"},"sameAs":["https:\/\/www.linkedin.com\/company\/acuredge\/about\/"]}]}},"_links":{"self":[{"href":"https:\/\/acuredge.com\/de\/wp-json\/wp\/v2\/pages\/9867","targetHints":{"allow":["GET"]}}],"collection":[{"href":"https:\/\/acuredge.com\/de\/wp-json\/wp\/v2\/pages"}],"about":[{"href":"https:\/\/acuredge.com\/de\/wp-json\/wp\/v2\/types\/page"}],"author":[{"embeddable":true,"href":"https:\/\/acuredge.com\/de\/wp-json\/wp\/v2\/users\/1"}],"replies":[{"embeddable":true,"href":"https:\/\/acuredge.com\/de\/wp-json\/wp\/v2\/comments?post=9867"}],"version-history":[{"count":2,"href":"https:\/\/acuredge.com\/de\/wp-json\/wp\/v2\/pages\/9867\/revisions"}],"predecessor-version":[{"id":9871,"href":"https:\/\/acuredge.com\/de\/wp-json\/wp\/v2\/pages\/9867\/revisions\/9871"}],"wp:featuredmedia":[{"embeddable":true,"href":"https:\/\/acuredge.com\/de\/wp-json\/wp\/v2\/media\/9760"}],"wp:attachment":[{"href":"https:\/\/acuredge.com\/de\/wp-json\/wp\/v2\/media?parent=9867"}],"curies":[{"name":"wp","href":"https:\/\/api.w.org\/{rel}","templated":true}]}}