{"id":4038,"date":"2021-05-25T12:12:20","date_gmt":"2021-05-25T12:12:20","guid":{"rendered":"https:\/\/acuredge.com\/?page_id=4038"},"modified":"2021-05-25T16:41:59","modified_gmt":"2021-05-25T16:41:59","slug":"legal-notice","status":"publish","type":"page","link":"https:\/\/acuredge.com\/en\/legal-notice\/","title":{"rendered":"Legal Notice"},"content":{"rendered":"<div class=\"block text py-6 bg-white \" id=\"block_60ace9258afce\">\n\n\t<div class=\"container\">\n\n\t\t<div class=\"row \">\n\n\t\t\t<div class=\"col lp-reveal-top\">\n\n                <div class=\"wysiwyg\">\n\n                    \n\t\t\t\t    <h2><b>This website is edited by:<\/b><\/h2>\n<h3>Devoteam S.A<\/h3>\n<p>Soci\u00e9t\u00e9 anonyme \u00e0 directoire et Conseil de Surveillance au capital de \u00a01 263 014,93 \u20ac<\/p>\n<p>RCS Nanterre sous le num\u00e9ro 402 968 655<\/p>\n<p>Si\u00e8ge social\/HQ: 73 Rue Anatole France 92300 Levallois-Perret<\/p>\n<p>Email: communication@devoteam.com<\/p>\n<p>Tel: 01 41 49 48 48<\/p>\n<p>Publication Director: Michael Rolland<\/p>\n<p>H\u00e9bergement\/ISP: Microsoft Azure Ireland \u2013 Building 3, Carmanhall Road, Sandyford Industrial Estate, Dublin 18, Ireland<\/p>\n<p>&nbsp;<\/p>\n<h3>Acknowledgement<\/h3>\n<p>Direction: Devoteam<\/p>\n<p>Pictures: Eric Malemanche \u2013 Adobe Stock, Unslpash<\/p>\n\n                    \n\n\n\n\n\n                <\/div>\n\n\t\t\t<\/div>\n\t\t<\/div>\n\n\t<\/div>\n\n<\/div>","protected":false},"excerpt":{"rendered":"","protected":false},"author":5,"featured_media":0,"parent":0,"menu_order":210,"comment_status":"closed","ping_status":"closed","template":"","meta":{"_acf_changed":false,"footnotes":""},"class_list":["post-4038","page","type-page","status-publish","hentry"],"acf":[],"yoast_head":"<!-- This site is optimized with the Yoast SEO plugin v27.5 - https:\/\/yoast.com\/product\/yoast-seo-wordpress\/ -->\n<title>Legal Notice - Acuredge<\/title>\n<meta name=\"robots\" content=\"index, follow, max-snippet:-1, max-image-preview:large, max-video-preview:-1\" \/>\n<link rel=\"canonical\" href=\"https:\/\/acuredge.com\/legal-notice\/\" \/>\n<meta property=\"og:locale\" content=\"en_US\" \/>\n<meta property=\"og:type\" content=\"article\" \/>\n<meta property=\"og:title\" content=\"Legal Notice - Acuredge\" \/>\n<meta property=\"og:url\" content=\"https:\/\/acuredge.com\/legal-notice\/\" \/>\n<meta property=\"og:site_name\" content=\"Acuredge\" \/>\n<meta property=\"article:modified_time\" content=\"2021-05-25T16:41:59+00:00\" \/>\n<meta property=\"og:image\" content=\"https:\/\/acuredge.com\/wp-content\/uploads\/2025\/08\/acuredge-logo.png\" \/>\n\t<meta property=\"og:image:width\" content=\"19644\" \/>\n\t<meta property=\"og:image:height\" content=\"5549\" \/>\n\t<meta property=\"og:image:type\" content=\"image\/png\" \/>\n<meta name=\"twitter:card\" content=\"summary_large_image\" \/>\n<script type=\"application\/ld+json\" class=\"yoast-schema-graph\">{\"@context\":\"https:\\\/\\\/schema.org\",\"@graph\":[{\"@type\":\"WebPage\",\"@id\":\"https:\\\/\\\/acuredge.com\\\/legal-notice\\\/\",\"url\":\"https:\\\/\\\/acuredge.com\\\/legal-notice\\\/\",\"name\":\"Legal Notice - Acuredge\",\"isPartOf\":{\"@id\":\"https:\\\/\\\/acuredge.com\\\/#website\"},\"datePublished\":\"2021-05-25T12:12:20+00:00\",\"dateModified\":\"2021-05-25T16:41:59+00:00\",\"inLanguage\":\"en-US\",\"potentialAction\":[{\"@type\":\"ReadAction\",\"target\":[\"https:\\\/\\\/acuredge.com\\\/legal-notice\\\/\"]}]},{\"@type\":\"WebSite\",\"@id\":\"https:\\\/\\\/acuredge.com\\\/#website\",\"url\":\"https:\\\/\\\/acuredge.com\\\/\",\"name\":\"Acuredge\",\"description\":\"Solution GRC leader de Surveillance permanente des Risques et de la Conformit\u00e9 pour une performance durable\",\"publisher\":{\"@id\":\"https:\\\/\\\/acuredge.com\\\/#organization\"},\"potentialAction\":[{\"@type\":\"SearchAction\",\"target\":{\"@type\":\"EntryPoint\",\"urlTemplate\":\"https:\\\/\\\/acuredge.com\\\/?s={search_term_string}\"},\"query-input\":{\"@type\":\"PropertyValueSpecification\",\"valueRequired\":true,\"valueName\":\"search_term_string\"}}],\"inLanguage\":\"en-US\"},{\"@type\":\"Organization\",\"@id\":\"https:\\\/\\\/acuredge.com\\\/#organization\",\"name\":\"Acuredge\",\"url\":\"https:\\\/\\\/acuredge.com\\\/\",\"logo\":{\"@type\":\"ImageObject\",\"inLanguage\":\"en-US\",\"@id\":\"https:\\\/\\\/acuredge.com\\\/#\\\/schema\\\/logo\\\/image\\\/\",\"url\":\"https:\\\/\\\/acuredge.com\\\/wp-content\\\/uploads\\\/2025\\\/08\\\/acuredge-logo.png\",\"contentUrl\":\"https:\\\/\\\/acuredge.com\\\/wp-content\\\/uploads\\\/2025\\\/08\\\/acuredge-logo.png\",\"width\":19644,\"height\":5549,\"caption\":\"Acuredge\"},\"image\":{\"@id\":\"https:\\\/\\\/acuredge.com\\\/#\\\/schema\\\/logo\\\/image\\\/\"},\"sameAs\":[\"https:\\\/\\\/www.linkedin.com\\\/company\\\/acuredge\\\/about\\\/\"]}]}<\/script>\n<!-- \/ Yoast SEO plugin. -->","yoast_head_json":{"title":"Legal Notice - Acuredge","robots":{"index":"index","follow":"follow","max-snippet":"max-snippet:-1","max-image-preview":"max-image-preview:large","max-video-preview":"max-video-preview:-1"},"canonical":"https:\/\/acuredge.com\/legal-notice\/","og_locale":"en_US","og_type":"article","og_title":"Legal Notice - Acuredge","og_url":"https:\/\/acuredge.com\/legal-notice\/","og_site_name":"Acuredge","article_modified_time":"2021-05-25T16:41:59+00:00","og_image":[{"width":19644,"height":5549,"url":"https:\/\/acuredge.com\/wp-content\/uploads\/2025\/08\/acuredge-logo.png","type":"image\/png"}],"twitter_card":"summary_large_image","schema":{"@context":"https:\/\/schema.org","@graph":[{"@type":"WebPage","@id":"https:\/\/acuredge.com\/legal-notice\/","url":"https:\/\/acuredge.com\/legal-notice\/","name":"Legal Notice - Acuredge","isPartOf":{"@id":"https:\/\/acuredge.com\/#website"},"datePublished":"2021-05-25T12:12:20+00:00","dateModified":"2021-05-25T16:41:59+00:00","inLanguage":"en-US","potentialAction":[{"@type":"ReadAction","target":["https:\/\/acuredge.com\/legal-notice\/"]}]},{"@type":"WebSite","@id":"https:\/\/acuredge.com\/#website","url":"https:\/\/acuredge.com\/","name":"Acuredge","description":"Solution GRC leader de Surveillance permanente des Risques et de la Conformit\u00e9 pour une performance durable","publisher":{"@id":"https:\/\/acuredge.com\/#organization"},"potentialAction":[{"@type":"SearchAction","target":{"@type":"EntryPoint","urlTemplate":"https:\/\/acuredge.com\/?s={search_term_string}"},"query-input":{"@type":"PropertyValueSpecification","valueRequired":true,"valueName":"search_term_string"}}],"inLanguage":"en-US"},{"@type":"Organization","@id":"https:\/\/acuredge.com\/#organization","name":"Acuredge","url":"https:\/\/acuredge.com\/","logo":{"@type":"ImageObject","inLanguage":"en-US","@id":"https:\/\/acuredge.com\/#\/schema\/logo\/image\/","url":"https:\/\/acuredge.com\/wp-content\/uploads\/2025\/08\/acuredge-logo.png","contentUrl":"https:\/\/acuredge.com\/wp-content\/uploads\/2025\/08\/acuredge-logo.png","width":19644,"height":5549,"caption":"Acuredge"},"image":{"@id":"https:\/\/acuredge.com\/#\/schema\/logo\/image\/"},"sameAs":["https:\/\/www.linkedin.com\/company\/acuredge\/about\/"]}]}},"_links":{"self":[{"href":"https:\/\/acuredge.com\/en\/wp-json\/wp\/v2\/pages\/4038","targetHints":{"allow":["GET"]}}],"collection":[{"href":"https:\/\/acuredge.com\/en\/wp-json\/wp\/v2\/pages"}],"about":[{"href":"https:\/\/acuredge.com\/en\/wp-json\/wp\/v2\/types\/page"}],"author":[{"embeddable":true,"href":"https:\/\/acuredge.com\/en\/wp-json\/wp\/v2\/users\/5"}],"replies":[{"embeddable":true,"href":"https:\/\/acuredge.com\/en\/wp-json\/wp\/v2\/comments?post=4038"}],"version-history":[{"count":10,"href":"https:\/\/acuredge.com\/en\/wp-json\/wp\/v2\/pages\/4038\/revisions"}],"predecessor-version":[{"id":4083,"href":"https:\/\/acuredge.com\/en\/wp-json\/wp\/v2\/pages\/4038\/revisions\/4083"}],"wp:attachment":[{"href":"https:\/\/acuredge.com\/en\/wp-json\/wp\/v2\/media?parent=4038"}],"curies":[{"name":"wp","href":"https:\/\/api.w.org\/{rel}","templated":true}]}}